{"id":742468,"date":"2025-03-03T18:20:25","date_gmt":"2025-03-03T17:20:25","guid":{"rendered":"https:\/\/stoic-curie.212-227-153-4.plesk.page\/producto\/jakna-helly-hansen-pier-3-0-plava-velicina-xl\/"},"modified":"2026-02-25T00:01:00","modified_gmt":"2026-02-25T00:01:00","slug":"jakna-helly-hansen-pier-3-0-plava-velicina-xl","status":"publish","type":"product","link":"https:\/\/stoic-curie.212-227-153-4.plesk.page\/hr\/product\/jakna-helly-hansen-pier-3-0-plava-velicina-xl\/","title":{"rendered":"Jakna Helly Hansen Pier 3.0 Plava &#8211; Velicina XL"},"content":{"rendered":"<p>Jakna Helly Hansen Pier 3.0 Plava &#8211; Velicina XL &#8211; <\/p>\n<p>Helly Hansen Pier 3.0 jakna je idealna za sve aktivnosti na obali ili na plovilu. S HellyTech Performance dvoslojnim sastavom, jakna je tretirana konstrukcijom otpornom na vodu (DWR) koja je vodootporna, vjetrootporna i prozra\u010dna. Jakna ima potpuno zape\u010da\u0107ene \u0161avove, brzosu\u0161e\u0107i mre\u017easti podstavu, oli\u010davanje vjetra, dvostruko podesive man\u017eete, podesivu donji rub i struk, d\u017eepove za grijanje ruku, oblikovane rukave, visoki za\u0161titni ovratnik od flisa, EN471 visoko vidljivu podesivu kapulja\u010du i reflektivne elemente u skladu s Solasom.<\/p>\n","protected":false},"excerpt":{"rendered":"<p>Jakna Helly Hansen Pier 3.0 Plava &#8211; Velicina XL &#8211; Helly Hansen Pier 3.0 jakna je idealna za sve aktivnosti<\/p>\n","protected":false},"featured_media":5943810,"comment_status":"open","ping_status":"closed","template":"","meta":[],"product_brand":[3001],"product_cat":[1857],"product_tag":[],"class_list":{"0":"post-742468","1":"product","2":"type-product","3":"status-publish","4":"has-post-thumbnail","6":"product_brand-helly-hansen-hr","7":"product_cat-jedrilicarska-odjeca-helly-hansen","9":"first","10":"instock","11":"shipping-taxable","12":"purchasable","13":"product-type-simple"},"_links":{"self":[{"href":"https:\/\/stoic-curie.212-227-153-4.plesk.page\/hr\/wp-json\/wp\/v2\/product\/742468","targetHints":{"allow":["GET"]}}],"collection":[{"href":"https:\/\/stoic-curie.212-227-153-4.plesk.page\/hr\/wp-json\/wp\/v2\/product"}],"about":[{"href":"https:\/\/stoic-curie.212-227-153-4.plesk.page\/hr\/wp-json\/wp\/v2\/types\/product"}],"replies":[{"embeddable":true,"href":"https:\/\/stoic-curie.212-227-153-4.plesk.page\/hr\/wp-json\/wp\/v2\/comments?post=742468"}],"version-history":[{"count":0,"href":"https:\/\/stoic-curie.212-227-153-4.plesk.page\/hr\/wp-json\/wp\/v2\/product\/742468\/revisions"}],"wp:featuredmedia":[{"embeddable":true,"href":"https:\/\/stoic-curie.212-227-153-4.plesk.page\/hr\/wp-json\/wp\/v2\/media\/5943810"}],"wp:attachment":[{"href":"https:\/\/stoic-curie.212-227-153-4.plesk.page\/hr\/wp-json\/wp\/v2\/media?parent=742468"}],"wp:term":[{"taxonomy":"product_brand","embeddable":true,"href":"https:\/\/stoic-curie.212-227-153-4.plesk.page\/hr\/wp-json\/wp\/v2\/product_brand?post=742468"},{"taxonomy":"product_cat","embeddable":true,"href":"https:\/\/stoic-curie.212-227-153-4.plesk.page\/hr\/wp-json\/wp\/v2\/product_cat?post=742468"},{"taxonomy":"product_tag","embeddable":true,"href":"https:\/\/stoic-curie.212-227-153-4.plesk.page\/hr\/wp-json\/wp\/v2\/product_tag?post=742468"}],"curies":[{"name":"wp","href":"https:\/\/api.w.org\/{rel}","templated":true}]}}