{"id":742471,"date":"2025-03-03T18:20:26","date_gmt":"2025-03-03T17:20:26","guid":{"rendered":"https:\/\/stoic-curie.212-227-153-4.plesk.page\/producto\/jedrilicarske-hlace-helly-hansen-pier-2-siva-velicina-xl\/"},"modified":"2026-02-25T00:01:00","modified_gmt":"2026-02-25T00:01:00","slug":"jedrilicarske-hlace-helly-hansen-pier-2-siva-velicina-xl","status":"publish","type":"product","link":"https:\/\/stoic-curie.212-227-153-4.plesk.page\/hr\/product\/jedrilicarske-hlace-helly-hansen-pier-2-siva-velicina-xl\/","title":{"rendered":"Jedrili\u010darske hla\u010de Helly Hansen Pier 2 Siva &#8211; Velicina XL"},"content":{"rendered":"<p>Jedrili\u010darske hla\u010de Helly Hansen Pier 2 Siva &#8211; Velicina XL &#8211; <\/p>\n<p>Helly Hansen Pier 3.0 hla\u010de su idealne za svaku obalnu ili \u010dam\u010darsku aktivnost. S HellyTech Performance dvojakim materijalom, ove hla\u010de su otporne na vodu (DWR), vodootporne, vjetrootporne i prozra\u010dne. Imaju potpuno zape\u010da\u0107ene \u0161avove, brzo su\u0161e\u0107u mre\u017enu oblogu, oja\u010danja na donjem dijelu le\u0111a i koljenima, visoki stra\u017enji dio s podesivim naramenicama, podesiv pojas, prednji dvokrilni patentni zatvara\u010d, cargo d\u017eep, podesive otvore za noge i artikulirani dio za stra\u017enjicu i koljena.<\/p>\n","protected":false},"excerpt":{"rendered":"<p>Jedrili\u010darske hla\u010de Helly Hansen Pier 2 Siva &#8211; Velicina XL &#8211; Helly Hansen Pier 3.0 hla\u010de su idealne za svaku<\/p>\n","protected":false},"featured_media":5942751,"comment_status":"open","ping_status":"closed","template":"","meta":[],"product_brand":[3001],"product_cat":[1857],"product_tag":[],"class_list":{"0":"post-742471","1":"product","2":"type-product","3":"status-publish","4":"has-post-thumbnail","6":"product_brand-helly-hansen-hr","7":"product_cat-jedrilicarska-odjeca-helly-hansen","9":"first","10":"instock","11":"shipping-taxable","12":"purchasable","13":"product-type-simple"},"_links":{"self":[{"href":"https:\/\/stoic-curie.212-227-153-4.plesk.page\/hr\/wp-json\/wp\/v2\/product\/742471","targetHints":{"allow":["GET"]}}],"collection":[{"href":"https:\/\/stoic-curie.212-227-153-4.plesk.page\/hr\/wp-json\/wp\/v2\/product"}],"about":[{"href":"https:\/\/stoic-curie.212-227-153-4.plesk.page\/hr\/wp-json\/wp\/v2\/types\/product"}],"replies":[{"embeddable":true,"href":"https:\/\/stoic-curie.212-227-153-4.plesk.page\/hr\/wp-json\/wp\/v2\/comments?post=742471"}],"version-history":[{"count":0,"href":"https:\/\/stoic-curie.212-227-153-4.plesk.page\/hr\/wp-json\/wp\/v2\/product\/742471\/revisions"}],"wp:featuredmedia":[{"embeddable":true,"href":"https:\/\/stoic-curie.212-227-153-4.plesk.page\/hr\/wp-json\/wp\/v2\/media\/5942751"}],"wp:attachment":[{"href":"https:\/\/stoic-curie.212-227-153-4.plesk.page\/hr\/wp-json\/wp\/v2\/media?parent=742471"}],"wp:term":[{"taxonomy":"product_brand","embeddable":true,"href":"https:\/\/stoic-curie.212-227-153-4.plesk.page\/hr\/wp-json\/wp\/v2\/product_brand?post=742471"},{"taxonomy":"product_cat","embeddable":true,"href":"https:\/\/stoic-curie.212-227-153-4.plesk.page\/hr\/wp-json\/wp\/v2\/product_cat?post=742471"},{"taxonomy":"product_tag","embeddable":true,"href":"https:\/\/stoic-curie.212-227-153-4.plesk.page\/hr\/wp-json\/wp\/v2\/product_tag?post=742471"}],"curies":[{"name":"wp","href":"https:\/\/api.w.org\/{rel}","templated":true}]}}