{"id":742473,"date":"2025-03-03T18:20:26","date_gmt":"2025-03-03T17:20:26","guid":{"rendered":"https:\/\/stoic-curie.212-227-153-4.plesk.page\/producto\/bib-hlace-helly-hansen-pier-2-plava-zena-velicina-l\/"},"modified":"2026-02-25T00:01:00","modified_gmt":"2026-02-25T00:01:00","slug":"bib-hlace-helly-hansen-pier-2-plava-zena-velicina-l","status":"publish","type":"product","link":"https:\/\/stoic-curie.212-227-153-4.plesk.page\/hr\/product\/bib-hlace-helly-hansen-pier-2-plava-zena-velicina-l\/","title":{"rendered":"Bib Hlace Helly Hansen Pier 2 Plava \u017eena &#8211; Velicina L"},"content":{"rendered":"<p>Bib Hlace Helly Hansen Pier 2 Plava \u017eena &#8211; Velicina L &#8211; <\/p>\n<p>Helly Hansen Pier 3.0 hla\u010de su idealne za bilo koju obalnu ili brodsku aktivnost. Izra\u0111ene su od HellyTech Performance dvostrukog materijala, tretirane s dugotrajnim odbijanjem vode (DWR), \u0161to ih \u010dini vodonepropusnima, vjetrootpornima i prozra\u010dnima. Hla\u010de imaju potpuno zape\u010datene \u0161avove, brzosu\u0161e\u0107e mre\u017easto podstavu, oja\u010danja na sjedalu i koljenima, visoki struk s podesivim naramenicama, podesivom strukom, dvostruko prednje zatvaranje, cargo d\u017eep, podesive otvore nogu i ergonomsku oja\u010danje na sjedalu i koljenima.<\/p>\n","protected":false},"excerpt":{"rendered":"<p>Bib Hlace Helly Hansen Pier 2 Plava \u017eena &#8211; Velicina L &#8211; Helly Hansen Pier 3.0 hla\u010de su idealne za<\/p>\n","protected":false},"featured_media":5942763,"comment_status":"open","ping_status":"closed","template":"","meta":[],"product_brand":[3001],"product_cat":[1857],"product_tag":[],"class_list":{"0":"post-742473","1":"product","2":"type-product","3":"status-publish","4":"has-post-thumbnail","6":"product_brand-helly-hansen-hr","7":"product_cat-jedrilicarska-odjeca-helly-hansen","9":"first","10":"instock","11":"shipping-taxable","12":"purchasable","13":"product-type-simple"},"_links":{"self":[{"href":"https:\/\/stoic-curie.212-227-153-4.plesk.page\/hr\/wp-json\/wp\/v2\/product\/742473","targetHints":{"allow":["GET"]}}],"collection":[{"href":"https:\/\/stoic-curie.212-227-153-4.plesk.page\/hr\/wp-json\/wp\/v2\/product"}],"about":[{"href":"https:\/\/stoic-curie.212-227-153-4.plesk.page\/hr\/wp-json\/wp\/v2\/types\/product"}],"replies":[{"embeddable":true,"href":"https:\/\/stoic-curie.212-227-153-4.plesk.page\/hr\/wp-json\/wp\/v2\/comments?post=742473"}],"version-history":[{"count":0,"href":"https:\/\/stoic-curie.212-227-153-4.plesk.page\/hr\/wp-json\/wp\/v2\/product\/742473\/revisions"}],"wp:featuredmedia":[{"embeddable":true,"href":"https:\/\/stoic-curie.212-227-153-4.plesk.page\/hr\/wp-json\/wp\/v2\/media\/5942763"}],"wp:attachment":[{"href":"https:\/\/stoic-curie.212-227-153-4.plesk.page\/hr\/wp-json\/wp\/v2\/media?parent=742473"}],"wp:term":[{"taxonomy":"product_brand","embeddable":true,"href":"https:\/\/stoic-curie.212-227-153-4.plesk.page\/hr\/wp-json\/wp\/v2\/product_brand?post=742473"},{"taxonomy":"product_cat","embeddable":true,"href":"https:\/\/stoic-curie.212-227-153-4.plesk.page\/hr\/wp-json\/wp\/v2\/product_cat?post=742473"},{"taxonomy":"product_tag","embeddable":true,"href":"https:\/\/stoic-curie.212-227-153-4.plesk.page\/hr\/wp-json\/wp\/v2\/product_tag?post=742473"}],"curies":[{"name":"wp","href":"https:\/\/api.w.org\/{rel}","templated":true}]}}