{"id":742483,"date":"2025-03-03T18:20:29","date_gmt":"2025-03-03T17:20:29","guid":{"rendered":"https:\/\/stoic-curie.212-227-153-4.plesk.page\/producto\/konop-za-vez-sa-radancom-mornarsko-plvi-24mm-x20mt\/"},"modified":"2026-02-25T00:01:00","modified_gmt":"2026-02-25T00:01:00","slug":"konop-za-vez-sa-radancom-mornarsko-plvi-24mm-x20mt","status":"publish","type":"product","link":"https:\/\/stoic-curie.212-227-153-4.plesk.page\/hr\/product\/konop-za-vez-sa-radancom-mornarsko-plvi-24mm-x20mt\/","title":{"rendered":"Konop za vez sa radan\u010dom mornarsko plvi 24mm x20mt"},"content":{"rendered":"<p>Konop za vez sa radan\u010dom mornarsko plvi 24mm x20mt &#8211; <\/p>\n<p>Spreman za kori\u0161tenje pleteni konopac za dok s ru\u010dno \u0161ivenim i zavr\u0161nim nehr\u0111aju\u0107im \u010deli\u010dnim prstenom. Tako\u0111er je zavr\u0161ni terminal ru\u010dno dora\u0111en i sa\u0161iven kako bi se izbjegle nepravilnosti. Sna\u017ean i mekan, napravljen od 16 pletenih visokotla\u010dnih poliester, s maksimalnom otporno\u0161\u0107u na abraziju. Ne pluta. daN = nosivost u kg<\/p>\n","protected":false},"excerpt":{"rendered":"<p>Konop za vez sa radan\u010dom mornarsko plvi 24mm x20mt &#8211; Spreman za kori\u0161tenje pleteni konopac za dok s ru\u010dno \u0161ivenim<\/p>\n","protected":false},"featured_media":5942779,"comment_status":"open","ping_status":"closed","template":"","meta":[],"product_brand":[3101],"product_cat":[1622,1623],"product_tag":[],"class_list":{"0":"post-742483","1":"product","2":"type-product","3":"status-publish","4":"has-post-thumbnail","6":"product_brand-marco-benvenuti-hr","7":"product_cat-konopi-za-pristajanje-i-privez","8":"product_cat-prethodno-spojena-uzad","10":"first","11":"instock","12":"shipping-taxable","13":"purchasable","14":"product-type-simple"},"_links":{"self":[{"href":"https:\/\/stoic-curie.212-227-153-4.plesk.page\/hr\/wp-json\/wp\/v2\/product\/742483","targetHints":{"allow":["GET"]}}],"collection":[{"href":"https:\/\/stoic-curie.212-227-153-4.plesk.page\/hr\/wp-json\/wp\/v2\/product"}],"about":[{"href":"https:\/\/stoic-curie.212-227-153-4.plesk.page\/hr\/wp-json\/wp\/v2\/types\/product"}],"replies":[{"embeddable":true,"href":"https:\/\/stoic-curie.212-227-153-4.plesk.page\/hr\/wp-json\/wp\/v2\/comments?post=742483"}],"version-history":[{"count":0,"href":"https:\/\/stoic-curie.212-227-153-4.plesk.page\/hr\/wp-json\/wp\/v2\/product\/742483\/revisions"}],"wp:featuredmedia":[{"embeddable":true,"href":"https:\/\/stoic-curie.212-227-153-4.plesk.page\/hr\/wp-json\/wp\/v2\/media\/5942779"}],"wp:attachment":[{"href":"https:\/\/stoic-curie.212-227-153-4.plesk.page\/hr\/wp-json\/wp\/v2\/media?parent=742483"}],"wp:term":[{"taxonomy":"product_brand","embeddable":true,"href":"https:\/\/stoic-curie.212-227-153-4.plesk.page\/hr\/wp-json\/wp\/v2\/product_brand?post=742483"},{"taxonomy":"product_cat","embeddable":true,"href":"https:\/\/stoic-curie.212-227-153-4.plesk.page\/hr\/wp-json\/wp\/v2\/product_cat?post=742483"},{"taxonomy":"product_tag","embeddable":true,"href":"https:\/\/stoic-curie.212-227-153-4.plesk.page\/hr\/wp-json\/wp\/v2\/product_tag?post=742483"}],"curies":[{"name":"wp","href":"https:\/\/api.w.org\/{rel}","templated":true}]}}