{"id":742484,"date":"2025-03-03T18:20:30","date_gmt":"2025-03-03T17:20:30","guid":{"rendered":"https:\/\/stoic-curie.212-227-153-4.plesk.page\/producto\/konop-za-vez-sa-radancom-mornarsko-plvi-32mm-x16mt\/"},"modified":"2026-02-25T00:01:00","modified_gmt":"2026-02-25T00:01:00","slug":"konop-za-vez-sa-radancom-mornarsko-plvi-32mm-x16mt","status":"publish","type":"product","link":"https:\/\/stoic-curie.212-227-153-4.plesk.page\/hr\/product\/konop-za-vez-sa-radancom-mornarsko-plvi-32mm-x16mt\/","title":{"rendered":"Konop za vez sa radan\u010dom mornarsko plvi 32mm x16mt"},"content":{"rendered":"<p>Konop za vez sa radan\u010dom mornarsko plvi 32mm x16mt &#8211; <\/p>\n<p>Spremna za upotrebu dovr\u0161ena pletena u\u017ee s ru\u010dno vezanim i dovr\u0161enim nehr\u0111aju\u0107im \u010deli\u010dnim prstenom. Tako\u0111er je zavr\u0161na terminala ru\u010dno obra\u0111ena i \u0161ivana kako bi se izbjegle nesavr\u0161enosti. Sna\u017ena i mekana, izra\u0111ena od 16 pletenih visoko otpornog poliestera, s maksimalnom otpornosti na abraziju. Ne pluta. daN= prekidna \u010dvrsto\u0107a u Kg<\/p>\n","protected":false},"excerpt":{"rendered":"<p>Konop za vez sa radan\u010dom mornarsko plvi 32mm x16mt &#8211; Spremna za upotrebu dovr\u0161ena pletena u\u017ee s ru\u010dno vezanim i<\/p>\n","protected":false},"featured_media":5942779,"comment_status":"open","ping_status":"closed","template":"","meta":[],"product_brand":[3101],"product_cat":[1622,1623],"product_tag":[],"class_list":{"0":"post-742484","1":"product","2":"type-product","3":"status-publish","4":"has-post-thumbnail","6":"product_brand-marco-benvenuti-hr","7":"product_cat-konopi-za-pristajanje-i-privez","8":"product_cat-prethodno-spojena-uzad","10":"first","11":"instock","12":"shipping-taxable","13":"purchasable","14":"product-type-simple"},"_links":{"self":[{"href":"https:\/\/stoic-curie.212-227-153-4.plesk.page\/hr\/wp-json\/wp\/v2\/product\/742484","targetHints":{"allow":["GET"]}}],"collection":[{"href":"https:\/\/stoic-curie.212-227-153-4.plesk.page\/hr\/wp-json\/wp\/v2\/product"}],"about":[{"href":"https:\/\/stoic-curie.212-227-153-4.plesk.page\/hr\/wp-json\/wp\/v2\/types\/product"}],"replies":[{"embeddable":true,"href":"https:\/\/stoic-curie.212-227-153-4.plesk.page\/hr\/wp-json\/wp\/v2\/comments?post=742484"}],"version-history":[{"count":0,"href":"https:\/\/stoic-curie.212-227-153-4.plesk.page\/hr\/wp-json\/wp\/v2\/product\/742484\/revisions"}],"wp:featuredmedia":[{"embeddable":true,"href":"https:\/\/stoic-curie.212-227-153-4.plesk.page\/hr\/wp-json\/wp\/v2\/media\/5942779"}],"wp:attachment":[{"href":"https:\/\/stoic-curie.212-227-153-4.plesk.page\/hr\/wp-json\/wp\/v2\/media?parent=742484"}],"wp:term":[{"taxonomy":"product_brand","embeddable":true,"href":"https:\/\/stoic-curie.212-227-153-4.plesk.page\/hr\/wp-json\/wp\/v2\/product_brand?post=742484"},{"taxonomy":"product_cat","embeddable":true,"href":"https:\/\/stoic-curie.212-227-153-4.plesk.page\/hr\/wp-json\/wp\/v2\/product_cat?post=742484"},{"taxonomy":"product_tag","embeddable":true,"href":"https:\/\/stoic-curie.212-227-153-4.plesk.page\/hr\/wp-json\/wp\/v2\/product_tag?post=742484"}],"curies":[{"name":"wp","href":"https:\/\/api.w.org\/{rel}","templated":true}]}}