{"id":742496,"date":"2025-03-03T18:20:33","date_gmt":"2025-03-03T17:20:33","guid":{"rendered":"https:\/\/stoic-curie.212-227-153-4.plesk.page\/producto\/wc-tecma-elegance-2g-12v-s-all-in-one-sft-panelom\/"},"modified":"2026-02-25T00:01:00","modified_gmt":"2026-02-25T00:01:00","slug":"wc-tecma-elegance-2g-12v-s-all-in-one-sft-panelom","status":"publish","type":"product","link":"https:\/\/stoic-curie.212-227-153-4.plesk.page\/hr\/product\/wc-tecma-elegance-2g-12v-s-all-in-one-sft-panelom\/","title":{"rendered":"WC Tecma Elegance 2G 12V (All-in-One SFT)"},"content":{"rendered":"<p>WC Tecma Elegance 2G 12V (All-in-One SFT) &#8211; <\/p>\n<p style=\"color: rgb(34, 34, 34); font-family: Arial, Helvetica, sans-serif; font-size: small;\"><strong>Tecma Elegance 2G 12V WC (Sve-u-jednom SFT)<\/strong><\/p>\n<p style=\"color: rgb(34, 34, 34); font-family: Arial, Helvetica, sans-serif; font-size: small;\">Toaletni wc Tecma Elegance 2G kombinira sofisticirani dizajn s izvanrednom udobno\u0161\u0107u, \u0161to ga \u010dini izvrsnim izborom za kompaktne prostore. Pa\u017eljivo je projektiran kako bi minimalizirao potro\u0161nju vode, kori\u0161tenje elektri\u010dne energije i razinu buke. Proces instalacije i o\u017ei\u010denja je jednostavan, a jedinica ne zahtijeva odr\u017eavanje.<\/p>\n<p style=\"color: rgb(34, 34, 34); font-family: Arial, Helvetica, sans-serif; font-size: small;\">Ovu toaletnu \u0161koljku mogu\u0107e je upravljati putem dvaju vrsta kontrolnih panela:<\/p>\n<ol style=\"color: rgb(34, 34, 34); font-family: Arial, Helvetica, sans-serif; font-size: small;\">\n<li>\n<p><strong>Sve-u-jednom SFT panel<\/strong>: Ovaj panel s dva gumba omogu\u0107ava korisnicima dodavanje vode i ispu\u0161tanje. Ima Smart Flush tehnologiju koja osigurava minimalnu potro\u0161nju vode i smanjenu emisiju zvuka. Tako\u0111er, uklju\u010duje za\u0161titu od prelijevanja vode i pra\u0107enje spremnika otpadne vode.<\/p>\n<\/li>\n<li>\n<p><strong>Touch SFT panel<\/strong>: Ovaj osjetljivi panel tako\u0111er nudi kontrolu za dodavanje vode i ispu\u0161tanje. Kao i All-in-One panel, koristi Smart Flush tehnologiju za efikasno kori\u0161tenje vode i tiho djelovanje. Nudi za\u0161titu od prelijevanja vode s programiranjem protoka i pra\u0107enjem spremnika otpadne vode, a mo\u017ee se konfigurirati za na\u010din krstarenja ili na\u010din dokovanja.<\/p>\n<\/li>\n<\/ol>\n<p style=\"color: rgb(34, 34, 34); font-family: Arial, Helvetica, sans-serif; font-size: small;\">Elegance 2G dio je Flexi Line serije, koja je posebno dizajnirana za maksimiziranje udobnosti u ograni\u010denim prostorima. Duljina od 43 cm (16,9 in\u010da) pru\u017ea sjedi\u0161te koje se osje\u0107a kao kod ku\u0107e.<\/p>\n<p style=\"color: rgb(34, 34, 34); font-family: Arial, Helvetica, sans-serif; font-size: small;\">Kako bi dodatno pove\u0107ali udobnost, Bidet Elegance 2G savr\u0161eno se uklapa s ovim toaletom, stvaraju\u0107i elegantan set za kupaonicu.<\/p>\n<p style=\"color: rgb(34, 34, 34); font-family: Arial, Helvetica, sans-serif; font-size: small;\">Ovaj sustav druge generacije je usavr\u0161eni kako bi osigurao u\u010dinkovito i pouzdano djelovanje, jam\u010de\u0107i pobolj\u0161ano iskustvo u kupaonici. Iako dijeli elegantan dizajn i pametne sustavske nadogradnje s Silence Plus 2G, Elegance 2G se izdvaja svojom kompaktno\u0161\u0107u, \u0161to ga \u010dini idealnim izborom za manje kupaonice.<\/p>\n<p style=\"color: rgb(34, 34, 34); font-family: Arial, Helvetica, sans-serif; font-size: small;\">Toalet s Elegance 2G Hi opremljen je izdr\u017eljivim drvenim sjedalom prekrivenim poliesterom i poklopcem s mekim zatvaranjem, opremljenim od nehr\u0111aju\u0107eg \u010delika AIS316L i Sugatsune\u2122 amortizerima. Zadr\u017eava istu povr\u0161inu, vanjske dimenzije i robusnu tehnologiju usitnjavanja kao i prethodni modeli, ali ima pobolj\u0161ani dizajn i sustav.<\/p>\n<p style=\"color: rgb(34, 34, 34); font-family: Arial, Helvetica, sans-serif; font-size: small;\">Usitnjiva\u010d i ispumpni cijevi integrirani su unutar WC-a, pojednostavljuju\u0107i instalaciju bez potrebe za istaknutim komponentama. Sakriveni bo\u010dni nosa\u010di doprinose elegantnom dizajnu dok olak\u0161avaju instalaciju.<\/p>\n<p style=\"color: rgb(34, 34, 34); font-family: Arial, Helvetica, sans-serif; font-size: small;\">Glabra povr\u0161ina \u010dini \u010di\u0161\u0107enje jednostavnim, a pobolj\u0161ani ulaz zraka unutar unutarnjeg cijevnog sustava pove\u0107ava u\u010dinkovitost kod raznih instalacija crnih voda.<\/p>\n<p style=\"color: rgb(34, 34, 34); font-family: Arial, Helvetica, sans-serif; font-size: small;\"><strong>Specifikacije:<\/strong><\/p>\n<ul style=\"color: rgb(34, 34, 34); font-family: Arial, Helvetica, sans-serif; font-size: small;\">\n<li><strong>Model<\/strong>: Elegance 2G Hi 12V &#8211; Morska voda (jedinstveni sustav)<\/li>\n<li><strong>Kontrolna plo\u010da<\/strong>: Sve-u-jednom s 2 gumba<\/li>\n<li><strong>Povr\u0161ina<\/strong>: 390 x 280 mm (15,4 x 11,1 in\u010da)<\/li>\n<li><strong>Dimenzije (V x \u0160 x D)<\/strong>: 460 x 370 x 430 mm (18,1 x 14,6 x 16,9 in\u010da)<\/li>\n<li><strong>Te\u017eina<\/strong>: 22,5 kg (49,6 lb)<\/li>\n<li><strong>Potro\u0161nja Vode (Po ispiranje)<\/strong>: 0,5 &#8211; 2,7 litara (0,1 &#8211; 0,7 galona)<\/li>\n<li><strong>Sjedalo &#038; Poklopac<\/strong>: Drvo prekriveno poliesterom (meko zatvaranje)<\/li>\n<li><strong>Izlazna Pumpa<\/strong>: MAC 11 12V<\/li>\n<li><strong>Ulazna Ure\u0111aj<\/strong>: Solenoid (opcionalna ulazna pumpa)<\/li>\n<\/ul>\n","protected":false},"excerpt":{"rendered":"<p>WC Tecma Elegance 2G 12V (All-in-One SFT) &#8211; Tecma Elegance 2G 12V WC (Sve-u-jednom SFT) Toaletni wc Tecma Elegance 2G<\/p>\n","protected":false},"featured_media":5943815,"comment_status":"open","ping_status":"closed","template":"","meta":[],"product_brand":[3471],"product_cat":[1675],"product_tag":[],"class_list":{"0":"post-742496","1":"product","2":"type-product","3":"status-publish","4":"has-post-thumbnail","6":"product_brand-tecma-hr","7":"product_cat-brodski-wc","9":"first","10":"instock","11":"shipping-taxable","12":"purchasable","13":"product-type-simple"},"_links":{"self":[{"href":"https:\/\/stoic-curie.212-227-153-4.plesk.page\/hr\/wp-json\/wp\/v2\/product\/742496","targetHints":{"allow":["GET"]}}],"collection":[{"href":"https:\/\/stoic-curie.212-227-153-4.plesk.page\/hr\/wp-json\/wp\/v2\/product"}],"about":[{"href":"https:\/\/stoic-curie.212-227-153-4.plesk.page\/hr\/wp-json\/wp\/v2\/types\/product"}],"replies":[{"embeddable":true,"href":"https:\/\/stoic-curie.212-227-153-4.plesk.page\/hr\/wp-json\/wp\/v2\/comments?post=742496"}],"version-history":[{"count":0,"href":"https:\/\/stoic-curie.212-227-153-4.plesk.page\/hr\/wp-json\/wp\/v2\/product\/742496\/revisions"}],"wp:featuredmedia":[{"embeddable":true,"href":"https:\/\/stoic-curie.212-227-153-4.plesk.page\/hr\/wp-json\/wp\/v2\/media\/5943815"}],"wp:attachment":[{"href":"https:\/\/stoic-curie.212-227-153-4.plesk.page\/hr\/wp-json\/wp\/v2\/media?parent=742496"}],"wp:term":[{"taxonomy":"product_brand","embeddable":true,"href":"https:\/\/stoic-curie.212-227-153-4.plesk.page\/hr\/wp-json\/wp\/v2\/product_brand?post=742496"},{"taxonomy":"product_cat","embeddable":true,"href":"https:\/\/stoic-curie.212-227-153-4.plesk.page\/hr\/wp-json\/wp\/v2\/product_cat?post=742496"},{"taxonomy":"product_tag","embeddable":true,"href":"https:\/\/stoic-curie.212-227-153-4.plesk.page\/hr\/wp-json\/wp\/v2\/product_tag?post=742496"}],"curies":[{"name":"wp","href":"https:\/\/api.w.org\/{rel}","templated":true}]}}