{"id":742501,"date":"2025-03-03T18:20:34","date_gmt":"2025-03-03T17:20:34","guid":{"rendered":"https:\/\/stoic-curie.212-227-153-4.plesk.page\/producto\/rezervne-sarke-za-tecma-breeze-t-630-b\/"},"modified":"2026-02-25T00:01:00","modified_gmt":"2026-02-25T00:01:00","slug":"rezervne-sarke-za-tecma-breeze-t-630-b","status":"publish","type":"product","link":"https:\/\/stoic-curie.212-227-153-4.plesk.page\/hr\/product\/rezervne-sarke-za-tecma-breeze-t-630-b\/","title":{"rendered":"Rezervne \u0161arke za Tecma Breeze T-630\/B"},"content":{"rendered":"<p>Rezervne \u0161arke za Tecma Breeze T-630\/B &#8211; <\/p>\n<p>Dizajn (Breeze) i Flexi (Silence, Elegance) serije toaletskih sjedala i \u0161arki. PE: Klasi\u010dno i robusno poliester sjedalo s vidljivim poklopcem i sjedalom. TE: Moderan i lagan sjedalo od termooblikovanog materijala s poklopcem koji skriva sjedi\u0161te. Tih zatvaranje: \u0161arke s amortizacijskim sustavom za sprje\u010davanje o\u0161te\u0107enja i buke.<\/p>\n","protected":false},"excerpt":{"rendered":"<p>Rezervne \u0161arke za Tecma Breeze T-630\/B &#8211; Dizajn (Breeze) i Flexi (Silence, Elegance) serije toaletskih sjedala i \u0161arki. PE: Klasi\u010dno<\/p>\n","protected":false},"featured_media":5943818,"comment_status":"open","ping_status":"closed","template":"","meta":[],"product_brand":[3471],"product_cat":[1675],"product_tag":[],"class_list":{"0":"post-742501","1":"product","2":"type-product","3":"status-publish","4":"has-post-thumbnail","6":"product_brand-tecma-hr","7":"product_cat-brodski-wc","9":"first","10":"instock","11":"shipping-taxable","12":"purchasable","13":"product-type-simple"},"_links":{"self":[{"href":"https:\/\/stoic-curie.212-227-153-4.plesk.page\/hr\/wp-json\/wp\/v2\/product\/742501","targetHints":{"allow":["GET"]}}],"collection":[{"href":"https:\/\/stoic-curie.212-227-153-4.plesk.page\/hr\/wp-json\/wp\/v2\/product"}],"about":[{"href":"https:\/\/stoic-curie.212-227-153-4.plesk.page\/hr\/wp-json\/wp\/v2\/types\/product"}],"replies":[{"embeddable":true,"href":"https:\/\/stoic-curie.212-227-153-4.plesk.page\/hr\/wp-json\/wp\/v2\/comments?post=742501"}],"version-history":[{"count":0,"href":"https:\/\/stoic-curie.212-227-153-4.plesk.page\/hr\/wp-json\/wp\/v2\/product\/742501\/revisions"}],"wp:featuredmedia":[{"embeddable":true,"href":"https:\/\/stoic-curie.212-227-153-4.plesk.page\/hr\/wp-json\/wp\/v2\/media\/5943818"}],"wp:attachment":[{"href":"https:\/\/stoic-curie.212-227-153-4.plesk.page\/hr\/wp-json\/wp\/v2\/media?parent=742501"}],"wp:term":[{"taxonomy":"product_brand","embeddable":true,"href":"https:\/\/stoic-curie.212-227-153-4.plesk.page\/hr\/wp-json\/wp\/v2\/product_brand?post=742501"},{"taxonomy":"product_cat","embeddable":true,"href":"https:\/\/stoic-curie.212-227-153-4.plesk.page\/hr\/wp-json\/wp\/v2\/product_cat?post=742501"},{"taxonomy":"product_tag","embeddable":true,"href":"https:\/\/stoic-curie.212-227-153-4.plesk.page\/hr\/wp-json\/wp\/v2\/product_tag?post=742501"}],"curies":[{"name":"wp","href":"https:\/\/api.w.org\/{rel}","templated":true}]}}