{"id":742503,"date":"2025-03-03T18:20:34","date_gmt":"2025-03-03T17:20:34","guid":{"rendered":"https:\/\/stoic-curie.212-227-153-4.plesk.page\/producto\/plosnati-bokobran-sivi-950x310x80mm\/"},"modified":"2026-02-25T00:01:00","modified_gmt":"2026-02-25T00:01:00","slug":"plosnati-bokobran-sivi-950x310x80mm","status":"publish","type":"product","link":"https:\/\/stoic-curie.212-227-153-4.plesk.page\/hr\/product\/plosnati-bokobran-sivi-950x310x80mm\/","title":{"rendered":"Plosnati bokobran sivi 950x310x80mm"},"content":{"rendered":"<p>Plosnati bokobran sivi 950x310x80mm &#8211; <\/p>\n<p>Fenderi s visokom otporno\u0161\u0107u od E.V.A. zatvorene \u0107elijske mekane pjene. Laka pohrana zahvaljuju\u0107i ravnom obliku, koriste se kada nema dovoljno prostora izme\u0111u dva \u010damca. Lako ih je spojiti kako bi se stvorila za\u0161titna barijera. S 4 rupe za u\u017ee i 2 rupe za pojas. Uklju\u010dena u\u017ee duljine 2,10 m.<\/p>\n","protected":false},"excerpt":{"rendered":"<p>Plosnati bokobran sivi 950x310x80mm &#8211; Fenderi s visokom otporno\u0161\u0107u od E.V.A. zatvorene \u0107elijske mekane pjene. Laka pohrana zahvaljuju\u0107i ravnom obliku,<\/p>\n","protected":false},"featured_media":5943819,"comment_status":"open","ping_status":"closed","template":"","meta":[],"product_brand":[3091],"product_cat":[1849,1848],"product_tag":[],"class_list":{"0":"post-742503","1":"product","2":"type-product","3":"status-publish","4":"has-post-thumbnail","6":"product_brand-majoni-hr","7":"product_cat-bokobrani-za-dokove","8":"product_cat-brodski-bokobrani","10":"first","11":"instock","12":"shipping-taxable","13":"purchasable","14":"product-type-simple"},"_links":{"self":[{"href":"https:\/\/stoic-curie.212-227-153-4.plesk.page\/hr\/wp-json\/wp\/v2\/product\/742503","targetHints":{"allow":["GET"]}}],"collection":[{"href":"https:\/\/stoic-curie.212-227-153-4.plesk.page\/hr\/wp-json\/wp\/v2\/product"}],"about":[{"href":"https:\/\/stoic-curie.212-227-153-4.plesk.page\/hr\/wp-json\/wp\/v2\/types\/product"}],"replies":[{"embeddable":true,"href":"https:\/\/stoic-curie.212-227-153-4.plesk.page\/hr\/wp-json\/wp\/v2\/comments?post=742503"}],"version-history":[{"count":0,"href":"https:\/\/stoic-curie.212-227-153-4.plesk.page\/hr\/wp-json\/wp\/v2\/product\/742503\/revisions"}],"wp:featuredmedia":[{"embeddable":true,"href":"https:\/\/stoic-curie.212-227-153-4.plesk.page\/hr\/wp-json\/wp\/v2\/media\/5943819"}],"wp:attachment":[{"href":"https:\/\/stoic-curie.212-227-153-4.plesk.page\/hr\/wp-json\/wp\/v2\/media?parent=742503"}],"wp:term":[{"taxonomy":"product_brand","embeddable":true,"href":"https:\/\/stoic-curie.212-227-153-4.plesk.page\/hr\/wp-json\/wp\/v2\/product_brand?post=742503"},{"taxonomy":"product_cat","embeddable":true,"href":"https:\/\/stoic-curie.212-227-153-4.plesk.page\/hr\/wp-json\/wp\/v2\/product_cat?post=742503"},{"taxonomy":"product_tag","embeddable":true,"href":"https:\/\/stoic-curie.212-227-153-4.plesk.page\/hr\/wp-json\/wp\/v2\/product_tag?post=742503"}],"curies":[{"name":"wp","href":"https:\/\/api.w.org\/{rel}","templated":true}]}}