{"id":742504,"date":"2025-03-03T18:22:09","date_gmt":"2025-03-03T17:22:09","guid":{"rendered":"https:\/\/stoic-curie.212-227-153-4.plesk.page\/producto\/koloturnik-trostruki-glavni-windraider-29-mm-za-konope-do-8-mm\/"},"modified":"2026-02-25T00:01:00","modified_gmt":"2026-02-25T00:01:00","slug":"koloturnik-trostruki-glavni-windraider-29-mm-za-konope-do-8-mm","status":"publish","type":"product","link":"https:\/\/stoic-curie.212-227-153-4.plesk.page\/hr\/product\/koloturnik-trostruki-glavni-windraider-29-mm-za-konope-do-8-mm\/","title":{"rendered":"Koloturnik trostruki glavni Windraider 29 mm za konope do 8 mm"},"content":{"rendered":"<p>Koloturnik trostruki glavni Windraider 29 mm za konope do 8 mm &#8211; <\/p>\n<p>Master kompozitni blokovi s niskim trenjem kugli\u010dnih le\u017eajeva dizajnirani su za natjecateljsko jedrenje. Bo\u010dne plo\u010de od visoko \u010dvrstog kompozita osiguravaju vrhunske performanse radnih optere\u0107enja. Prekrasan dizajn i jednostavna upotreba.<br \/> Kugli\u010dni le\u017eajevi: samosmazivi aketal kompozit.<br \/> Promjer remenice 29 mm: samosmazivi aketal kompozit.<br \/> Oko: oja\u010dani kompozitni najlon s vlaknima stakla, UV stabiliziran.<br \/> Okretni kuku: kovanog nehr\u0111aju\u0107eg \u010delika razreda 316.<br \/> WL: Radno optere\u0107enje<br \/> BL: Tovarna optere\u0107enja<\/p>\n","protected":false},"excerpt":{"rendered":"<p>Koloturnik trostruki glavni Windraider 29 mm za konope do 8 mm &#8211; Master kompozitni blokovi s niskim trenjem kugli\u010dnih le\u017eajeva<\/p>\n","protected":false},"featured_media":5943828,"comment_status":"open","ping_status":"closed","template":"","meta":[],"product_brand":[3131],"product_cat":[1770],"product_tag":[],"class_list":{"0":"post-742504","1":"product","2":"type-product","3":"status-publish","4":"has-post-thumbnail","6":"product_brand-master-hr","7":"product_cat-master-koloture-za-jedrilice","9":"first","10":"instock","11":"shipping-taxable","12":"purchasable","13":"product-type-simple"},"_links":{"self":[{"href":"https:\/\/stoic-curie.212-227-153-4.plesk.page\/hr\/wp-json\/wp\/v2\/product\/742504","targetHints":{"allow":["GET"]}}],"collection":[{"href":"https:\/\/stoic-curie.212-227-153-4.plesk.page\/hr\/wp-json\/wp\/v2\/product"}],"about":[{"href":"https:\/\/stoic-curie.212-227-153-4.plesk.page\/hr\/wp-json\/wp\/v2\/types\/product"}],"replies":[{"embeddable":true,"href":"https:\/\/stoic-curie.212-227-153-4.plesk.page\/hr\/wp-json\/wp\/v2\/comments?post=742504"}],"version-history":[{"count":0,"href":"https:\/\/stoic-curie.212-227-153-4.plesk.page\/hr\/wp-json\/wp\/v2\/product\/742504\/revisions"}],"wp:featuredmedia":[{"embeddable":true,"href":"https:\/\/stoic-curie.212-227-153-4.plesk.page\/hr\/wp-json\/wp\/v2\/media\/5943828"}],"wp:attachment":[{"href":"https:\/\/stoic-curie.212-227-153-4.plesk.page\/hr\/wp-json\/wp\/v2\/media?parent=742504"}],"wp:term":[{"taxonomy":"product_brand","embeddable":true,"href":"https:\/\/stoic-curie.212-227-153-4.plesk.page\/hr\/wp-json\/wp\/v2\/product_brand?post=742504"},{"taxonomy":"product_cat","embeddable":true,"href":"https:\/\/stoic-curie.212-227-153-4.plesk.page\/hr\/wp-json\/wp\/v2\/product_cat?post=742504"},{"taxonomy":"product_tag","embeddable":true,"href":"https:\/\/stoic-curie.212-227-153-4.plesk.page\/hr\/wp-json\/wp\/v2\/product_tag?post=742504"}],"curies":[{"name":"wp","href":"https:\/\/api.w.org\/{rel}","templated":true}]}}