{"id":742505,"date":"2025-03-03T18:22:10","date_gmt":"2025-03-03T17:22:10","guid":{"rendered":"https:\/\/stoic-curie.212-227-153-4.plesk.page\/producto\/trostruka-kolotura-becket-master-29-mm-za-konop-do-8-mm\/"},"modified":"2026-02-25T00:01:00","modified_gmt":"2026-02-25T00:01:00","slug":"trostruka-kolotura-becket-master-29-mm-za-konop-do-8-mm","status":"publish","type":"product","link":"https:\/\/stoic-curie.212-227-153-4.plesk.page\/hr\/product\/trostruka-kolotura-becket-master-29-mm-za-konop-do-8-mm\/","title":{"rendered":"Trostruka kolotura Becket Master 29 mm za konop do 8 mm"},"content":{"rendered":"<p>Trostruka kolotura Becket Master 29 mm za konop do 8 mm &#8211; <\/p>\n<p>Master kompozitne blokade s niskim trenjem dizajnirane su za natjecateljsko jedrenje. Stranice od visokoj \u010dvrsto\u0107i kompozita osiguravaju vrhunske performanse pod radnim optere\u0107enjem. Prelijep dizajn i jednostavna uporaba. Kavljih kugli\u010dni le\u017eajevi: samolubrikantni acetalni kompozit. Promjer kolotura 29 mm: samolubrikantni acetalni kompozit. \u017dbice: oja\u010dani stakloplasti\u010dni najlon, stabiliziran UV svjetlom. Opru\u017eni spoj: kovani nehr\u0111aju\u0107i \u010delik razreda 316. WL: Radno optere\u0107enje. BL: Prelomno optere\u0107enje.<\/p>\n","protected":false},"excerpt":{"rendered":"<p>Trostruka kolotura Becket Master 29 mm za konop do 8 mm &#8211; Master kompozitne blokade s niskim trenjem dizajnirane su<\/p>\n","protected":false},"featured_media":5943829,"comment_status":"open","ping_status":"closed","template":"","meta":[],"product_brand":[3131],"product_cat":[1770],"product_tag":[],"class_list":{"0":"post-742505","1":"product","2":"type-product","3":"status-publish","4":"has-post-thumbnail","6":"product_brand-master-hr","7":"product_cat-master-koloture-za-jedrilice","9":"first","10":"instock","11":"shipping-taxable","12":"purchasable","13":"product-type-simple"},"_links":{"self":[{"href":"https:\/\/stoic-curie.212-227-153-4.plesk.page\/hr\/wp-json\/wp\/v2\/product\/742505","targetHints":{"allow":["GET"]}}],"collection":[{"href":"https:\/\/stoic-curie.212-227-153-4.plesk.page\/hr\/wp-json\/wp\/v2\/product"}],"about":[{"href":"https:\/\/stoic-curie.212-227-153-4.plesk.page\/hr\/wp-json\/wp\/v2\/types\/product"}],"replies":[{"embeddable":true,"href":"https:\/\/stoic-curie.212-227-153-4.plesk.page\/hr\/wp-json\/wp\/v2\/comments?post=742505"}],"version-history":[{"count":0,"href":"https:\/\/stoic-curie.212-227-153-4.plesk.page\/hr\/wp-json\/wp\/v2\/product\/742505\/revisions"}],"wp:featuredmedia":[{"embeddable":true,"href":"https:\/\/stoic-curie.212-227-153-4.plesk.page\/hr\/wp-json\/wp\/v2\/media\/5943829"}],"wp:attachment":[{"href":"https:\/\/stoic-curie.212-227-153-4.plesk.page\/hr\/wp-json\/wp\/v2\/media?parent=742505"}],"wp:term":[{"taxonomy":"product_brand","embeddable":true,"href":"https:\/\/stoic-curie.212-227-153-4.plesk.page\/hr\/wp-json\/wp\/v2\/product_brand?post=742505"},{"taxonomy":"product_cat","embeddable":true,"href":"https:\/\/stoic-curie.212-227-153-4.plesk.page\/hr\/wp-json\/wp\/v2\/product_cat?post=742505"},{"taxonomy":"product_tag","embeddable":true,"href":"https:\/\/stoic-curie.212-227-153-4.plesk.page\/hr\/wp-json\/wp\/v2\/product_tag?post=742505"}],"curies":[{"name":"wp","href":"https:\/\/api.w.org\/{rel}","templated":true}]}}