{"id":742506,"date":"2025-03-03T18:22:10","date_gmt":"2025-03-03T17:22:10","guid":{"rendered":"https:\/\/stoic-curie.212-227-153-4.plesk.page\/producto\/koloturnik-master-jednostruki-s-nosacem-i-stoperom-40-mm-za-konop-8-mm\/"},"modified":"2026-02-25T00:01:00","modified_gmt":"2026-02-25T00:01:00","slug":"koloturnik-master-jednostruki-s-nosacem-i-stoperom-40-mm-za-konop-8-mm","status":"publish","type":"product","link":"https:\/\/stoic-curie.212-227-153-4.plesk.page\/hr\/product\/koloturnik-master-jednostruki-s-nosacem-i-stoperom-40-mm-za-konop-8-mm\/","title":{"rendered":"Koloturnik Master jednostruki s nosa\u010dem i \u0161toperom 40 mm za konop 8 mm"},"content":{"rendered":"<p>Koloturnik Master jednostruki s nosa\u010dem i \u0161toperom 40 mm za konop 8 mm &#8211; <\/p>\n<p>Master kompozitni le\u017eajevi s niskim trenjem dizajnirani su za konkurentsko jedrenje. Srednje jake kompozitne bo\u010dne plo\u010de osiguravaju vrhunske performanse pod optere\u0107enjem. Prekrasan dizajn i jednostavna upotreba \u010dine ih idealnim za svakog jedrili\u010dara. Kuglasti le\u017eajevi: samolubrikantni acetalni kompozit Promjer bubnja 40 mm: samolubrikantni acetalni kompozit Klastra: oja\u010dani najlon s vlaknima stakla &#8211; UV stabiliziran Rotiraju\u0107i spoj: Forged Grade 316 nehr\u0111aju\u0107i \u010delik WL: Radno optere\u0107enje BL: Raskidno optere\u0107enje NAPOMENA: Radno\/raskidno optere\u0107enje blokova s kamom temelji se na snazi same kame.<\/p>\n","protected":false},"excerpt":{"rendered":"<p>Koloturnik Master jednostruki s nosa\u010dem i \u0161toperom 40 mm za konop 8 mm &#8211; Master kompozitni le\u017eajevi s niskim trenjem<\/p>\n","protected":false},"featured_media":5943835,"comment_status":"open","ping_status":"closed","template":"","meta":[],"product_brand":[3131],"product_cat":[1770],"product_tag":[],"class_list":{"0":"post-742506","1":"product","2":"type-product","3":"status-publish","4":"has-post-thumbnail","6":"product_brand-master-hr","7":"product_cat-master-koloture-za-jedrilice","9":"first","10":"instock","11":"shipping-taxable","12":"purchasable","13":"product-type-simple"},"_links":{"self":[{"href":"https:\/\/stoic-curie.212-227-153-4.plesk.page\/hr\/wp-json\/wp\/v2\/product\/742506","targetHints":{"allow":["GET"]}}],"collection":[{"href":"https:\/\/stoic-curie.212-227-153-4.plesk.page\/hr\/wp-json\/wp\/v2\/product"}],"about":[{"href":"https:\/\/stoic-curie.212-227-153-4.plesk.page\/hr\/wp-json\/wp\/v2\/types\/product"}],"replies":[{"embeddable":true,"href":"https:\/\/stoic-curie.212-227-153-4.plesk.page\/hr\/wp-json\/wp\/v2\/comments?post=742506"}],"version-history":[{"count":0,"href":"https:\/\/stoic-curie.212-227-153-4.plesk.page\/hr\/wp-json\/wp\/v2\/product\/742506\/revisions"}],"wp:featuredmedia":[{"embeddable":true,"href":"https:\/\/stoic-curie.212-227-153-4.plesk.page\/hr\/wp-json\/wp\/v2\/media\/5943835"}],"wp:attachment":[{"href":"https:\/\/stoic-curie.212-227-153-4.plesk.page\/hr\/wp-json\/wp\/v2\/media?parent=742506"}],"wp:term":[{"taxonomy":"product_brand","embeddable":true,"href":"https:\/\/stoic-curie.212-227-153-4.plesk.page\/hr\/wp-json\/wp\/v2\/product_brand?post=742506"},{"taxonomy":"product_cat","embeddable":true,"href":"https:\/\/stoic-curie.212-227-153-4.plesk.page\/hr\/wp-json\/wp\/v2\/product_cat?post=742506"},{"taxonomy":"product_tag","embeddable":true,"href":"https:\/\/stoic-curie.212-227-153-4.plesk.page\/hr\/wp-json\/wp\/v2\/product_tag?post=742506"}],"curies":[{"name":"wp","href":"https:\/\/api.w.org\/{rel}","templated":true}]}}