{"id":742508,"date":"2025-03-03T18:22:11","date_gmt":"2025-03-03T17:22:11","guid":{"rendered":"https:\/\/stoic-curie.212-227-153-4.plesk.page\/producto\/koloturnik-master-windrider-dvostruki-40-mm-sa-nosacem-za-konop-do-10-mm\/"},"modified":"2026-02-25T00:01:00","modified_gmt":"2026-02-25T00:01:00","slug":"koloturnik-master-windrider-dvostruki-40-mm-sa-nosacem-za-konop-do-10-mm","status":"publish","type":"product","link":"https:\/\/stoic-curie.212-227-153-4.plesk.page\/hr\/product\/koloturnik-master-windrider-dvostruki-40-mm-sa-nosacem-za-konop-do-10-mm\/","title":{"rendered":"Koloturnik Master Windrider dvostruki 40 mm sa nosa\u010dem za konop do 10 mm"},"content":{"rendered":"<p>Koloturnik Master Windrider dvostruki 40 mm sa nosa\u010dem za konop do 10 mm &#8211; <\/p>\n<p>Master kompozitni blokovi sa niskim trenjem su dizajnirani za natjecateljsko jedrenje. Visokotgotovinske kompozitne bo\u010dne plo\u010de osiguravaju vrhunske performanse pod radnim optere\u0107enjima. Njihov prekrasan dizajn i jednostavna upotreba \u010dine ih posebno privla\u010dnima. Le\u017eajevi: samolubrikantni acetalni kompozit. Promjer bu\u017eira 40 mm: samolubrikantni acetalni kompozit. Kuke: oja\u010dana nylonna kompozitna vlakna otporna na UV zra\u010denje. Rotiraju\u0107a karika: kovanog nehr\u0111aju\u0107eg \u010delika razreda 316. WL: Radno optere\u0107enje. BL: Optere\u0107enje pri lomu. NAPOMENA: Radno\/prekidno optere\u0107enje blokova s kampom temelji se na \u010dvrsto\u0107i kampe.<\/p>\n","protected":false},"excerpt":{"rendered":"<p>Koloturnik Master Windrider dvostruki 40 mm sa nosa\u010dem za konop do 10 mm &#8211; Master kompozitni blokovi sa niskim trenjem<\/p>\n","protected":false},"featured_media":5943833,"comment_status":"open","ping_status":"closed","template":"","meta":[],"product_brand":[3131],"product_cat":[1770],"product_tag":[],"class_list":{"0":"post-742508","1":"product","2":"type-product","3":"status-publish","4":"has-post-thumbnail","6":"product_brand-master-hr","7":"product_cat-master-koloture-za-jedrilice","9":"first","10":"instock","11":"shipping-taxable","12":"purchasable","13":"product-type-simple"},"_links":{"self":[{"href":"https:\/\/stoic-curie.212-227-153-4.plesk.page\/hr\/wp-json\/wp\/v2\/product\/742508","targetHints":{"allow":["GET"]}}],"collection":[{"href":"https:\/\/stoic-curie.212-227-153-4.plesk.page\/hr\/wp-json\/wp\/v2\/product"}],"about":[{"href":"https:\/\/stoic-curie.212-227-153-4.plesk.page\/hr\/wp-json\/wp\/v2\/types\/product"}],"replies":[{"embeddable":true,"href":"https:\/\/stoic-curie.212-227-153-4.plesk.page\/hr\/wp-json\/wp\/v2\/comments?post=742508"}],"version-history":[{"count":0,"href":"https:\/\/stoic-curie.212-227-153-4.plesk.page\/hr\/wp-json\/wp\/v2\/product\/742508\/revisions"}],"wp:featuredmedia":[{"embeddable":true,"href":"https:\/\/stoic-curie.212-227-153-4.plesk.page\/hr\/wp-json\/wp\/v2\/media\/5943833"}],"wp:attachment":[{"href":"https:\/\/stoic-curie.212-227-153-4.plesk.page\/hr\/wp-json\/wp\/v2\/media?parent=742508"}],"wp:term":[{"taxonomy":"product_brand","embeddable":true,"href":"https:\/\/stoic-curie.212-227-153-4.plesk.page\/hr\/wp-json\/wp\/v2\/product_brand?post=742508"},{"taxonomy":"product_cat","embeddable":true,"href":"https:\/\/stoic-curie.212-227-153-4.plesk.page\/hr\/wp-json\/wp\/v2\/product_cat?post=742508"},{"taxonomy":"product_tag","embeddable":true,"href":"https:\/\/stoic-curie.212-227-153-4.plesk.page\/hr\/wp-json\/wp\/v2\/product_tag?post=742508"}],"curies":[{"name":"wp","href":"https:\/\/api.w.org\/{rel}","templated":true}]}}