{"id":742509,"date":"2025-03-03T18:22:11","date_gmt":"2025-03-03T17:22:11","guid":{"rendered":"https:\/\/stoic-curie.212-227-153-4.plesk.page\/producto\/koloturnik-master-trostruki-40-mm-do-10-mm-konop\/"},"modified":"2026-02-25T00:01:00","modified_gmt":"2026-02-25T00:01:00","slug":"koloturnik-master-trostruki-40-mm-do-10-mm-konop","status":"publish","type":"product","link":"https:\/\/stoic-curie.212-227-153-4.plesk.page\/hr\/product\/koloturnik-master-trostruki-40-mm-do-10-mm-konop\/","title":{"rendered":"Koloturnik Master trostruki 40 mm do 10 mm konop"},"content":{"rendered":"<p>Koloturnik Master trostruki 40 mm do 10 mm konop &#8211; <\/p>\n<p>Master Composite kolo le\u017eajni blokovi s niskim trenjem osmi\u0161ljeni su za natjecateljsko jedrenje. Stranice od kompozitnog materijala visoke \u010dvrsto\u0107e osiguravaju vrhunske performanse pri radnim optere\u0107enjima. Imaju lijep dizajn i jednostavnu upotrebu. Kule: samosmazivi aketalni kompozit. Promjer kota\u010da 40 mm: samosmazivi aketalni kompozit. Vanjski dijelovi: oja\u010dani najlon kompozit s vlaknima stakla, UV stabiliziran. Okretni \u0161akal: Forged Grade 316 nehr\u0111aju\u0107i \u010delik. WL: Radno optere\u0107enje. BL: Ote\u017eano optere\u0107enje. NAPOMENA: Radno\/o\u0161te\u0107eno optere\u0107enje blokova s kamenom temelji se na \u010dvrsto\u0107i kamena.<\/p>\n","protected":false},"excerpt":{"rendered":"<p>Koloturnik Master trostruki 40 mm do 10 mm konop &#8211; Master Composite kolo le\u017eajni blokovi s niskim trenjem osmi\u0161ljeni su<\/p>\n","protected":false},"featured_media":5943838,"comment_status":"open","ping_status":"closed","template":"","meta":[],"product_brand":[3131],"product_cat":[1770],"product_tag":[],"class_list":{"0":"post-742509","1":"product","2":"type-product","3":"status-publish","4":"has-post-thumbnail","6":"product_brand-master-hr","7":"product_cat-master-koloture-za-jedrilice","9":"first","10":"instock","11":"shipping-taxable","12":"purchasable","13":"product-type-simple"},"_links":{"self":[{"href":"https:\/\/stoic-curie.212-227-153-4.plesk.page\/hr\/wp-json\/wp\/v2\/product\/742509","targetHints":{"allow":["GET"]}}],"collection":[{"href":"https:\/\/stoic-curie.212-227-153-4.plesk.page\/hr\/wp-json\/wp\/v2\/product"}],"about":[{"href":"https:\/\/stoic-curie.212-227-153-4.plesk.page\/hr\/wp-json\/wp\/v2\/types\/product"}],"replies":[{"embeddable":true,"href":"https:\/\/stoic-curie.212-227-153-4.plesk.page\/hr\/wp-json\/wp\/v2\/comments?post=742509"}],"version-history":[{"count":0,"href":"https:\/\/stoic-curie.212-227-153-4.plesk.page\/hr\/wp-json\/wp\/v2\/product\/742509\/revisions"}],"wp:featuredmedia":[{"embeddable":true,"href":"https:\/\/stoic-curie.212-227-153-4.plesk.page\/hr\/wp-json\/wp\/v2\/media\/5943838"}],"wp:attachment":[{"href":"https:\/\/stoic-curie.212-227-153-4.plesk.page\/hr\/wp-json\/wp\/v2\/media?parent=742509"}],"wp:term":[{"taxonomy":"product_brand","embeddable":true,"href":"https:\/\/stoic-curie.212-227-153-4.plesk.page\/hr\/wp-json\/wp\/v2\/product_brand?post=742509"},{"taxonomy":"product_cat","embeddable":true,"href":"https:\/\/stoic-curie.212-227-153-4.plesk.page\/hr\/wp-json\/wp\/v2\/product_cat?post=742509"},{"taxonomy":"product_tag","embeddable":true,"href":"https:\/\/stoic-curie.212-227-153-4.plesk.page\/hr\/wp-json\/wp\/v2\/product_tag?post=742509"}],"curies":[{"name":"wp","href":"https:\/\/api.w.org\/{rel}","templated":true}]}}