{"id":742510,"date":"2025-03-03T18:22:11","date_gmt":"2025-03-03T17:22:11","guid":{"rendered":"https:\/\/stoic-curie.212-227-153-4.plesk.page\/producto\/koloturnik-master-trostruki-sa-nosacem-40-mm-za-konop-do-10-mm\/"},"modified":"2026-02-25T00:01:00","modified_gmt":"2026-02-25T00:01:00","slug":"koloturnik-master-trostruki-sa-nosacem-40-mm-za-konop-do-10-mm","status":"publish","type":"product","link":"https:\/\/stoic-curie.212-227-153-4.plesk.page\/hr\/product\/koloturnik-master-trostruki-sa-nosacem-40-mm-za-konop-do-10-mm\/","title":{"rendered":"Koloturnik Master trostruki sa nosa\u010dem 40 mm za konop do 10 mm"},"content":{"rendered":"<p>Koloturnik Master trostruki sa nosa\u010dem 40 mm za konop do 10 mm &#8211; <\/p>\n<p>Master kompozitni blokovi s niskim trenjem dizajnirani su za natjecateljsko jedrenje. Bo\u010dne plo\u010de od visoko otpornog kompozita osiguravaju vrhunske performanse pod radnim optere\u0107enjima. Prekrasan dizajn i jednostavno kori\u0161tenje. Le\u017eajevi: samolubrikantni acetalni kompozit. Promjer kolotura 40 mm: samolubrikantni acetalni kompozit. Zidovi: oja\u010dani kompozitni nylon sa staklenim vlaknima, UV stabiliziran. Rotiraju\u0107i okov: kaljeno nehr\u0111aju\u0107e \u010delik razreda 316. WL: Radno optere\u0107enje. BL: Breaking Load. NAPOMENA: Radno\/prekidno optere\u0107enje blokova sa stegom temelji se na \u010dvrsto\u0107i stege.<\/p>\n","protected":false},"excerpt":{"rendered":"<p>Koloturnik Master trostruki sa nosa\u010dem 40 mm za konop do 10 mm &#8211; Master kompozitni blokovi s niskim trenjem dizajnirani<\/p>\n","protected":false},"featured_media":5943839,"comment_status":"open","ping_status":"closed","template":"","meta":[],"product_brand":[3131],"product_cat":[1770],"product_tag":[],"class_list":{"0":"post-742510","1":"product","2":"type-product","3":"status-publish","4":"has-post-thumbnail","6":"product_brand-master-hr","7":"product_cat-master-koloture-za-jedrilice","9":"first","10":"instock","11":"shipping-taxable","12":"purchasable","13":"product-type-simple"},"_links":{"self":[{"href":"https:\/\/stoic-curie.212-227-153-4.plesk.page\/hr\/wp-json\/wp\/v2\/product\/742510","targetHints":{"allow":["GET"]}}],"collection":[{"href":"https:\/\/stoic-curie.212-227-153-4.plesk.page\/hr\/wp-json\/wp\/v2\/product"}],"about":[{"href":"https:\/\/stoic-curie.212-227-153-4.plesk.page\/hr\/wp-json\/wp\/v2\/types\/product"}],"replies":[{"embeddable":true,"href":"https:\/\/stoic-curie.212-227-153-4.plesk.page\/hr\/wp-json\/wp\/v2\/comments?post=742510"}],"version-history":[{"count":0,"href":"https:\/\/stoic-curie.212-227-153-4.plesk.page\/hr\/wp-json\/wp\/v2\/product\/742510\/revisions"}],"wp:featuredmedia":[{"embeddable":true,"href":"https:\/\/stoic-curie.212-227-153-4.plesk.page\/hr\/wp-json\/wp\/v2\/media\/5943839"}],"wp:attachment":[{"href":"https:\/\/stoic-curie.212-227-153-4.plesk.page\/hr\/wp-json\/wp\/v2\/media?parent=742510"}],"wp:term":[{"taxonomy":"product_brand","embeddable":true,"href":"https:\/\/stoic-curie.212-227-153-4.plesk.page\/hr\/wp-json\/wp\/v2\/product_brand?post=742510"},{"taxonomy":"product_cat","embeddable":true,"href":"https:\/\/stoic-curie.212-227-153-4.plesk.page\/hr\/wp-json\/wp\/v2\/product_cat?post=742510"},{"taxonomy":"product_tag","embeddable":true,"href":"https:\/\/stoic-curie.212-227-153-4.plesk.page\/hr\/wp-json\/wp\/v2\/product_tag?post=742510"}],"curies":[{"name":"wp","href":"https:\/\/api.w.org\/{rel}","templated":true}]}}