{"id":742511,"date":"2025-03-03T18:22:12","date_gmt":"2025-03-03T17:22:12","guid":{"rendered":"https:\/\/stoic-curie.212-227-153-4.plesk.page\/producto\/koloturnik-master-trostruki-nosac-i-stoper-40mm-za-konop-8mm\/"},"modified":"2026-02-25T00:01:00","modified_gmt":"2026-02-25T00:01:00","slug":"koloturnik-master-trostruki-nosac-i-stoper-40mm-za-konop-8mm","status":"publish","type":"product","link":"https:\/\/stoic-curie.212-227-153-4.plesk.page\/hr\/product\/koloturnik-master-trostruki-nosac-i-stoper-40mm-za-konop-8mm\/","title":{"rendered":"Koloturnik Master trostruki + nosa\u010d i \u0161toper 40mm za konop 8mm"},"content":{"rendered":"<p>Koloturnik Master trostruki + nosa\u010d i \u0161toper 40mm za konop 8mm &#8211; <\/p>\n<p>Master kompozitne blokade lopatice sa niskom trenjem osmi\u0161ljene su za natjecateljsko jedrenje. Visokotla\u010dne kompozitne strane omogu\u0107uju vrhunske performanse radnih optere\u0107enja. Prekrasan dizajn i jednostavna upotreba.<br \/> Kugli\u010dni le\u017eajevi: samouslu\u017eni acetalni kompozit<br \/> Promjer kota\u010da 40 mm: samouslu\u017eni acetalni kompozit<br \/> Stranice: oja\u010dani kompozit od nylon vlakna, UV stabiliziran<br \/> Rotiraju\u0107a om\u010da: Forged Grade 316 nehr\u0111aju\u0107i \u010delik<br \/> WL: Radno optere\u0107enje<br \/> BL: Optere\u0107enje loma<br \/> NAPOMENA: Radno\/optere\u0107enje loma blokova s kukom ovisi o \u010dvrsto\u0107i kuke.<\/p>\n","protected":false},"excerpt":{"rendered":"<p>Koloturnik Master trostruki + nosa\u010d i \u0161toper 40mm za konop 8mm &#8211; Master kompozitne blokade lopatice sa niskom trenjem osmi\u0161ljene<\/p>\n","protected":false},"featured_media":5943840,"comment_status":"open","ping_status":"closed","template":"","meta":[],"product_brand":[3131],"product_cat":[1770],"product_tag":[],"class_list":{"0":"post-742511","1":"product","2":"type-product","3":"status-publish","4":"has-post-thumbnail","6":"product_brand-master-hr","7":"product_cat-master-koloture-za-jedrilice","9":"first","10":"instock","11":"shipping-taxable","12":"purchasable","13":"product-type-simple"},"_links":{"self":[{"href":"https:\/\/stoic-curie.212-227-153-4.plesk.page\/hr\/wp-json\/wp\/v2\/product\/742511","targetHints":{"allow":["GET"]}}],"collection":[{"href":"https:\/\/stoic-curie.212-227-153-4.plesk.page\/hr\/wp-json\/wp\/v2\/product"}],"about":[{"href":"https:\/\/stoic-curie.212-227-153-4.plesk.page\/hr\/wp-json\/wp\/v2\/types\/product"}],"replies":[{"embeddable":true,"href":"https:\/\/stoic-curie.212-227-153-4.plesk.page\/hr\/wp-json\/wp\/v2\/comments?post=742511"}],"version-history":[{"count":0,"href":"https:\/\/stoic-curie.212-227-153-4.plesk.page\/hr\/wp-json\/wp\/v2\/product\/742511\/revisions"}],"wp:featuredmedia":[{"embeddable":true,"href":"https:\/\/stoic-curie.212-227-153-4.plesk.page\/hr\/wp-json\/wp\/v2\/media\/5943840"}],"wp:attachment":[{"href":"https:\/\/stoic-curie.212-227-153-4.plesk.page\/hr\/wp-json\/wp\/v2\/media?parent=742511"}],"wp:term":[{"taxonomy":"product_brand","embeddable":true,"href":"https:\/\/stoic-curie.212-227-153-4.plesk.page\/hr\/wp-json\/wp\/v2\/product_brand?post=742511"},{"taxonomy":"product_cat","embeddable":true,"href":"https:\/\/stoic-curie.212-227-153-4.plesk.page\/hr\/wp-json\/wp\/v2\/product_cat?post=742511"},{"taxonomy":"product_tag","embeddable":true,"href":"https:\/\/stoic-curie.212-227-153-4.plesk.page\/hr\/wp-json\/wp\/v2\/product_tag?post=742511"}],"curies":[{"name":"wp","href":"https:\/\/api.w.org\/{rel}","templated":true}]}}