{"id":742512,"date":"2025-03-03T18:22:12","date_gmt":"2025-03-03T17:22:12","guid":{"rendered":"https:\/\/stoic-curie.212-227-153-4.plesk.page\/producto\/koloturnik-jednostruki-s-granicnikom-master-windrider-57mm-za-konope-do-10mm\/"},"modified":"2026-02-25T00:01:00","modified_gmt":"2026-02-25T00:01:00","slug":"koloturnik-jednostruki-s-granicnikom-master-windrider-57mm-za-konope-do-10mm","status":"publish","type":"product","link":"https:\/\/stoic-curie.212-227-153-4.plesk.page\/hr\/product\/koloturnik-jednostruki-s-granicnikom-master-windrider-57mm-za-konope-do-10mm\/","title":{"rendered":"Koloturnik jednostruki s grani\u010dnikom Master Windrider 57mm za konope do 10mm"},"content":{"rendered":"<p>Koloturnik jednostruki s grani\u010dnikom Master Windrider 57mm za konope do 10mm &#8211; <\/p>\n<p>Master kompozitni blokovi kugli\u010dnih le\u017eajeva s niskim trenjem dizajnirani su za natjecateljsko jedrenje. Bo\u010dne plo\u010de od kompozita visoke \u010dvrsto\u0107e pru\u017eaju vrhunske performanse pri radnim optere\u0107enjima. Njihov prekrasan dizajn i jednostavna upotreba \u010dine ih vrlo privla\u010dnima. Kori\u0161teni le\u017eajevi: samosmazivi acetalni kompozit. Promjer kolotura 57 mm: samosmazivi acetalni kompozit. Cheeks: oja\u010dani najlon kompozit od staklenih vlakana stabiliziran UV zracima. Okretni u\u0161ica: forgirani nehr\u0111aju\u0107i \u010delik razreda 316. WL: Radno optere\u0107enje. BL: Opo\u017earni teret. NAPOMENA: Radno\/opekline optere\u0107enja blokova s kamenjem temelji se na \u010dvrsto\u0107i kamena.<\/p>\n","protected":false},"excerpt":{"rendered":"<p>Koloturnik jednostruki s grani\u010dnikom Master Windrider 57mm za konope do 10mm &#8211; Master kompozitni blokovi kugli\u010dnih le\u017eajeva s niskim trenjem<\/p>\n","protected":false},"featured_media":5943842,"comment_status":"open","ping_status":"closed","template":"","meta":[],"product_brand":[3131,2291],"product_cat":[1770],"product_tag":[],"class_list":{"0":"post-742512","1":"product","2":"type-product","3":"status-publish","4":"has-post-thumbnail","6":"product_brand-master-hr","7":"product_brand-master","8":"product_cat-master-koloture-za-jedrilice","10":"first","11":"instock","12":"shipping-taxable","13":"purchasable","14":"product-type-simple"},"_links":{"self":[{"href":"https:\/\/stoic-curie.212-227-153-4.plesk.page\/hr\/wp-json\/wp\/v2\/product\/742512","targetHints":{"allow":["GET"]}}],"collection":[{"href":"https:\/\/stoic-curie.212-227-153-4.plesk.page\/hr\/wp-json\/wp\/v2\/product"}],"about":[{"href":"https:\/\/stoic-curie.212-227-153-4.plesk.page\/hr\/wp-json\/wp\/v2\/types\/product"}],"replies":[{"embeddable":true,"href":"https:\/\/stoic-curie.212-227-153-4.plesk.page\/hr\/wp-json\/wp\/v2\/comments?post=742512"}],"version-history":[{"count":0,"href":"https:\/\/stoic-curie.212-227-153-4.plesk.page\/hr\/wp-json\/wp\/v2\/product\/742512\/revisions"}],"wp:featuredmedia":[{"embeddable":true,"href":"https:\/\/stoic-curie.212-227-153-4.plesk.page\/hr\/wp-json\/wp\/v2\/media\/5943842"}],"wp:attachment":[{"href":"https:\/\/stoic-curie.212-227-153-4.plesk.page\/hr\/wp-json\/wp\/v2\/media?parent=742512"}],"wp:term":[{"taxonomy":"product_brand","embeddable":true,"href":"https:\/\/stoic-curie.212-227-153-4.plesk.page\/hr\/wp-json\/wp\/v2\/product_brand?post=742512"},{"taxonomy":"product_cat","embeddable":true,"href":"https:\/\/stoic-curie.212-227-153-4.plesk.page\/hr\/wp-json\/wp\/v2\/product_cat?post=742512"},{"taxonomy":"product_tag","embeddable":true,"href":"https:\/\/stoic-curie.212-227-153-4.plesk.page\/hr\/wp-json\/wp\/v2\/product_tag?post=742512"}],"curies":[{"name":"wp","href":"https:\/\/api.w.org\/{rel}","templated":true}]}}