{"id":742513,"date":"2025-03-03T18:22:12","date_gmt":"2025-03-03T17:22:12","guid":{"rendered":"https:\/\/stoic-curie.212-227-153-4.plesk.page\/producto\/koloturnik-master-windrider-dvostruki-57-mm-sa-nosacem-za-konop-do-10-mm\/"},"modified":"2026-02-25T00:01:00","modified_gmt":"2026-02-25T00:01:00","slug":"koloturnik-master-windrider-dvostruki-57-mm-sa-nosacem-za-konop-do-10-mm","status":"publish","type":"product","link":"https:\/\/stoic-curie.212-227-153-4.plesk.page\/hr\/product\/koloturnik-master-windrider-dvostruki-57-mm-sa-nosacem-za-konop-do-10-mm\/","title":{"rendered":"Koloturnik Master Windrider dvostruki 57 mm sa nosa\u010dem za konop do 10 mm"},"content":{"rendered":"<p>Koloturnik Master Windrider dvostruki 57 mm sa nosa\u010dem za konop do 10 mm &#8211; <\/p>\n<p>Master kompozitni blokovi s niskim trenjem su dizajnirani za natjecateljsko jedrenje. Strane od visokotla\u010dnog kompozita osiguravaju vrhunske performanse pri optere\u0107enju. Prekrasan dizajn i jednostavna upotreba. Kugli\u010dni le\u017eajevi: samosmazni acetalni kompozit. Promjer kota\u010da 57 mm: samosmazni acetalni kompozit. Bo\u010dne povr\u0161ine: oja\u010dani najlon kompozit s fiberglasom, stabiliziran UV zra\u010denjem. Rotacijska vezica: kovani nehr\u0111aju\u0107i \u010delik razreda 316. WL: Radno optere\u0107enje. BL: Optere\u0107enje loma. NAPOMENA: Radno\/optere\u0107enje loma blokova s kamerom temelji se na \u010dvrsto\u0107i kamere.<\/p>\n","protected":false},"excerpt":{"rendered":"<p>Koloturnik Master Windrider dvostruki 57 mm sa nosa\u010dem za konop do 10 mm &#8211; Master kompozitni blokovi s niskim trenjem<\/p>\n","protected":false},"featured_media":5943843,"comment_status":"open","ping_status":"closed","template":"","meta":[],"product_brand":[3131],"product_cat":[1770],"product_tag":[],"class_list":{"0":"post-742513","1":"product","2":"type-product","3":"status-publish","4":"has-post-thumbnail","6":"product_brand-master-hr","7":"product_cat-master-koloture-za-jedrilice","9":"first","10":"instock","11":"shipping-taxable","12":"purchasable","13":"product-type-simple"},"_links":{"self":[{"href":"https:\/\/stoic-curie.212-227-153-4.plesk.page\/hr\/wp-json\/wp\/v2\/product\/742513","targetHints":{"allow":["GET"]}}],"collection":[{"href":"https:\/\/stoic-curie.212-227-153-4.plesk.page\/hr\/wp-json\/wp\/v2\/product"}],"about":[{"href":"https:\/\/stoic-curie.212-227-153-4.plesk.page\/hr\/wp-json\/wp\/v2\/types\/product"}],"replies":[{"embeddable":true,"href":"https:\/\/stoic-curie.212-227-153-4.plesk.page\/hr\/wp-json\/wp\/v2\/comments?post=742513"}],"version-history":[{"count":0,"href":"https:\/\/stoic-curie.212-227-153-4.plesk.page\/hr\/wp-json\/wp\/v2\/product\/742513\/revisions"}],"wp:featuredmedia":[{"embeddable":true,"href":"https:\/\/stoic-curie.212-227-153-4.plesk.page\/hr\/wp-json\/wp\/v2\/media\/5943843"}],"wp:attachment":[{"href":"https:\/\/stoic-curie.212-227-153-4.plesk.page\/hr\/wp-json\/wp\/v2\/media?parent=742513"}],"wp:term":[{"taxonomy":"product_brand","embeddable":true,"href":"https:\/\/stoic-curie.212-227-153-4.plesk.page\/hr\/wp-json\/wp\/v2\/product_brand?post=742513"},{"taxonomy":"product_cat","embeddable":true,"href":"https:\/\/stoic-curie.212-227-153-4.plesk.page\/hr\/wp-json\/wp\/v2\/product_cat?post=742513"},{"taxonomy":"product_tag","embeddable":true,"href":"https:\/\/stoic-curie.212-227-153-4.plesk.page\/hr\/wp-json\/wp\/v2\/product_tag?post=742513"}],"curies":[{"name":"wp","href":"https:\/\/api.w.org\/{rel}","templated":true}]}}