{"id":742514,"date":"2025-03-03T18:22:12","date_gmt":"2025-03-03T17:22:12","guid":{"rendered":"https:\/\/stoic-curie.212-227-153-4.plesk.page\/producto\/trostruki-koloturnik-master-windrider-57-mm-konop-do-10-mm\/"},"modified":"2026-02-25T00:01:00","modified_gmt":"2026-02-25T00:01:00","slug":"trostruki-koloturnik-master-windrider-57-mm-konop-do-10-mm","status":"publish","type":"product","link":"https:\/\/stoic-curie.212-227-153-4.plesk.page\/hr\/product\/trostruki-koloturnik-master-windrider-57-mm-konop-do-10-mm\/","title":{"rendered":"Trostruki koloturnik Master Windrider 57 mm, konop do 10 mm"},"content":{"rendered":"<p>Trostruki koloturnik Master Windrider 57 mm, konop do 10 mm &#8211; <\/p>\n<p>Master kompozitni blokovi sa malim trenjem su dizajnirani za natjecateljsko jedrenje. Bo\u010dne plo\u010de od visoko jakog kompozita osiguravaju vrhunske performanse radnih optere\u0107enja. Prekrasan dizajn i jednostavna upotreba. Le\u017eajevi: samolubrikantni acetalni kompozit. Promjer sheave 57 mm: samolubrikantni acetalni kompozit. Strane: oja\u010dani kompozit od najlona od staklenih vlakana, UV stabiliziran. Okretni okov: kovanog \u010delika razreda 316. WL: Radno optere\u0107enje. BL: Kriticalno optere\u0107enje. NAPOMENA: Radno\/kriti\u010dno optere\u0107enje blokova s kuku temelji se na \u010dvrsto\u0107i kuke.<\/p>\n","protected":false},"excerpt":{"rendered":"<p>Trostruki koloturnik Master Windrider 57 mm, konop do 10 mm &#8211; Master kompozitni blokovi sa malim trenjem su dizajnirani za<\/p>\n","protected":false},"featured_media":5942817,"comment_status":"open","ping_status":"closed","template":"","meta":[],"product_brand":[3131],"product_cat":[1770],"product_tag":[],"class_list":{"0":"post-742514","1":"product","2":"type-product","3":"status-publish","4":"has-post-thumbnail","6":"product_brand-master-hr","7":"product_cat-master-koloture-za-jedrilice","9":"first","10":"instock","11":"shipping-taxable","12":"purchasable","13":"product-type-simple"},"_links":{"self":[{"href":"https:\/\/stoic-curie.212-227-153-4.plesk.page\/hr\/wp-json\/wp\/v2\/product\/742514","targetHints":{"allow":["GET"]}}],"collection":[{"href":"https:\/\/stoic-curie.212-227-153-4.plesk.page\/hr\/wp-json\/wp\/v2\/product"}],"about":[{"href":"https:\/\/stoic-curie.212-227-153-4.plesk.page\/hr\/wp-json\/wp\/v2\/types\/product"}],"replies":[{"embeddable":true,"href":"https:\/\/stoic-curie.212-227-153-4.plesk.page\/hr\/wp-json\/wp\/v2\/comments?post=742514"}],"version-history":[{"count":0,"href":"https:\/\/stoic-curie.212-227-153-4.plesk.page\/hr\/wp-json\/wp\/v2\/product\/742514\/revisions"}],"wp:featuredmedia":[{"embeddable":true,"href":"https:\/\/stoic-curie.212-227-153-4.plesk.page\/hr\/wp-json\/wp\/v2\/media\/5942817"}],"wp:attachment":[{"href":"https:\/\/stoic-curie.212-227-153-4.plesk.page\/hr\/wp-json\/wp\/v2\/media?parent=742514"}],"wp:term":[{"taxonomy":"product_brand","embeddable":true,"href":"https:\/\/stoic-curie.212-227-153-4.plesk.page\/hr\/wp-json\/wp\/v2\/product_brand?post=742514"},{"taxonomy":"product_cat","embeddable":true,"href":"https:\/\/stoic-curie.212-227-153-4.plesk.page\/hr\/wp-json\/wp\/v2\/product_cat?post=742514"},{"taxonomy":"product_tag","embeddable":true,"href":"https:\/\/stoic-curie.212-227-153-4.plesk.page\/hr\/wp-json\/wp\/v2\/product_tag?post=742514"}],"curies":[{"name":"wp","href":"https:\/\/api.w.org\/{rel}","templated":true}]}}