{"id":742515,"date":"2025-03-03T18:22:13","date_gmt":"2025-03-03T17:22:13","guid":{"rendered":"https:\/\/stoic-curie.212-227-153-4.plesk.page\/producto\/koloturnik-master-trostruki-sa-nosacem-57-mm-za-konop-do-10-mm\/"},"modified":"2026-02-25T00:01:00","modified_gmt":"2026-02-25T00:01:00","slug":"koloturnik-master-trostruki-sa-nosacem-57-mm-za-konop-do-10-mm","status":"publish","type":"product","link":"https:\/\/stoic-curie.212-227-153-4.plesk.page\/hr\/product\/koloturnik-master-trostruki-sa-nosacem-57-mm-za-konop-do-10-mm\/","title":{"rendered":"Koloturnik Master trostruki sa nosa\u010dem 57 mm za konop do 10 mm"},"content":{"rendered":"<p>Koloturnik Master trostruki sa nosa\u010dem 57 mm za konop do 10 mm &#8211; <\/p>\n<p>Master kompozitne blokove s niskim trenjem su dizajnirani za natjecateljsko jedrenje. Bo\u010dne plo\u010de visoke \u010dvrsto\u0107e od kompozita pru\u017eaju vrhunske performanse pri radnim optere\u0107enjima. Prekrasan dizajn i jednostavna upotreba \u010dine ih idealnim za kori\u0161tenje. <br \/> Kugli\u010dni le\u017eajevi: samosmazivi acetalni kompozit <br \/> Promjer remenice 57 mm: samosmazivi acetalni kompozit <br \/> Bo\u010dne strane: oja\u010dani kompozit od najlona s vlaknima stakla, UV stabiliziran <br \/> Okretni karabiner: forgirano nehr\u0111aju\u0107i \u010delik razreda 316 <br \/> WL: Radno Optere\u0107enje <br \/> BL: Optere\u0107enje Loma <br \/> NAPOMENA: Radno\/prekidno optere\u0107enje blokova s kamom temelji se na \u010dvrsto\u0107i same mase.<\/p>\n","protected":false},"excerpt":{"rendered":"<p>Koloturnik Master trostruki sa nosa\u010dem 57 mm za konop do 10 mm &#8211; Master kompozitne blokove s niskim trenjem su<\/p>\n","protected":false},"featured_media":5943844,"comment_status":"open","ping_status":"closed","template":"","meta":[],"product_brand":[3131],"product_cat":[1770],"product_tag":[],"class_list":{"0":"post-742515","1":"product","2":"type-product","3":"status-publish","4":"has-post-thumbnail","6":"product_brand-master-hr","7":"product_cat-master-koloture-za-jedrilice","9":"first","10":"instock","11":"shipping-taxable","12":"purchasable","13":"product-type-simple"},"_links":{"self":[{"href":"https:\/\/stoic-curie.212-227-153-4.plesk.page\/hr\/wp-json\/wp\/v2\/product\/742515","targetHints":{"allow":["GET"]}}],"collection":[{"href":"https:\/\/stoic-curie.212-227-153-4.plesk.page\/hr\/wp-json\/wp\/v2\/product"}],"about":[{"href":"https:\/\/stoic-curie.212-227-153-4.plesk.page\/hr\/wp-json\/wp\/v2\/types\/product"}],"replies":[{"embeddable":true,"href":"https:\/\/stoic-curie.212-227-153-4.plesk.page\/hr\/wp-json\/wp\/v2\/comments?post=742515"}],"version-history":[{"count":0,"href":"https:\/\/stoic-curie.212-227-153-4.plesk.page\/hr\/wp-json\/wp\/v2\/product\/742515\/revisions"}],"wp:featuredmedia":[{"embeddable":true,"href":"https:\/\/stoic-curie.212-227-153-4.plesk.page\/hr\/wp-json\/wp\/v2\/media\/5943844"}],"wp:attachment":[{"href":"https:\/\/stoic-curie.212-227-153-4.plesk.page\/hr\/wp-json\/wp\/v2\/media?parent=742515"}],"wp:term":[{"taxonomy":"product_brand","embeddable":true,"href":"https:\/\/stoic-curie.212-227-153-4.plesk.page\/hr\/wp-json\/wp\/v2\/product_brand?post=742515"},{"taxonomy":"product_cat","embeddable":true,"href":"https:\/\/stoic-curie.212-227-153-4.plesk.page\/hr\/wp-json\/wp\/v2\/product_cat?post=742515"},{"taxonomy":"product_tag","embeddable":true,"href":"https:\/\/stoic-curie.212-227-153-4.plesk.page\/hr\/wp-json\/wp\/v2\/product_tag?post=742515"}],"curies":[{"name":"wp","href":"https:\/\/api.w.org\/{rel}","templated":true}]}}