{"id":742516,"date":"2025-03-03T18:22:13","date_gmt":"2025-03-03T17:22:13","guid":{"rendered":"https:\/\/stoic-curie.212-227-153-4.plesk.page\/producto\/koloturnik-master-trostruki-nosac-i-stoper-57mm-za-konop-10mm\/"},"modified":"2026-02-25T00:01:00","modified_gmt":"2026-02-25T00:01:00","slug":"koloturnik-master-trostruki-nosac-i-stoper-57mm-za-konop-10mm","status":"publish","type":"product","link":"https:\/\/stoic-curie.212-227-153-4.plesk.page\/hr\/product\/koloturnik-master-trostruki-nosac-i-stoper-57mm-za-konop-10mm\/","title":{"rendered":"Koloturnik Master trostruki + nosa\u010d i \u0161toper 57mm za konop 10mm"},"content":{"rendered":"<p>Koloturnik Master trostruki + nosa\u010d i \u0161toper 57mm za konop 10mm &#8211; <\/p>\n<p>Master kompozitne blokove le\u017eajeva s niskim trenjem dizajnirane su za natjecateljsko jedrenje. Visokotla\u010dne kompozitne bo\u010dne plo\u010de pru\u017eaju vrhunske performanse radnih optere\u0107enja. Predivan dizajn i jednostavna upotreba.<br \/> Le\u017eajevi: samopro\u010di\u0161\u0107eni acetalni kompozit.<br \/> Promjer remenice 57 mm: samopro\u010di\u0161\u0107eni acetalni kompozit.<br \/> Bo\u010dne strane: oja\u010dani kompozit od staklenih vlakana i nylon, UV stabiliziran.<br \/> Rotiraju\u0107a om\u010da: kovanog nehr\u0111aju\u0107eg \u010delika razreda 316.<br \/> WL: Radno optere\u0107enje<br \/> BL: Optere\u0107enje lomljenja<br \/> NAPOMENA: Radno\/optere\u0107enje lomljenja blokada s polugom temelji se na \u010dvrsto\u0107i poluge.<\/p>\n","protected":false},"excerpt":{"rendered":"<p>Koloturnik Master trostruki + nosa\u010d i \u0161toper 57mm za konop 10mm &#8211; Master kompozitne blokove le\u017eajeva s niskim trenjem dizajnirane<\/p>\n","protected":false},"featured_media":5943845,"comment_status":"open","ping_status":"closed","template":"","meta":[],"product_brand":[3131],"product_cat":[1770],"product_tag":[],"class_list":{"0":"post-742516","1":"product","2":"type-product","3":"status-publish","4":"has-post-thumbnail","6":"product_brand-master-hr","7":"product_cat-master-koloture-za-jedrilice","9":"first","10":"instock","11":"shipping-taxable","12":"purchasable","13":"product-type-simple"},"_links":{"self":[{"href":"https:\/\/stoic-curie.212-227-153-4.plesk.page\/hr\/wp-json\/wp\/v2\/product\/742516","targetHints":{"allow":["GET"]}}],"collection":[{"href":"https:\/\/stoic-curie.212-227-153-4.plesk.page\/hr\/wp-json\/wp\/v2\/product"}],"about":[{"href":"https:\/\/stoic-curie.212-227-153-4.plesk.page\/hr\/wp-json\/wp\/v2\/types\/product"}],"replies":[{"embeddable":true,"href":"https:\/\/stoic-curie.212-227-153-4.plesk.page\/hr\/wp-json\/wp\/v2\/comments?post=742516"}],"version-history":[{"count":0,"href":"https:\/\/stoic-curie.212-227-153-4.plesk.page\/hr\/wp-json\/wp\/v2\/product\/742516\/revisions"}],"wp:featuredmedia":[{"embeddable":true,"href":"https:\/\/stoic-curie.212-227-153-4.plesk.page\/hr\/wp-json\/wp\/v2\/media\/5943845"}],"wp:attachment":[{"href":"https:\/\/stoic-curie.212-227-153-4.plesk.page\/hr\/wp-json\/wp\/v2\/media?parent=742516"}],"wp:term":[{"taxonomy":"product_brand","embeddable":true,"href":"https:\/\/stoic-curie.212-227-153-4.plesk.page\/hr\/wp-json\/wp\/v2\/product_brand?post=742516"},{"taxonomy":"product_cat","embeddable":true,"href":"https:\/\/stoic-curie.212-227-153-4.plesk.page\/hr\/wp-json\/wp\/v2\/product_cat?post=742516"},{"taxonomy":"product_tag","embeddable":true,"href":"https:\/\/stoic-curie.212-227-153-4.plesk.page\/hr\/wp-json\/wp\/v2\/product_tag?post=742516"}],"curies":[{"name":"wp","href":"https:\/\/api.w.org\/{rel}","templated":true}]}}