{"id":742517,"date":"2025-03-03T18:22:13","date_gmt":"2025-03-03T17:22:13","guid":{"rendered":"https:\/\/stoic-curie.212-227-153-4.plesk.page\/producto\/koloturnik-master-jednostruki-s-nosacem-i-stoperom-57-mm-za-konop-10-mm\/"},"modified":"2026-02-25T00:01:00","modified_gmt":"2026-02-25T00:01:00","slug":"koloturnik-master-jednostruki-s-nosacem-i-stoperom-57-mm-za-konop-10-mm","status":"publish","type":"product","link":"https:\/\/stoic-curie.212-227-153-4.plesk.page\/hr\/product\/koloturnik-master-jednostruki-s-nosacem-i-stoperom-57-mm-za-konop-10-mm\/","title":{"rendered":"Koloturnik Master jednostruki s nosa\u010dem i \u0161toperom 57 mm za konop 10 mm"},"content":{"rendered":"<p>Koloturnik Master jednostruki s nosa\u010dem i \u0161toperom 57 mm za konop 10 mm &#8211; <\/p>\n<p>Master kompozitni blokovi le\u017eajeva s niskim trenjem namijenjeni su natjecateljskom jedrenju. Plasti\u010dne strane visoke \u010dvrsto\u0107e osiguravaju vrhunske performanse pri radnim optere\u0107enjima. Prekrasan dizajn i jednostavna upotreba.<br \/>Le\u017eajevi: samo podmazana acetal kompozit<br \/>Promjer remenice 57 mm: samo podmazana acetal kompozit<br \/>Bo\u010dne strane: oja\u010dani najlon kompozit od staklenih vlakana, UV stabiliziran<br \/>Rotiraju\u0107a spojka: kovanog nehr\u0111aju\u0107eg \u010delika razreda 316<br \/>WL: Radno optere\u0107enje<br \/>BL: Optere\u0107enje prekida<br \/>NAPOMENA: Radno\/optere\u0107enje blokova s klemom temelji se na \u010dvrsto\u0107i kleme.<\/p>\n","protected":false},"excerpt":{"rendered":"<p>Koloturnik Master jednostruki s nosa\u010dem i \u0161toperom 57 mm za konop 10 mm &#8211; Master kompozitni blokovi le\u017eajeva s niskim<\/p>\n","protected":false},"featured_media":5943846,"comment_status":"open","ping_status":"closed","template":"","meta":[],"product_brand":[3131],"product_cat":[1770],"product_tag":[],"class_list":{"0":"post-742517","1":"product","2":"type-product","3":"status-publish","4":"has-post-thumbnail","6":"product_brand-master-hr","7":"product_cat-master-koloture-za-jedrilice","9":"first","10":"instock","11":"shipping-taxable","12":"purchasable","13":"product-type-simple"},"_links":{"self":[{"href":"https:\/\/stoic-curie.212-227-153-4.plesk.page\/hr\/wp-json\/wp\/v2\/product\/742517","targetHints":{"allow":["GET"]}}],"collection":[{"href":"https:\/\/stoic-curie.212-227-153-4.plesk.page\/hr\/wp-json\/wp\/v2\/product"}],"about":[{"href":"https:\/\/stoic-curie.212-227-153-4.plesk.page\/hr\/wp-json\/wp\/v2\/types\/product"}],"replies":[{"embeddable":true,"href":"https:\/\/stoic-curie.212-227-153-4.plesk.page\/hr\/wp-json\/wp\/v2\/comments?post=742517"}],"version-history":[{"count":0,"href":"https:\/\/stoic-curie.212-227-153-4.plesk.page\/hr\/wp-json\/wp\/v2\/product\/742517\/revisions"}],"wp:featuredmedia":[{"embeddable":true,"href":"https:\/\/stoic-curie.212-227-153-4.plesk.page\/hr\/wp-json\/wp\/v2\/media\/5943846"}],"wp:attachment":[{"href":"https:\/\/stoic-curie.212-227-153-4.plesk.page\/hr\/wp-json\/wp\/v2\/media?parent=742517"}],"wp:term":[{"taxonomy":"product_brand","embeddable":true,"href":"https:\/\/stoic-curie.212-227-153-4.plesk.page\/hr\/wp-json\/wp\/v2\/product_brand?post=742517"},{"taxonomy":"product_cat","embeddable":true,"href":"https:\/\/stoic-curie.212-227-153-4.plesk.page\/hr\/wp-json\/wp\/v2\/product_cat?post=742517"},{"taxonomy":"product_tag","embeddable":true,"href":"https:\/\/stoic-curie.212-227-153-4.plesk.page\/hr\/wp-json\/wp\/v2\/product_tag?post=742517"}],"curies":[{"name":"wp","href":"https:\/\/api.w.org\/{rel}","templated":true}]}}