{"id":742518,"date":"2025-03-03T18:22:13","date_gmt":"2025-03-03T17:22:13","guid":{"rendered":"https:\/\/stoic-curie.212-227-153-4.plesk.page\/producto\/koloturnik-master-windrider-jednostruki-75-mm-za-konop-do-14-mm\/"},"modified":"2026-02-25T00:01:00","modified_gmt":"2026-02-25T00:01:00","slug":"koloturnik-master-windrider-jednostruki-75-mm-za-konop-do-14-mm","status":"publish","type":"product","link":"https:\/\/stoic-curie.212-227-153-4.plesk.page\/hr\/product\/koloturnik-master-windrider-jednostruki-75-mm-za-konop-do-14-mm\/","title":{"rendered":"Koloturnik Master Windrider jednostruki 75 mm za konop do 14 mm"},"content":{"rendered":"<p>Koloturnik Master Windrider jednostruki 75 mm za konop do 14 mm &#8211; <\/p>\n<p>Master kompozitni blokovi kugli\u010dnih le\u017eajeva s niskom trenjem dizajnirani su za natjecateljsko jedrenje. Sna\u017ene kompozitne bo\u010dne plo\u010de osiguravaju vrhunske performanse pri radnim optere\u0107enjima. Prekrasan dizajn i jednostavno kori\u0161tenje. Kugli\u010dni le\u017eajevi: samokolji\u010dna acetalska kompozitna promjer \u0161pulne 75 mm: samokolji\u010dna acetalska kompozitna obra\u0111iva\u010di: oja\u010dana stakloplasti\u010dna najlonska kompozicija, UV stabilizirana Rotirni u\u0161ica: kovani nehr\u0111aju\u0107i \u010delik razreda 316 WL: radno optere\u0107enje BL: optere\u0107enje pri lomu NAPOMENA: Radno\/optere\u0107enje blokova s \u200b\u200bkamenicom temelji se na \u010dvrsto\u0107i kamenice.<\/p>\n","protected":false},"excerpt":{"rendered":"<p>Koloturnik Master Windrider jednostruki 75 mm za konop do 14 mm &#8211; Master kompozitni blokovi kugli\u010dnih le\u017eajeva s niskom trenjem<\/p>\n","protected":false},"featured_media":5943847,"comment_status":"open","ping_status":"closed","template":"","meta":[],"product_brand":[3131],"product_cat":[1770],"product_tag":[],"class_list":{"0":"post-742518","1":"product","2":"type-product","3":"status-publish","4":"has-post-thumbnail","6":"product_brand-master-hr","7":"product_cat-master-koloture-za-jedrilice","9":"first","10":"instock","11":"shipping-taxable","12":"purchasable","13":"product-type-simple"},"_links":{"self":[{"href":"https:\/\/stoic-curie.212-227-153-4.plesk.page\/hr\/wp-json\/wp\/v2\/product\/742518","targetHints":{"allow":["GET"]}}],"collection":[{"href":"https:\/\/stoic-curie.212-227-153-4.plesk.page\/hr\/wp-json\/wp\/v2\/product"}],"about":[{"href":"https:\/\/stoic-curie.212-227-153-4.plesk.page\/hr\/wp-json\/wp\/v2\/types\/product"}],"replies":[{"embeddable":true,"href":"https:\/\/stoic-curie.212-227-153-4.plesk.page\/hr\/wp-json\/wp\/v2\/comments?post=742518"}],"version-history":[{"count":0,"href":"https:\/\/stoic-curie.212-227-153-4.plesk.page\/hr\/wp-json\/wp\/v2\/product\/742518\/revisions"}],"wp:featuredmedia":[{"embeddable":true,"href":"https:\/\/stoic-curie.212-227-153-4.plesk.page\/hr\/wp-json\/wp\/v2\/media\/5943847"}],"wp:attachment":[{"href":"https:\/\/stoic-curie.212-227-153-4.plesk.page\/hr\/wp-json\/wp\/v2\/media?parent=742518"}],"wp:term":[{"taxonomy":"product_brand","embeddable":true,"href":"https:\/\/stoic-curie.212-227-153-4.plesk.page\/hr\/wp-json\/wp\/v2\/product_brand?post=742518"},{"taxonomy":"product_cat","embeddable":true,"href":"https:\/\/stoic-curie.212-227-153-4.plesk.page\/hr\/wp-json\/wp\/v2\/product_cat?post=742518"},{"taxonomy":"product_tag","embeddable":true,"href":"https:\/\/stoic-curie.212-227-153-4.plesk.page\/hr\/wp-json\/wp\/v2\/product_tag?post=742518"}],"curies":[{"name":"wp","href":"https:\/\/api.w.org\/{rel}","templated":true}]}}