{"id":742520,"date":"2025-03-03T18:22:14","date_gmt":"2025-03-03T17:22:14","guid":{"rendered":"https:\/\/stoic-curie.212-227-153-4.plesk.page\/producto\/koloturnik-master-windrider-dvostruki-75-mm-sa-nosacem-za-konop-do-14-mm\/"},"modified":"2026-02-25T00:01:00","modified_gmt":"2026-02-25T00:01:00","slug":"koloturnik-master-windrider-dvostruki-75-mm-sa-nosacem-za-konop-do-14-mm","status":"publish","type":"product","link":"https:\/\/stoic-curie.212-227-153-4.plesk.page\/hr\/product\/koloturnik-master-windrider-dvostruki-75-mm-sa-nosacem-za-konop-do-14-mm\/","title":{"rendered":"Koloturnik Master Windrider dvostruki 75 mm sa nosa\u010dem za konop do 14 mm"},"content":{"rendered":"<p>Koloturnik Master Windrider dvostruki 75 mm sa nosa\u010dem za konop do 14 mm &#8211; <\/p>\n<p>Master kompozitne blokove s niskim trenjem osmi\u0161ljeni su za natjecateljsko jedrenje. Kompozitne bo\u010dne plo\u010de visoke \u010dvrsto\u0107e pru\u017eaju vrhunske performanse pri radnim optere\u0107enjima. Lijep dizajn i jednostavna upotreba.<br \/> Le\u017eajevi: samouslu\u017eni acetalni kompozit<br \/> Promjer kota\u010da 75 mm: samouslu\u017eni acetalni kompozit<br \/> Oslonci: oja\u010dani kompozit od staklenih vlakana i najlona, UV stabiliziran<br \/> Rotiraju\u0107a om\u010da: kovani nehr\u0111aju\u0107i \u010delik razreda 316<br \/> WL: Radno optere\u0107enje<br \/> BL: Optere\u0107enje pri lomu<br \/> NAPOMENA: Radno\/optere\u0107enje pri lomu blokova s kamom temelji se na \u010dvrsto\u0107i kame.<\/p>\n","protected":false},"excerpt":{"rendered":"<p>Koloturnik Master Windrider dvostruki 75 mm sa nosa\u010dem za konop do 14 mm &#8211; Master kompozitne blokove s niskim trenjem<\/p>\n","protected":false},"featured_media":5943849,"comment_status":"open","ping_status":"closed","template":"","meta":[],"product_brand":[3131],"product_cat":[1770],"product_tag":[],"class_list":{"0":"post-742520","1":"product","2":"type-product","3":"status-publish","4":"has-post-thumbnail","6":"product_brand-master-hr","7":"product_cat-master-koloture-za-jedrilice","9":"first","10":"instock","11":"shipping-taxable","12":"purchasable","13":"product-type-simple"},"_links":{"self":[{"href":"https:\/\/stoic-curie.212-227-153-4.plesk.page\/hr\/wp-json\/wp\/v2\/product\/742520","targetHints":{"allow":["GET"]}}],"collection":[{"href":"https:\/\/stoic-curie.212-227-153-4.plesk.page\/hr\/wp-json\/wp\/v2\/product"}],"about":[{"href":"https:\/\/stoic-curie.212-227-153-4.plesk.page\/hr\/wp-json\/wp\/v2\/types\/product"}],"replies":[{"embeddable":true,"href":"https:\/\/stoic-curie.212-227-153-4.plesk.page\/hr\/wp-json\/wp\/v2\/comments?post=742520"}],"version-history":[{"count":0,"href":"https:\/\/stoic-curie.212-227-153-4.plesk.page\/hr\/wp-json\/wp\/v2\/product\/742520\/revisions"}],"wp:featuredmedia":[{"embeddable":true,"href":"https:\/\/stoic-curie.212-227-153-4.plesk.page\/hr\/wp-json\/wp\/v2\/media\/5943849"}],"wp:attachment":[{"href":"https:\/\/stoic-curie.212-227-153-4.plesk.page\/hr\/wp-json\/wp\/v2\/media?parent=742520"}],"wp:term":[{"taxonomy":"product_brand","embeddable":true,"href":"https:\/\/stoic-curie.212-227-153-4.plesk.page\/hr\/wp-json\/wp\/v2\/product_brand?post=742520"},{"taxonomy":"product_cat","embeddable":true,"href":"https:\/\/stoic-curie.212-227-153-4.plesk.page\/hr\/wp-json\/wp\/v2\/product_cat?post=742520"},{"taxonomy":"product_tag","embeddable":true,"href":"https:\/\/stoic-curie.212-227-153-4.plesk.page\/hr\/wp-json\/wp\/v2\/product_tag?post=742520"}],"curies":[{"name":"wp","href":"https:\/\/api.w.org\/{rel}","templated":true}]}}