{"id":742521,"date":"2025-03-03T18:22:14","date_gmt":"2025-03-03T17:22:14","guid":{"rendered":"https:\/\/stoic-curie.212-227-153-4.plesk.page\/producto\/koloturnik-master-trostruki-75-mm-do-14-mm-konop\/"},"modified":"2026-02-25T00:01:00","modified_gmt":"2026-02-25T00:01:00","slug":"koloturnik-master-trostruki-75-mm-do-14-mm-konop","status":"publish","type":"product","link":"https:\/\/stoic-curie.212-227-153-4.plesk.page\/hr\/product\/koloturnik-master-trostruki-75-mm-do-14-mm-konop\/","title":{"rendered":"Koloturnik Master trostruki 75 mm do 14 mm konop"},"content":{"rendered":"<p>Koloturnik Master trostruki 75 mm do 14 mm konop &#8211; <\/p>\n<p>Master kompozitne blokade niskog trenja razvijene su za natjecateljsko jedrenje. Visoko \u010dvrste kompozitne bo\u010dne plo\u010de osiguravaju vrhunske performanse pri radnim optere\u0107enjima. Prekrasan dizajn i jednostavna upotreba.<br \/>Kugli\u010dni le\u017eajevi: samokontroliraju\u0107i acetalni kompozit<br \/>Promjer kolotura 75 mm: samokontroliraju\u0107i acetalni kompozit<br \/>Stijenke: oja\u010dani staklenim vlaknima Nylon kompozit otporan na UV zra\u010denje<br \/>Okretni kuk: Forgirani nehr\u0111aju\u0107i \u010delik razreda 316<br \/>WL: Radno optere\u0107enje<br \/>BL: Optere\u0107enje lom<br \/>NAPOMENA: Radno\/lomno optere\u0107enje blokova s kamama temelji se na \u010dvrsto\u0107i kame.<\/p>\n","protected":false},"excerpt":{"rendered":"<p>Koloturnik Master trostruki 75 mm do 14 mm konop &#8211; Master kompozitne blokade niskog trenja razvijene su za natjecateljsko jedrenje.<\/p>\n","protected":false},"featured_media":5943850,"comment_status":"open","ping_status":"closed","template":"","meta":[],"product_brand":[3131],"product_cat":[1770],"product_tag":[],"class_list":{"0":"post-742521","1":"product","2":"type-product","3":"status-publish","4":"has-post-thumbnail","6":"product_brand-master-hr","7":"product_cat-master-koloture-za-jedrilice","9":"first","10":"instock","11":"shipping-taxable","12":"purchasable","13":"product-type-simple"},"_links":{"self":[{"href":"https:\/\/stoic-curie.212-227-153-4.plesk.page\/hr\/wp-json\/wp\/v2\/product\/742521","targetHints":{"allow":["GET"]}}],"collection":[{"href":"https:\/\/stoic-curie.212-227-153-4.plesk.page\/hr\/wp-json\/wp\/v2\/product"}],"about":[{"href":"https:\/\/stoic-curie.212-227-153-4.plesk.page\/hr\/wp-json\/wp\/v2\/types\/product"}],"replies":[{"embeddable":true,"href":"https:\/\/stoic-curie.212-227-153-4.plesk.page\/hr\/wp-json\/wp\/v2\/comments?post=742521"}],"version-history":[{"count":0,"href":"https:\/\/stoic-curie.212-227-153-4.plesk.page\/hr\/wp-json\/wp\/v2\/product\/742521\/revisions"}],"wp:featuredmedia":[{"embeddable":true,"href":"https:\/\/stoic-curie.212-227-153-4.plesk.page\/hr\/wp-json\/wp\/v2\/media\/5943850"}],"wp:attachment":[{"href":"https:\/\/stoic-curie.212-227-153-4.plesk.page\/hr\/wp-json\/wp\/v2\/media?parent=742521"}],"wp:term":[{"taxonomy":"product_brand","embeddable":true,"href":"https:\/\/stoic-curie.212-227-153-4.plesk.page\/hr\/wp-json\/wp\/v2\/product_brand?post=742521"},{"taxonomy":"product_cat","embeddable":true,"href":"https:\/\/stoic-curie.212-227-153-4.plesk.page\/hr\/wp-json\/wp\/v2\/product_cat?post=742521"},{"taxonomy":"product_tag","embeddable":true,"href":"https:\/\/stoic-curie.212-227-153-4.plesk.page\/hr\/wp-json\/wp\/v2\/product_tag?post=742521"}],"curies":[{"name":"wp","href":"https:\/\/api.w.org\/{rel}","templated":true}]}}