{"id":742524,"date":"2025-03-03T18:22:15","date_gmt":"2025-03-03T17:22:15","guid":{"rendered":"https:\/\/stoic-curie.212-227-153-4.plesk.page\/producto\/koloturnik-master-jednostruki-s-nosacem-i-stoperom-75-mm-za-konop-12-mm\/"},"modified":"2026-02-25T00:01:00","modified_gmt":"2026-02-25T00:01:00","slug":"koloturnik-master-jednostruki-s-nosacem-i-stoperom-75-mm-za-konop-12-mm","status":"publish","type":"product","link":"https:\/\/stoic-curie.212-227-153-4.plesk.page\/hr\/product\/koloturnik-master-jednostruki-s-nosacem-i-stoperom-75-mm-za-konop-12-mm\/","title":{"rendered":"Koloturnik Master jednostruki s nosa\u010dem i \u0161toperom 75 mm za konop 12 mm"},"content":{"rendered":"<p>Koloturnik Master jednostruki s nosa\u010dem i \u0161toperom 75 mm za konop 12 mm &#8211; <\/p>\n<p>Master kompozitni blokovi s niskim trenjem za kugli\u010dne le\u017eajeve dizajnirani su za natjecateljsko jedrenje. Visoko otpornim kompozitnim bo\u010dnim plo\u010dama osiguravaju vrhunski radni u\u010dinak. Prekrasan dizajn i jednostavna upotreba. Kugli\u010dni le\u017eajevi: samolubrikantni acetalni kompozit. Promjer kolotura 75 mm: samolubrikantni acetalni kompozit. \u010ca\u0161ice: oja\u010dani najlon kompozit od staklenih vlakana, stabiliziran od UV zra\u010denja. Rotiraju\u0107a karabina: kovanog nehr\u0111aju\u0107eg \u010delika razreda 316. WL: Radno optere\u0107enje BL: Otpornosti optere\u0107enje NAPOMENA: Radno\/otpornosti optere\u0107enje blokova s kamom temelji se na \u010dvrsto\u0107i same kame.<\/p>\n","protected":false},"excerpt":{"rendered":"<p>Koloturnik Master jednostruki s nosa\u010dem i \u0161toperom 75 mm za konop 12 mm &#8211; Master kompozitni blokovi s niskim trenjem<\/p>\n","protected":false},"featured_media":5943853,"comment_status":"open","ping_status":"closed","template":"","meta":[],"product_brand":[3131],"product_cat":[1770],"product_tag":[],"class_list":{"0":"post-742524","1":"product","2":"type-product","3":"status-publish","4":"has-post-thumbnail","6":"product_brand-master-hr","7":"product_cat-master-koloture-za-jedrilice","9":"first","10":"instock","11":"shipping-taxable","12":"purchasable","13":"product-type-simple"},"_links":{"self":[{"href":"https:\/\/stoic-curie.212-227-153-4.plesk.page\/hr\/wp-json\/wp\/v2\/product\/742524","targetHints":{"allow":["GET"]}}],"collection":[{"href":"https:\/\/stoic-curie.212-227-153-4.plesk.page\/hr\/wp-json\/wp\/v2\/product"}],"about":[{"href":"https:\/\/stoic-curie.212-227-153-4.plesk.page\/hr\/wp-json\/wp\/v2\/types\/product"}],"replies":[{"embeddable":true,"href":"https:\/\/stoic-curie.212-227-153-4.plesk.page\/hr\/wp-json\/wp\/v2\/comments?post=742524"}],"version-history":[{"count":0,"href":"https:\/\/stoic-curie.212-227-153-4.plesk.page\/hr\/wp-json\/wp\/v2\/product\/742524\/revisions"}],"wp:featuredmedia":[{"embeddable":true,"href":"https:\/\/stoic-curie.212-227-153-4.plesk.page\/hr\/wp-json\/wp\/v2\/media\/5943853"}],"wp:attachment":[{"href":"https:\/\/stoic-curie.212-227-153-4.plesk.page\/hr\/wp-json\/wp\/v2\/media?parent=742524"}],"wp:term":[{"taxonomy":"product_brand","embeddable":true,"href":"https:\/\/stoic-curie.212-227-153-4.plesk.page\/hr\/wp-json\/wp\/v2\/product_brand?post=742524"},{"taxonomy":"product_cat","embeddable":true,"href":"https:\/\/stoic-curie.212-227-153-4.plesk.page\/hr\/wp-json\/wp\/v2\/product_cat?post=742524"},{"taxonomy":"product_tag","embeddable":true,"href":"https:\/\/stoic-curie.212-227-153-4.plesk.page\/hr\/wp-json\/wp\/v2\/product_tag?post=742524"}],"curies":[{"name":"wp","href":"https:\/\/api.w.org\/{rel}","templated":true}]}}