{"id":742525,"date":"2025-03-03T18:22:15","date_gmt":"2025-03-03T17:22:15","guid":{"rendered":"https:\/\/stoic-curie.212-227-153-4.plesk.page\/producto\/koloturnik-master-jednostruki-sa-nosacem-i-50mm-stoperom-za-konope-do-10mm\/"},"modified":"2026-02-25T00:01:00","modified_gmt":"2026-02-25T00:01:00","slug":"koloturnik-master-jednostruki-sa-nosacem-i-50mm-stoperom-za-konope-do-10mm","status":"publish","type":"product","link":"https:\/\/stoic-curie.212-227-153-4.plesk.page\/hr\/product\/koloturnik-master-jednostruki-sa-nosacem-i-50mm-stoperom-za-konope-do-10mm\/","title":{"rendered":"Koloturnik Master jednostruki sa nosa\u010dem i 50mm \u0161toperom za konope do 10mm"},"content":{"rendered":"<p>Koloturnik Master jednostruki sa nosa\u010dem i 50mm \u0161toperom za konope do 10mm &#8211; <\/p>\n<p>Master blokovi kliznog le\u017eaja dizajnirani za laganost, \u010dvrsto\u0107u i superiorno rukovanje. Izra\u0111eni od najlona oja\u010danog staklenim vlaknima kako bi pru\u017eili \u010dvrsto\u0107u sli\u010dnu metalu. Samo podmazivanje kolotura smanjuje trenje i pove\u0107ava u\u010dinkovitost. Klizni le\u017eaj od nehr\u0111aju\u0107eg \u010delika 316 omogu\u0107ava glatku rotaciju, \u0161to olak\u0161ava mornarima prijenos snage i smanjuje tro\u0161enje u\u017eeta. Klizni le\u017eaj: nehr\u0111aju\u0107i \u010delik 316 Promjer kolotura 50 mm: samo podmazivaju\u0107i acetalni kompozit Stranice: oja\u010dani kompozit od staklenih vlakana i najlona, UV stabiliziran Rotiraju\u0107a kuke: kovanog nehr\u0111aju\u0107eg \u010delika razreda 316 WL: Radno optere\u0107enje BL: Vu\u010dna sila NAPOMENA: Radno\/vu\u010dna sila blokova s kamom temelji se na \u010dvrsto\u0107i kame.<\/p>\n","protected":false},"excerpt":{"rendered":"<p>Koloturnik Master jednostruki sa nosa\u010dem i 50mm \u0161toperom za konope do 10mm &#8211; Master blokovi kliznog le\u017eaja dizajnirani za laganost,<\/p>\n","protected":false},"featured_media":5943865,"comment_status":"open","ping_status":"closed","template":"","meta":[],"product_brand":[3131],"product_cat":[1770],"product_tag":[],"class_list":{"0":"post-742525","1":"product","2":"type-product","3":"status-publish","4":"has-post-thumbnail","6":"product_brand-master-hr","7":"product_cat-master-koloture-za-jedrilice","9":"first","10":"instock","11":"shipping-taxable","12":"purchasable","13":"product-type-simple"},"_links":{"self":[{"href":"https:\/\/stoic-curie.212-227-153-4.plesk.page\/hr\/wp-json\/wp\/v2\/product\/742525","targetHints":{"allow":["GET"]}}],"collection":[{"href":"https:\/\/stoic-curie.212-227-153-4.plesk.page\/hr\/wp-json\/wp\/v2\/product"}],"about":[{"href":"https:\/\/stoic-curie.212-227-153-4.plesk.page\/hr\/wp-json\/wp\/v2\/types\/product"}],"replies":[{"embeddable":true,"href":"https:\/\/stoic-curie.212-227-153-4.plesk.page\/hr\/wp-json\/wp\/v2\/comments?post=742525"}],"version-history":[{"count":0,"href":"https:\/\/stoic-curie.212-227-153-4.plesk.page\/hr\/wp-json\/wp\/v2\/product\/742525\/revisions"}],"wp:featuredmedia":[{"embeddable":true,"href":"https:\/\/stoic-curie.212-227-153-4.plesk.page\/hr\/wp-json\/wp\/v2\/media\/5943865"}],"wp:attachment":[{"href":"https:\/\/stoic-curie.212-227-153-4.plesk.page\/hr\/wp-json\/wp\/v2\/media?parent=742525"}],"wp:term":[{"taxonomy":"product_brand","embeddable":true,"href":"https:\/\/stoic-curie.212-227-153-4.plesk.page\/hr\/wp-json\/wp\/v2\/product_brand?post=742525"},{"taxonomy":"product_cat","embeddable":true,"href":"https:\/\/stoic-curie.212-227-153-4.plesk.page\/hr\/wp-json\/wp\/v2\/product_cat?post=742525"},{"taxonomy":"product_tag","embeddable":true,"href":"https:\/\/stoic-curie.212-227-153-4.plesk.page\/hr\/wp-json\/wp\/v2\/product_tag?post=742525"}],"curies":[{"name":"wp","href":"https:\/\/api.w.org\/{rel}","templated":true}]}}