{"id":742526,"date":"2025-03-03T18:22:16","date_gmt":"2025-03-03T17:22:16","guid":{"rendered":"https:\/\/stoic-curie.212-227-153-4.plesk.page\/producto\/koloturnik-master-violinski-sa-nosacem-i-50mm-stoperom-za-konope-do-10mm\/"},"modified":"2026-02-25T00:01:00","modified_gmt":"2026-02-25T00:01:00","slug":"koloturnik-master-violinski-sa-nosacem-i-50mm-stoperom-za-konope-do-10mm","status":"publish","type":"product","link":"https:\/\/stoic-curie.212-227-153-4.plesk.page\/hr\/product\/koloturnik-master-violinski-sa-nosacem-i-50mm-stoperom-za-konope-do-10mm\/","title":{"rendered":"Koloturnik Master violinski sa nosa\u010dem i 50mm \u0161toperom za konope do 10mm"},"content":{"rendered":"<p>Koloturnik Master violinski sa nosa\u010dem i 50mm \u0161toperom za konope do 10mm &#8211; <\/p>\n<p>Master blokovi le\u017eajeva dizajnirani su za malu te\u017einu, \u010dvrsto\u0107u i vrhunsko rukovanje. Izra\u0111eni su od najlona oja\u010danog staklenim vlaknima kako bi pru\u017eili \u010dvrsto\u0107u sli\u010dnu metalu. Samo podmazani remenici smanjuju trenje i pove\u0107avaju u\u010dinkovitost. Klizni le\u017eaj od nehr\u0111aju\u0107eg \u010delika 316 omogu\u0107ava glatku rotaciju, \u0161to olak\u0161ava prenos snage jedrili\u010darima i smanjuje habanje u\u017eeta. Klizni le\u017eaj: Nehr\u0111aju\u0107i \u010delik 316 Promjer remenice 50 mm: samo podmazani aketalni kompozit Bo\u010dne strane: oja\u010dani kompozit najlona od staklenih vlakana stabiliziran UV svjetlom Rotiraju\u0107a stezaljka: Forgirani nehr\u0111aju\u0107i \u010delik razreda 316 WL: Radno optere\u0107enje BL: Optere\u0107enje loma NAPOMENA: Radno\/optere\u0107enje loma blokova s klemom temelji se na snazi kleme.<\/p>\n","protected":false},"excerpt":{"rendered":"<p>Koloturnik Master violinski sa nosa\u010dem i 50mm \u0161toperom za konope do 10mm &#8211; Master blokovi le\u017eajeva dizajnirani su za malu<\/p>\n","protected":false},"featured_media":5943866,"comment_status":"open","ping_status":"closed","template":"","meta":[],"product_brand":[3131],"product_cat":[1770],"product_tag":[],"class_list":{"0":"post-742526","1":"product","2":"type-product","3":"status-publish","4":"has-post-thumbnail","6":"product_brand-master-hr","7":"product_cat-master-koloture-za-jedrilice","9":"first","10":"instock","11":"shipping-taxable","12":"purchasable","13":"product-type-simple"},"_links":{"self":[{"href":"https:\/\/stoic-curie.212-227-153-4.plesk.page\/hr\/wp-json\/wp\/v2\/product\/742526","targetHints":{"allow":["GET"]}}],"collection":[{"href":"https:\/\/stoic-curie.212-227-153-4.plesk.page\/hr\/wp-json\/wp\/v2\/product"}],"about":[{"href":"https:\/\/stoic-curie.212-227-153-4.plesk.page\/hr\/wp-json\/wp\/v2\/types\/product"}],"replies":[{"embeddable":true,"href":"https:\/\/stoic-curie.212-227-153-4.plesk.page\/hr\/wp-json\/wp\/v2\/comments?post=742526"}],"version-history":[{"count":0,"href":"https:\/\/stoic-curie.212-227-153-4.plesk.page\/hr\/wp-json\/wp\/v2\/product\/742526\/revisions"}],"wp:featuredmedia":[{"embeddable":true,"href":"https:\/\/stoic-curie.212-227-153-4.plesk.page\/hr\/wp-json\/wp\/v2\/media\/5943866"}],"wp:attachment":[{"href":"https:\/\/stoic-curie.212-227-153-4.plesk.page\/hr\/wp-json\/wp\/v2\/media?parent=742526"}],"wp:term":[{"taxonomy":"product_brand","embeddable":true,"href":"https:\/\/stoic-curie.212-227-153-4.plesk.page\/hr\/wp-json\/wp\/v2\/product_brand?post=742526"},{"taxonomy":"product_cat","embeddable":true,"href":"https:\/\/stoic-curie.212-227-153-4.plesk.page\/hr\/wp-json\/wp\/v2\/product_cat?post=742526"},{"taxonomy":"product_tag","embeddable":true,"href":"https:\/\/stoic-curie.212-227-153-4.plesk.page\/hr\/wp-json\/wp\/v2\/product_tag?post=742526"}],"curies":[{"name":"wp","href":"https:\/\/api.w.org\/{rel}","templated":true}]}}