{"id":742527,"date":"2025-03-03T18:22:16","date_gmt":"2025-03-03T17:22:16","guid":{"rendered":"https:\/\/stoic-curie.212-227-153-4.plesk.page\/producto\/kolotura-master-dvostruka-50-mm-za-konope-do-10-mm\/"},"modified":"2026-02-25T00:01:00","modified_gmt":"2026-02-25T00:01:00","slug":"kolotura-master-dvostruka-50-mm-za-konope-do-10-mm","status":"publish","type":"product","link":"https:\/\/stoic-curie.212-227-153-4.plesk.page\/hr\/product\/kolotura-master-dvostruka-50-mm-za-konope-do-10-mm\/","title":{"rendered":"Kolotura Master dvostruka 50 mm za konope do 10 mm"},"content":{"rendered":"<p>Kolotura Master dvostruka 50 mm za konope do 10 mm &#8211; <\/p>\n<p>Master blokovi ravnog le\u017eaja dizajnirani za laganost, \u010dvrsto\u0107u i superiornu upravljivost. Izra\u0111eni od najlona oja\u010danog staklenim vlaknima kako bi pru\u017eili \u010dvrsto\u0107u sli\u010dnu metalu. Samo podmazivanje valjaka smanjuje trenje i pove\u0107ava u\u010dinkovitost. Ravni le\u017eaj od nehr\u0111aju\u0107eg \u010delika 316 omogu\u0107uje glatku rotaciju, \u0161to olak\u0161ava prenos snage na jedrima i smanjuje tro\u0161enje u\u017eeta. Ravni le\u017eaj: nehr\u0111aju\u0107i \u010delik 316. Promjer valjka 50 mm: samopodmazivaju\u0107i acetalni kompozit. \u010celjusti: oja\u010dani kompozit od najlona s vlaknima stakla stabiliziran UV zracima. Rotiraju\u0107a okova: kovanog nehr\u0111aju\u0107eg \u010delika razreda 316. WL: Radno optere\u0107enje. BL: Prelomno optere\u0107enje. NAPOMENA: Radno\/prelomno optere\u0107enje blokova s klemom temelji se na \u010dvrsto\u0107i kleme.<\/p>\n","protected":false},"excerpt":{"rendered":"<p>Kolotura Master dvostruka 50 mm za konope do 10 mm &#8211; Master blokovi ravnog le\u017eaja dizajnirani za laganost, \u010dvrsto\u0107u i<\/p>\n","protected":false},"featured_media":5943867,"comment_status":"open","ping_status":"closed","template":"","meta":[],"product_brand":[3131],"product_cat":[1770],"product_tag":[],"class_list":{"0":"post-742527","1":"product","2":"type-product","3":"status-publish","4":"has-post-thumbnail","6":"product_brand-master-hr","7":"product_cat-master-koloture-za-jedrilice","9":"first","10":"instock","11":"shipping-taxable","12":"purchasable","13":"product-type-simple"},"_links":{"self":[{"href":"https:\/\/stoic-curie.212-227-153-4.plesk.page\/hr\/wp-json\/wp\/v2\/product\/742527","targetHints":{"allow":["GET"]}}],"collection":[{"href":"https:\/\/stoic-curie.212-227-153-4.plesk.page\/hr\/wp-json\/wp\/v2\/product"}],"about":[{"href":"https:\/\/stoic-curie.212-227-153-4.plesk.page\/hr\/wp-json\/wp\/v2\/types\/product"}],"replies":[{"embeddable":true,"href":"https:\/\/stoic-curie.212-227-153-4.plesk.page\/hr\/wp-json\/wp\/v2\/comments?post=742527"}],"version-history":[{"count":0,"href":"https:\/\/stoic-curie.212-227-153-4.plesk.page\/hr\/wp-json\/wp\/v2\/product\/742527\/revisions"}],"wp:featuredmedia":[{"embeddable":true,"href":"https:\/\/stoic-curie.212-227-153-4.plesk.page\/hr\/wp-json\/wp\/v2\/media\/5943867"}],"wp:attachment":[{"href":"https:\/\/stoic-curie.212-227-153-4.plesk.page\/hr\/wp-json\/wp\/v2\/media?parent=742527"}],"wp:term":[{"taxonomy":"product_brand","embeddable":true,"href":"https:\/\/stoic-curie.212-227-153-4.plesk.page\/hr\/wp-json\/wp\/v2\/product_brand?post=742527"},{"taxonomy":"product_cat","embeddable":true,"href":"https:\/\/stoic-curie.212-227-153-4.plesk.page\/hr\/wp-json\/wp\/v2\/product_cat?post=742527"},{"taxonomy":"product_tag","embeddable":true,"href":"https:\/\/stoic-curie.212-227-153-4.plesk.page\/hr\/wp-json\/wp\/v2\/product_tag?post=742527"}],"curies":[{"name":"wp","href":"https:\/\/api.w.org\/{rel}","templated":true}]}}