{"id":742528,"date":"2025-03-03T18:22:16","date_gmt":"2025-03-03T17:22:16","guid":{"rendered":"https:\/\/stoic-curie.212-227-153-4.plesk.page\/producto\/dvostruka-kolotura-sa-nosacem-master-50mm-za-konop-8mm\/"},"modified":"2026-02-25T00:01:00","modified_gmt":"2026-02-25T00:01:00","slug":"dvostruka-kolotura-sa-nosacem-master-50mm-za-konop-8mm","status":"publish","type":"product","link":"https:\/\/stoic-curie.212-227-153-4.plesk.page\/hr\/product\/dvostruka-kolotura-sa-nosacem-master-50mm-za-konop-8mm\/","title":{"rendered":"Dvostruka kolotura sa nosa\u010dem Master 50mm za konop 8mm"},"content":{"rendered":"<p>Dvostruka kolotura sa nosa\u010dem Master 50mm za konop 8mm &#8211; <\/p>\n<p>Master blokovi obi\u010dnih le\u017eajeva osmi\u0161ljeni za laganost, snagu i superiorno rukovanje. Izra\u0111eni od najlona oja\u010danog staklenim vlaknima kako bi osigurali snagu sli\u010dnu \u010deliku. Samo-podmazuju\u0107e kola smanjuju trenje i pove\u0107avaju u\u010dinkovitost. \u010celi\u010dni le\u017eaj od 316 nehr\u0111aju\u0107eg \u010delika omogu\u0107uje glatku rotaciju koja olak\u0161ava prijenos snage jedrili\u010darima i smanjuje tro\u0161enje konopa. Obi\u010dni le\u017eaj: 316 nehr\u0111aju\u0107i \u010delik Promjer kolotura: 50 mm: samo-podmazuju\u0107i acetalni kompozit Bo\u010dne strane: oja\u010dani kompozit najlona od staklenih vlakana, UV stabiliziran Rotiraju\u0107e uvo: oblikovani nehr\u0111aju\u0107i \u010delik razreda 316 WL: Radno optere\u0107enje BL: Razvoj optere\u0107enja NAPOMENA: Radno\/puknu\u0107e optere\u0107enje blokova s kamenom temelji se na \u010dvrsto\u0107i kamena.<\/p>\n","protected":false},"excerpt":{"rendered":"<p>Dvostruka kolotura sa nosa\u010dem Master 50mm za konop 8mm &#8211; Master blokovi obi\u010dnih le\u017eajeva osmi\u0161ljeni za laganost, snagu i superiorno<\/p>\n","protected":false},"featured_media":5943858,"comment_status":"open","ping_status":"closed","template":"","meta":[],"product_brand":[3131],"product_cat":[1770],"product_tag":[],"class_list":{"0":"post-742528","1":"product","2":"type-product","3":"status-publish","4":"has-post-thumbnail","6":"product_brand-master-hr","7":"product_cat-master-koloture-za-jedrilice","9":"first","10":"instock","11":"shipping-taxable","12":"purchasable","13":"product-type-simple"},"_links":{"self":[{"href":"https:\/\/stoic-curie.212-227-153-4.plesk.page\/hr\/wp-json\/wp\/v2\/product\/742528","targetHints":{"allow":["GET"]}}],"collection":[{"href":"https:\/\/stoic-curie.212-227-153-4.plesk.page\/hr\/wp-json\/wp\/v2\/product"}],"about":[{"href":"https:\/\/stoic-curie.212-227-153-4.plesk.page\/hr\/wp-json\/wp\/v2\/types\/product"}],"replies":[{"embeddable":true,"href":"https:\/\/stoic-curie.212-227-153-4.plesk.page\/hr\/wp-json\/wp\/v2\/comments?post=742528"}],"version-history":[{"count":0,"href":"https:\/\/stoic-curie.212-227-153-4.plesk.page\/hr\/wp-json\/wp\/v2\/product\/742528\/revisions"}],"wp:featuredmedia":[{"embeddable":true,"href":"https:\/\/stoic-curie.212-227-153-4.plesk.page\/hr\/wp-json\/wp\/v2\/media\/5943858"}],"wp:attachment":[{"href":"https:\/\/stoic-curie.212-227-153-4.plesk.page\/hr\/wp-json\/wp\/v2\/media?parent=742528"}],"wp:term":[{"taxonomy":"product_brand","embeddable":true,"href":"https:\/\/stoic-curie.212-227-153-4.plesk.page\/hr\/wp-json\/wp\/v2\/product_brand?post=742528"},{"taxonomy":"product_cat","embeddable":true,"href":"https:\/\/stoic-curie.212-227-153-4.plesk.page\/hr\/wp-json\/wp\/v2\/product_cat?post=742528"},{"taxonomy":"product_tag","embeddable":true,"href":"https:\/\/stoic-curie.212-227-153-4.plesk.page\/hr\/wp-json\/wp\/v2\/product_tag?post=742528"}],"curies":[{"name":"wp","href":"https:\/\/api.w.org\/{rel}","templated":true}]}}