{"id":742529,"date":"2025-03-03T18:22:17","date_gmt":"2025-03-03T17:22:17","guid":{"rendered":"https:\/\/stoic-curie.212-227-153-4.plesk.page\/producto\/koloturnik-master-od-50-mm-za-konop-do-10-mm\/"},"modified":"2026-02-25T00:01:00","modified_gmt":"2026-02-25T00:01:00","slug":"koloturnik-master-od-50-mm-za-konop-do-10-mm","status":"publish","type":"product","link":"https:\/\/stoic-curie.212-227-153-4.plesk.page\/hr\/product\/koloturnik-master-od-50-mm-za-konop-do-10-mm\/","title":{"rendered":"Koloturnik Master od 50 mm za konop do 10 mm"},"content":{"rendered":"<p>Koloturnik Master od 50 mm za konop do 10 mm &#8211; <\/p>\n<p>Master klizni le\u017eajevi projektirani su za malu te\u017einu, \u010dvrsto\u0107u i vrhunsku upravljivost. Izra\u0111eni su od najlona oja\u010danog staklenim vlaknima kako bi pru\u017eili snagu sli\u010dnu metalu. Samo-podmazivaju\u0107i kota\u010d smanjuje trenje i pove\u0107ava efikasnost. Klizni le\u017eaj od nehr\u0111aju\u0107eg \u010delika 316 omogu\u0107ava glatku rotaciju, olak\u0161avaju\u0107i jedrili\u010darima prijenos snage i smanjenje habanja u\u017eeta. Klizni le\u017eaj: Nehr\u0111aju\u0107i \u010delik 316. Promjer kota\u010da 50 mm: samo-podmazivaju\u0107i acetalni kompozit. Oslonci: oja\u010dani kompozit od najlona sa staklenim vlaknima, UV stabiliziran. Rotiraju\u0107a kop\u010da: kovani nehr\u0111aju\u0107i \u010delik klase 316. WL: Radno optere\u0107enje. BL: Otpornosti. NAPOMENA: Radno\/optere\u0107enje blokova s maticom temelji se na \u010dvrsto\u0107i matice.<\/p>\n","protected":false},"excerpt":{"rendered":"<p>Koloturnik Master od 50 mm za konop do 10 mm &#8211; Master klizni le\u017eajevi projektirani su za malu te\u017einu, \u010dvrsto\u0107u<\/p>\n","protected":false},"featured_media":5943861,"comment_status":"open","ping_status":"closed","template":"","meta":[],"product_brand":[3131],"product_cat":[1770],"product_tag":[],"class_list":{"0":"post-742529","1":"product","2":"type-product","3":"status-publish","4":"has-post-thumbnail","6":"product_brand-master-hr","7":"product_cat-master-koloture-za-jedrilice","9":"first","10":"instock","11":"shipping-taxable","12":"purchasable","13":"product-type-simple"},"_links":{"self":[{"href":"https:\/\/stoic-curie.212-227-153-4.plesk.page\/hr\/wp-json\/wp\/v2\/product\/742529","targetHints":{"allow":["GET"]}}],"collection":[{"href":"https:\/\/stoic-curie.212-227-153-4.plesk.page\/hr\/wp-json\/wp\/v2\/product"}],"about":[{"href":"https:\/\/stoic-curie.212-227-153-4.plesk.page\/hr\/wp-json\/wp\/v2\/types\/product"}],"replies":[{"embeddable":true,"href":"https:\/\/stoic-curie.212-227-153-4.plesk.page\/hr\/wp-json\/wp\/v2\/comments?post=742529"}],"version-history":[{"count":0,"href":"https:\/\/stoic-curie.212-227-153-4.plesk.page\/hr\/wp-json\/wp\/v2\/product\/742529\/revisions"}],"wp:featuredmedia":[{"embeddable":true,"href":"https:\/\/stoic-curie.212-227-153-4.plesk.page\/hr\/wp-json\/wp\/v2\/media\/5943861"}],"wp:attachment":[{"href":"https:\/\/stoic-curie.212-227-153-4.plesk.page\/hr\/wp-json\/wp\/v2\/media?parent=742529"}],"wp:term":[{"taxonomy":"product_brand","embeddable":true,"href":"https:\/\/stoic-curie.212-227-153-4.plesk.page\/hr\/wp-json\/wp\/v2\/product_brand?post=742529"},{"taxonomy":"product_cat","embeddable":true,"href":"https:\/\/stoic-curie.212-227-153-4.plesk.page\/hr\/wp-json\/wp\/v2\/product_cat?post=742529"},{"taxonomy":"product_tag","embeddable":true,"href":"https:\/\/stoic-curie.212-227-153-4.plesk.page\/hr\/wp-json\/wp\/v2\/product_tag?post=742529"}],"curies":[{"name":"wp","href":"https:\/\/api.w.org\/{rel}","templated":true}]}}