{"id":742530,"date":"2025-03-03T18:22:17","date_gmt":"2025-03-03T17:22:17","guid":{"rendered":"https:\/\/stoic-curie.212-227-153-4.plesk.page\/producto\/master-trostruka-kolotura-s-nosacem-i-stoperom-od-50-mm-za-konop-do-10-mm\/"},"modified":"2026-02-25T00:01:00","modified_gmt":"2026-02-25T00:01:00","slug":"master-trostruka-kolotura-s-nosacem-i-stoperom-od-50-mm-za-konop-do-10-mm","status":"publish","type":"product","link":"https:\/\/stoic-curie.212-227-153-4.plesk.page\/hr\/product\/master-trostruka-kolotura-s-nosacem-i-stoperom-od-50-mm-za-konop-do-10-mm\/","title":{"rendered":"Master trostruka kolotura s nosa\u010dem i \u0161toperom od 50 mm, za konop do 10 mm"},"content":{"rendered":"<p>Master trostruka kolotura s nosa\u010dem i \u0161toperom od 50 mm, za konop do 10 mm &#8211; <\/p>\n<p>Master ravni le\u017eajevi dizajnirani za laganu, \u010dvrstu i superiornu obradu. Izra\u0111eni od najlona oja\u010danog staklenim vlaknima koji pru\u017ea \u010dvrsto\u0107u sli\u010dnu metalu. Samo podmazivaju\u0107i le\u017eaj smanjuje trenje i pove\u0107ava u\u010dinkovitost. Ravni le\u017eaj od 316 nehr\u0111aju\u0107eg \u010delika omogu\u0107uje glatku rotaciju, olak\u0161avaju\u0107i mornarima prijenos snage i smanjuju\u0107i tro\u0161enje u\u017eeta.<br \/>Ravni le\u017eaj: 316 nehr\u0111aju\u0107i \u010delik<br \/>Promjer sheave 50 mm: samopodmazivaju\u0107i acetalni kompozit<br \/>Bo\u010dne strane: oja\u010dani kompozit od najlona i staklenih vlakana, UV stabiliziran<br \/>Rotiraju\u0107a karabina: kovanog 316 nehr\u0111aju\u0107i \u010delik<br \/>WL: Radno optere\u0107enje<br \/>BL: Prelomno optere\u0107enje<br \/>NAPOMENA: Radno\/prelomno optere\u0107enje blokova s kukom temelji se na \u010dvrsto\u0107i kuke.<\/p>\n","protected":false},"excerpt":{"rendered":"<p>Master trostruka kolotura s nosa\u010dem i \u0161toperom od 50 mm, za konop do 10 mm &#8211; Master ravni le\u017eajevi dizajnirani<\/p>\n","protected":false},"featured_media":5943868,"comment_status":"open","ping_status":"closed","template":"","meta":[],"product_brand":[3131],"product_cat":[1770],"product_tag":[],"class_list":{"0":"post-742530","1":"product","2":"type-product","3":"status-publish","4":"has-post-thumbnail","6":"product_brand-master-hr","7":"product_cat-master-koloture-za-jedrilice","9":"first","10":"instock","11":"shipping-taxable","12":"purchasable","13":"product-type-simple"},"_links":{"self":[{"href":"https:\/\/stoic-curie.212-227-153-4.plesk.page\/hr\/wp-json\/wp\/v2\/product\/742530","targetHints":{"allow":["GET"]}}],"collection":[{"href":"https:\/\/stoic-curie.212-227-153-4.plesk.page\/hr\/wp-json\/wp\/v2\/product"}],"about":[{"href":"https:\/\/stoic-curie.212-227-153-4.plesk.page\/hr\/wp-json\/wp\/v2\/types\/product"}],"replies":[{"embeddable":true,"href":"https:\/\/stoic-curie.212-227-153-4.plesk.page\/hr\/wp-json\/wp\/v2\/comments?post=742530"}],"version-history":[{"count":0,"href":"https:\/\/stoic-curie.212-227-153-4.plesk.page\/hr\/wp-json\/wp\/v2\/product\/742530\/revisions"}],"wp:featuredmedia":[{"embeddable":true,"href":"https:\/\/stoic-curie.212-227-153-4.plesk.page\/hr\/wp-json\/wp\/v2\/media\/5943868"}],"wp:attachment":[{"href":"https:\/\/stoic-curie.212-227-153-4.plesk.page\/hr\/wp-json\/wp\/v2\/media?parent=742530"}],"wp:term":[{"taxonomy":"product_brand","embeddable":true,"href":"https:\/\/stoic-curie.212-227-153-4.plesk.page\/hr\/wp-json\/wp\/v2\/product_brand?post=742530"},{"taxonomy":"product_cat","embeddable":true,"href":"https:\/\/stoic-curie.212-227-153-4.plesk.page\/hr\/wp-json\/wp\/v2\/product_cat?post=742530"},{"taxonomy":"product_tag","embeddable":true,"href":"https:\/\/stoic-curie.212-227-153-4.plesk.page\/hr\/wp-json\/wp\/v2\/product_tag?post=742530"}],"curies":[{"name":"wp","href":"https:\/\/api.w.org\/{rel}","templated":true}]}}