{"id":742531,"date":"2025-03-03T18:22:17","date_gmt":"2025-03-03T17:22:17","guid":{"rendered":"https:\/\/stoic-curie.212-227-153-4.plesk.page\/producto\/violinska-kolotura-s-nosacem-master-60mm-za-konop-do-12mm\/"},"modified":"2026-02-25T00:01:00","modified_gmt":"2026-02-25T00:01:00","slug":"violinska-kolotura-s-nosacem-master-60mm-za-konop-do-12mm","status":"publish","type":"product","link":"https:\/\/stoic-curie.212-227-153-4.plesk.page\/hr\/product\/violinska-kolotura-s-nosacem-master-60mm-za-konop-do-12mm\/","title":{"rendered":"Violinska kolotura s nosa\u010dem Master, 60mm za konop do 12mm"},"content":{"rendered":"<p>Violinska kolotura s nosa\u010dem Master, 60mm za konop do 12mm &#8211; <\/p>\n<p>Master le\u017eajevi za upline koji su projektirani za laganu, jaku i superiornu upravljivost. Izra\u0111eni su od plastike oja\u010dane staklenim vlaknima, \u0161to im daje \u010dvrsto\u0107u sli\u010dnu metalu. Samo podmazana remenica smanjuje trenje i pove\u0107ava efikasnost. Le\u017eaj od nehr\u0111aju\u0107eg \u010delika 316 omogu\u0107uje glatku rotaciju, \u0161to omogu\u0107ava jedrili\u010darima lak\u0161i prijenos snage i smanjuje habanje konopa. <br \/>Le\u017eaj: nehr\u0111aju\u0107i \u010delik 316 <br \/>Promjer remenice 60 mm: samo podmazani acetalni kompozit <br \/>Bo\u010dne strane: oja\u010dan kompozit od staklenih vlakana i najlona otporan na UV zrake <br \/>Okretni kuka: Forged Grade 316 nehr\u0111aju\u0107i \u010delik <br \/>WL: Radna optere\u0107enja <br \/>BL: Prelazno optere\u0107enje <br \/>NAPOMENA: Radna\/prelazna optere\u0107enja blokova s \u200b\u200bkamenom temelje se na snazi kamena.<\/p>\n","protected":false},"excerpt":{"rendered":"<p>Violinska kolotura s nosa\u010dem Master, 60mm za konop do 12mm &#8211; Master le\u017eajevi za upline koji su projektirani za laganu,<\/p>\n","protected":false},"featured_media":5943870,"comment_status":"open","ping_status":"closed","template":"","meta":[],"product_brand":[3131],"product_cat":[1770],"product_tag":[],"class_list":{"0":"post-742531","1":"product","2":"type-product","3":"status-publish","4":"has-post-thumbnail","6":"product_brand-master-hr","7":"product_cat-master-koloture-za-jedrilice","9":"first","10":"instock","11":"shipping-taxable","12":"purchasable","13":"product-type-simple"},"_links":{"self":[{"href":"https:\/\/stoic-curie.212-227-153-4.plesk.page\/hr\/wp-json\/wp\/v2\/product\/742531","targetHints":{"allow":["GET"]}}],"collection":[{"href":"https:\/\/stoic-curie.212-227-153-4.plesk.page\/hr\/wp-json\/wp\/v2\/product"}],"about":[{"href":"https:\/\/stoic-curie.212-227-153-4.plesk.page\/hr\/wp-json\/wp\/v2\/types\/product"}],"replies":[{"embeddable":true,"href":"https:\/\/stoic-curie.212-227-153-4.plesk.page\/hr\/wp-json\/wp\/v2\/comments?post=742531"}],"version-history":[{"count":0,"href":"https:\/\/stoic-curie.212-227-153-4.plesk.page\/hr\/wp-json\/wp\/v2\/product\/742531\/revisions"}],"wp:featuredmedia":[{"embeddable":true,"href":"https:\/\/stoic-curie.212-227-153-4.plesk.page\/hr\/wp-json\/wp\/v2\/media\/5943870"}],"wp:attachment":[{"href":"https:\/\/stoic-curie.212-227-153-4.plesk.page\/hr\/wp-json\/wp\/v2\/media?parent=742531"}],"wp:term":[{"taxonomy":"product_brand","embeddable":true,"href":"https:\/\/stoic-curie.212-227-153-4.plesk.page\/hr\/wp-json\/wp\/v2\/product_brand?post=742531"},{"taxonomy":"product_cat","embeddable":true,"href":"https:\/\/stoic-curie.212-227-153-4.plesk.page\/hr\/wp-json\/wp\/v2\/product_cat?post=742531"},{"taxonomy":"product_tag","embeddable":true,"href":"https:\/\/stoic-curie.212-227-153-4.plesk.page\/hr\/wp-json\/wp\/v2\/product_tag?post=742531"}],"curies":[{"name":"wp","href":"https:\/\/api.w.org\/{rel}","templated":true}]}}