{"id":742532,"date":"2025-03-03T18:22:17","date_gmt":"2025-03-03T17:22:17","guid":{"rendered":"https:\/\/stoic-curie.212-227-153-4.plesk.page\/producto\/koloturnik-master-jednostruki-72-mm-za-konop-do-12-mm\/"},"modified":"2026-02-25T00:01:00","modified_gmt":"2026-02-25T00:01:00","slug":"koloturnik-master-jednostruki-72-mm-za-konop-do-12-mm","status":"publish","type":"product","link":"https:\/\/stoic-curie.212-227-153-4.plesk.page\/hr\/product\/koloturnik-master-jednostruki-72-mm-za-konop-do-12-mm\/","title":{"rendered":"Koloturnik Master jednostruki 72 mm za konop do 12 mm"},"content":{"rendered":"<p>Koloturnik Master jednostruki 72 mm za konop do 12 mm &#8211; <\/p>\n<p>Master ravni le\u017eajevi blokovi dizajnirani za laganost, snagu i superiornu upravljivost. Izra\u0111eni su od najlona oja\u010danog staklenim vlaknima kako bi pru\u017eili \u010dvrsto\u0107u sli\u010dnu metalu. Samo podmazivanje koluta smanjuje trenje i pove\u0107ava u\u010dinkovitost. Ravni le\u017eaj od nehr\u0111aju\u0107eg \u010delika 316 omogu\u0107uje glatku rotaciju, \u0161to pomorcima olak\u0161ava prijenos snage i smanjuje tro\u0161enje u\u017eeta. Ravni le\u017eaj: nehr\u0111aju\u0107i \u010delik 316 Promjer koluta 72 mm: samopodmazuju\u0107i acetalski kompozit Bo\u010dne strane: kompozit najlona oja\u010danog staklenim vlaknima, UV stabiliziran Rotiraju\u0107a spojka: Forgirani nehr\u0111aju\u0107i \u010delik razreda 316 WL: Radno optere\u0107enje BL: Raskidno optere\u0107enje NAPOMENA: Radno\/raskidno optere\u0107enje blokova s kop\u010dom temelji se na \u010dvrsto\u0107i kop\u010de.<\/p>\n","protected":false},"excerpt":{"rendered":"<p>Koloturnik Master jednostruki 72 mm za konop do 12 mm &#8211; Master ravni le\u017eajevi blokovi dizajnirani za laganost, snagu i<\/p>\n","protected":false},"featured_media":5943847,"comment_status":"open","ping_status":"closed","template":"","meta":[],"product_brand":[3131],"product_cat":[1770],"product_tag":[],"class_list":{"0":"post-742532","1":"product","2":"type-product","3":"status-publish","4":"has-post-thumbnail","6":"product_brand-master-hr","7":"product_cat-master-koloture-za-jedrilice","9":"first","10":"instock","11":"shipping-taxable","12":"purchasable","13":"product-type-simple"},"_links":{"self":[{"href":"https:\/\/stoic-curie.212-227-153-4.plesk.page\/hr\/wp-json\/wp\/v2\/product\/742532","targetHints":{"allow":["GET"]}}],"collection":[{"href":"https:\/\/stoic-curie.212-227-153-4.plesk.page\/hr\/wp-json\/wp\/v2\/product"}],"about":[{"href":"https:\/\/stoic-curie.212-227-153-4.plesk.page\/hr\/wp-json\/wp\/v2\/types\/product"}],"replies":[{"embeddable":true,"href":"https:\/\/stoic-curie.212-227-153-4.plesk.page\/hr\/wp-json\/wp\/v2\/comments?post=742532"}],"version-history":[{"count":0,"href":"https:\/\/stoic-curie.212-227-153-4.plesk.page\/hr\/wp-json\/wp\/v2\/product\/742532\/revisions"}],"wp:featuredmedia":[{"embeddable":true,"href":"https:\/\/stoic-curie.212-227-153-4.plesk.page\/hr\/wp-json\/wp\/v2\/media\/5943847"}],"wp:attachment":[{"href":"https:\/\/stoic-curie.212-227-153-4.plesk.page\/hr\/wp-json\/wp\/v2\/media?parent=742532"}],"wp:term":[{"taxonomy":"product_brand","embeddable":true,"href":"https:\/\/stoic-curie.212-227-153-4.plesk.page\/hr\/wp-json\/wp\/v2\/product_brand?post=742532"},{"taxonomy":"product_cat","embeddable":true,"href":"https:\/\/stoic-curie.212-227-153-4.plesk.page\/hr\/wp-json\/wp\/v2\/product_cat?post=742532"},{"taxonomy":"product_tag","embeddable":true,"href":"https:\/\/stoic-curie.212-227-153-4.plesk.page\/hr\/wp-json\/wp\/v2\/product_tag?post=742532"}],"curies":[{"name":"wp","href":"https:\/\/api.w.org\/{rel}","templated":true}]}}