{"id":742534,"date":"2025-03-03T18:22:18","date_gmt":"2025-03-03T17:22:18","guid":{"rendered":"https:\/\/stoic-curie.212-227-153-4.plesk.page\/producto\/koloturnik-master-dvostruki-72-mm-za-konop-do-12-mm\/"},"modified":"2026-02-25T00:01:00","modified_gmt":"2026-02-25T00:01:00","slug":"koloturnik-master-dvostruki-72-mm-za-konop-do-12-mm","status":"publish","type":"product","link":"https:\/\/stoic-curie.212-227-153-4.plesk.page\/hr\/product\/koloturnik-master-dvostruki-72-mm-za-konop-do-12-mm\/","title":{"rendered":"Koloturnik Master dvostruki 72 mm za konop do 12 mm"},"content":{"rendered":"<p>Koloturnik Master dvostruki 72 mm za konop do 12 mm &#8211; <\/p>\n<p>Master blokovi s ravnim le\u017eajevima dizajnirani za laganu, sna\u017enu i superiornu ergonomiju. Napravljeni su od najlona oja\u010danog staklenim vlaknima kako bi pru\u017eili \u010dvrsto\u0107u nalik metalu. Samo podmazuju\u0107i kolotur smanjuje trenje i pove\u0107ava u\u010dinkovitost. Ravni le\u017eaj od nehr\u0111aju\u0107eg \u010delika 316 osigurava glatku rotaciju, \u0161to olak\u0161ava prijenos snage jedrili\u010darima i smanjuje habanje u\u017eeta. Ravni le\u017eaj: Nehr\u0111aju\u0107i \u010delik 316 Promjer kolotura 72 mm: samo podmazivani acetalni kompozit Stijenke: oja\u010dani kompozit od staklenih vlakana nylon UV stabiliziran Rotiraju\u0107a karabinka: kovanog nehr\u0111aju\u0107eg \u010delika razreda 316 WL: Radno optere\u0107enje BL: Optere\u0107enje prekida HINT: Radno\/optere\u0107enje prekida blokova s kamenom temelji se na \u010dvrsto\u0107i kamena.<\/p>\n","protected":false},"excerpt":{"rendered":"<p>Koloturnik Master dvostruki 72 mm za konop do 12 mm &#8211; Master blokovi s ravnim le\u017eajevima dizajnirani za laganu, sna\u017enu<\/p>\n","protected":false},"featured_media":5943874,"comment_status":"open","ping_status":"closed","template":"","meta":[],"product_brand":[3131],"product_cat":[1770],"product_tag":[],"class_list":{"0":"post-742534","1":"product","2":"type-product","3":"status-publish","4":"has-post-thumbnail","6":"product_brand-master-hr","7":"product_cat-master-koloture-za-jedrilice","9":"first","10":"instock","11":"shipping-taxable","12":"purchasable","13":"product-type-simple"},"_links":{"self":[{"href":"https:\/\/stoic-curie.212-227-153-4.plesk.page\/hr\/wp-json\/wp\/v2\/product\/742534","targetHints":{"allow":["GET"]}}],"collection":[{"href":"https:\/\/stoic-curie.212-227-153-4.plesk.page\/hr\/wp-json\/wp\/v2\/product"}],"about":[{"href":"https:\/\/stoic-curie.212-227-153-4.plesk.page\/hr\/wp-json\/wp\/v2\/types\/product"}],"replies":[{"embeddable":true,"href":"https:\/\/stoic-curie.212-227-153-4.plesk.page\/hr\/wp-json\/wp\/v2\/comments?post=742534"}],"version-history":[{"count":0,"href":"https:\/\/stoic-curie.212-227-153-4.plesk.page\/hr\/wp-json\/wp\/v2\/product\/742534\/revisions"}],"wp:featuredmedia":[{"embeddable":true,"href":"https:\/\/stoic-curie.212-227-153-4.plesk.page\/hr\/wp-json\/wp\/v2\/media\/5943874"}],"wp:attachment":[{"href":"https:\/\/stoic-curie.212-227-153-4.plesk.page\/hr\/wp-json\/wp\/v2\/media?parent=742534"}],"wp:term":[{"taxonomy":"product_brand","embeddable":true,"href":"https:\/\/stoic-curie.212-227-153-4.plesk.page\/hr\/wp-json\/wp\/v2\/product_brand?post=742534"},{"taxonomy":"product_cat","embeddable":true,"href":"https:\/\/stoic-curie.212-227-153-4.plesk.page\/hr\/wp-json\/wp\/v2\/product_cat?post=742534"},{"taxonomy":"product_tag","embeddable":true,"href":"https:\/\/stoic-curie.212-227-153-4.plesk.page\/hr\/wp-json\/wp\/v2\/product_tag?post=742534"}],"curies":[{"name":"wp","href":"https:\/\/api.w.org\/{rel}","templated":true}]}}