{"id":742535,"date":"2025-03-03T18:22:18","date_gmt":"2025-03-03T17:22:18","guid":{"rendered":"https:\/\/stoic-curie.212-227-153-4.plesk.page\/producto\/koloturnik-master-hercules-jednostruki-75mm-za-konop-19mm\/"},"modified":"2026-02-25T00:01:00","modified_gmt":"2026-02-25T00:01:00","slug":"koloturnik-master-hercules-jednostruki-75mm-za-konop-19mm","status":"publish","type":"product","link":"https:\/\/stoic-curie.212-227-153-4.plesk.page\/hr\/product\/koloturnik-master-hercules-jednostruki-75mm-za-konop-19mm\/","title":{"rendered":"Koloturnik Master Hercules jednostruki 75mm za konop 19mm"},"content":{"rendered":"<p>Koloturnik Master Hercules jednostruki 75mm za konop 19mm &#8211; <\/p>\n<p>Hercules blokovi su posebno izra\u0111eni za jedrilice kako bi podnijeli izuzetno velike terete. Jednodijelna strojnokovana bo\u010dna plo\u010da osigurava savr\u0161enu ravnote\u017eu izme\u0111u te\u017eine i \u010dvrsto\u0107e. Man\u017eetna i bo\u010dna kugli\u010dna le\u017eaja omogu\u0107uju glatku rotaciju pod iznimno velikim optere\u0107enjima. Svi materijali su otporni na UV zra\u010denje i koroziju za maksimalnu za\u0161titu i dugotrajnost. Hercules pojedina\u010dni i fiddle blokovi su idealni za vang i glavno jedro sustave. Modeli s nogama s blokiranim mehanizmima mogu se koristiti na palubi za vo\u0111enje u\u017eadi i osiguravanje jedara. Kugli\u010dni le\u017eaj: man\u017eetni le\u017eaj od nehr\u0111aju\u0107eg \u010delika 316 i dvije staze Derlin\u00ae kugli\u010dnog le\u017eaja. Promjer kolotura 57 mm: samo podmazuju\u0107i acetalni kompozit. Stranice: crni anodizirani aluminij. Rotiraju\u0107i potisnik: kovanog nehr\u0111aju\u0107eg \u010delika razreda 316. WL: Radno optere\u0107enje. BL: Prelomno optere\u0107enje.<\/p>\n","protected":false},"excerpt":{"rendered":"<p>Koloturnik Master Hercules jednostruki 75mm za konop 19mm &#8211; Hercules blokovi su posebno izra\u0111eni za jedrilice kako bi podnijeli izuzetno<\/p>\n","protected":false},"featured_media":5943875,"comment_status":"open","ping_status":"closed","template":"","meta":[],"product_brand":[3131],"product_cat":[1770],"product_tag":[],"class_list":{"0":"post-742535","1":"product","2":"type-product","3":"status-publish","4":"has-post-thumbnail","6":"product_brand-master-hr","7":"product_cat-master-koloture-za-jedrilice","9":"first","10":"instock","11":"shipping-taxable","12":"purchasable","13":"product-type-simple"},"_links":{"self":[{"href":"https:\/\/stoic-curie.212-227-153-4.plesk.page\/hr\/wp-json\/wp\/v2\/product\/742535","targetHints":{"allow":["GET"]}}],"collection":[{"href":"https:\/\/stoic-curie.212-227-153-4.plesk.page\/hr\/wp-json\/wp\/v2\/product"}],"about":[{"href":"https:\/\/stoic-curie.212-227-153-4.plesk.page\/hr\/wp-json\/wp\/v2\/types\/product"}],"replies":[{"embeddable":true,"href":"https:\/\/stoic-curie.212-227-153-4.plesk.page\/hr\/wp-json\/wp\/v2\/comments?post=742535"}],"version-history":[{"count":0,"href":"https:\/\/stoic-curie.212-227-153-4.plesk.page\/hr\/wp-json\/wp\/v2\/product\/742535\/revisions"}],"wp:featuredmedia":[{"embeddable":true,"href":"https:\/\/stoic-curie.212-227-153-4.plesk.page\/hr\/wp-json\/wp\/v2\/media\/5943875"}],"wp:attachment":[{"href":"https:\/\/stoic-curie.212-227-153-4.plesk.page\/hr\/wp-json\/wp\/v2\/media?parent=742535"}],"wp:term":[{"taxonomy":"product_brand","embeddable":true,"href":"https:\/\/stoic-curie.212-227-153-4.plesk.page\/hr\/wp-json\/wp\/v2\/product_brand?post=742535"},{"taxonomy":"product_cat","embeddable":true,"href":"https:\/\/stoic-curie.212-227-153-4.plesk.page\/hr\/wp-json\/wp\/v2\/product_cat?post=742535"},{"taxonomy":"product_tag","embeddable":true,"href":"https:\/\/stoic-curie.212-227-153-4.plesk.page\/hr\/wp-json\/wp\/v2\/product_tag?post=742535"}],"curies":[{"name":"wp","href":"https:\/\/api.w.org\/{rel}","templated":true}]}}