{"id":742536,"date":"2025-03-03T18:22:19","date_gmt":"2025-03-03T17:22:19","guid":{"rendered":"https:\/\/stoic-curie.212-227-153-4.plesk.page\/producto\/koloturnik-master-dvostruki-72-mm-sa-nosacem-za-konop-do-12-mm\/"},"modified":"2026-02-25T00:01:00","modified_gmt":"2026-02-25T00:01:00","slug":"koloturnik-master-dvostruki-72-mm-sa-nosacem-za-konop-do-12-mm","status":"publish","type":"product","link":"https:\/\/stoic-curie.212-227-153-4.plesk.page\/hr\/product\/koloturnik-master-dvostruki-72-mm-sa-nosacem-za-konop-do-12-mm\/","title":{"rendered":"Koloturnik Master dvostruki 72 mm sa nosa\u010dem za konop do 12 mm"},"content":{"rendered":"<p>Koloturnik Master dvostruki 72 mm sa nosa\u010dem za konop do 12 mm &#8211; <\/p>\n<p>Master blokovi ravnih le\u017eajeva dizajnirani su za malu te\u017einu, snagu i superiorno rukovanje. Napravljen od najlona oja\u010danog staklenim vlaknima kako bi pru\u017eili snagu sli\u010dnu metalu. Samo podmazivanje povla\u010denja smanjuje trenje i pove\u0107ava u\u010dinkovitost. Ravni le\u017eaj od nehr\u0111aju\u0107eg \u010delika 316 omogu\u0107ava glatku rotaciju, olak\u0161avaju\u0107i jedrima prijenos snage i smanjuju\u0107i habanje u\u017eeta.<br \/>Ravni le\u017eaj: nehr\u0111aju\u0107i \u010delik 316<br \/>Promjer povla\u010denja 72 mm: samopodmazuju\u0107i acetalni kompozit<br \/>Stranice: oja\u010dani kompozit od najlona sa staklenim vlaknima, stabiliziran UV zra\u010denjem<br \/>Rotacijska kop\u010da: kovani nehr\u0111aju\u0107i \u010delik razreda 316<br \/>WL: Radno optere\u0107enje<br \/>BL: Nosivost<br \/>NAPOMENA: Radno\/optere\u0107enje blokova s zup\u010danikom temelji se na snazi zup\u010danika.<\/p>\n","protected":false},"excerpt":{"rendered":"<p>Koloturnik Master dvostruki 72 mm sa nosa\u010dem za konop do 12 mm &#8211; Master blokovi ravnih le\u017eajeva dizajnirani su za<\/p>\n","protected":false},"featured_media":5943858,"comment_status":"open","ping_status":"closed","template":"","meta":[],"product_brand":[3131],"product_cat":[1770],"product_tag":[],"class_list":{"0":"post-742536","1":"product","2":"type-product","3":"status-publish","4":"has-post-thumbnail","6":"product_brand-master-hr","7":"product_cat-master-koloture-za-jedrilice","9":"first","10":"instock","11":"shipping-taxable","12":"purchasable","13":"product-type-simple"},"_links":{"self":[{"href":"https:\/\/stoic-curie.212-227-153-4.plesk.page\/hr\/wp-json\/wp\/v2\/product\/742536","targetHints":{"allow":["GET"]}}],"collection":[{"href":"https:\/\/stoic-curie.212-227-153-4.plesk.page\/hr\/wp-json\/wp\/v2\/product"}],"about":[{"href":"https:\/\/stoic-curie.212-227-153-4.plesk.page\/hr\/wp-json\/wp\/v2\/types\/product"}],"replies":[{"embeddable":true,"href":"https:\/\/stoic-curie.212-227-153-4.plesk.page\/hr\/wp-json\/wp\/v2\/comments?post=742536"}],"version-history":[{"count":0,"href":"https:\/\/stoic-curie.212-227-153-4.plesk.page\/hr\/wp-json\/wp\/v2\/product\/742536\/revisions"}],"wp:featuredmedia":[{"embeddable":true,"href":"https:\/\/stoic-curie.212-227-153-4.plesk.page\/hr\/wp-json\/wp\/v2\/media\/5943858"}],"wp:attachment":[{"href":"https:\/\/stoic-curie.212-227-153-4.plesk.page\/hr\/wp-json\/wp\/v2\/media?parent=742536"}],"wp:term":[{"taxonomy":"product_brand","embeddable":true,"href":"https:\/\/stoic-curie.212-227-153-4.plesk.page\/hr\/wp-json\/wp\/v2\/product_brand?post=742536"},{"taxonomy":"product_cat","embeddable":true,"href":"https:\/\/stoic-curie.212-227-153-4.plesk.page\/hr\/wp-json\/wp\/v2\/product_cat?post=742536"},{"taxonomy":"product_tag","embeddable":true,"href":"https:\/\/stoic-curie.212-227-153-4.plesk.page\/hr\/wp-json\/wp\/v2\/product_tag?post=742536"}],"curies":[{"name":"wp","href":"https:\/\/api.w.org\/{rel}","templated":true}]}}