{"id":742537,"date":"2025-03-03T18:22:19","date_gmt":"2025-03-03T17:22:19","guid":{"rendered":"https:\/\/stoic-curie.212-227-153-4.plesk.page\/producto\/violinska-kolotura-master-72-mm-za-konope-do-12-mm\/"},"modified":"2026-02-25T00:01:00","modified_gmt":"2026-02-25T00:01:00","slug":"violinska-kolotura-master-72-mm-za-konope-do-12-mm","status":"publish","type":"product","link":"https:\/\/stoic-curie.212-227-153-4.plesk.page\/hr\/product\/violinska-kolotura-master-72-mm-za-konope-do-12-mm\/","title":{"rendered":"Violinska kolotura Master 72 mm za konope do 12 mm"},"content":{"rendered":"<p>Violinska kolotura Master 72 mm za konope do 12 mm &#8211; <\/p>\n<p>Master blokovi le\u017eajeva, projektirani za laganu te\u017einu, \u010dvrsto\u0107u i superiorno upravljanje. Izra\u0111eni od najlona oja\u010danog staklenim vlaknima koja pru\u017eaju \u010dvrsto\u0107u sli\u010dnu metalu. Samo podmazuju\u0107a pulja smanjuje trenje i pove\u0107ava u\u010dinkovitost. Le\u017eaj od nehr\u0111aju\u0107eg \u010delika 316 omogu\u0107uje glatku rotaciju \u0161to olak\u0161ava moreplovcima prijenos snage i smanjuje habanje u\u017eeta. Le\u017eaj: Nehr\u0111aju\u0107i \u010delik 316. Promjer pulje 72 mm: samopodmazuju\u0107i acetalni kompozit. Bo\u010dne strane: oja\u010dan kompozit od najlona sa staklenim vlaknima UV stabiliziran. Oko za okretanje: Forged Grade 316 od nehr\u0111aju\u0107eg \u010delika. WL: Radno optere\u0107enje. BL: Optere\u0107enje pucanja. NAPOMENA: Radno\/pucanje optere\u0107enje blokova s kamenom temelji se na \u010dvrsto\u0107i kamena.<\/p>\n","protected":false},"excerpt":{"rendered":"<p>Violinska kolotura Master 72 mm za konope do 12 mm &#8211; Master blokovi le\u017eajeva, projektirani za laganu te\u017einu, \u010dvrsto\u0107u i<\/p>\n","protected":false},"featured_media":5943876,"comment_status":"open","ping_status":"closed","template":"","meta":[],"product_brand":[3131],"product_cat":[1770],"product_tag":[],"class_list":{"0":"post-742537","1":"product","2":"type-product","3":"status-publish","4":"has-post-thumbnail","6":"product_brand-master-hr","7":"product_cat-master-koloture-za-jedrilice","9":"first","10":"instock","11":"shipping-taxable","12":"purchasable","13":"product-type-simple"},"_links":{"self":[{"href":"https:\/\/stoic-curie.212-227-153-4.plesk.page\/hr\/wp-json\/wp\/v2\/product\/742537","targetHints":{"allow":["GET"]}}],"collection":[{"href":"https:\/\/stoic-curie.212-227-153-4.plesk.page\/hr\/wp-json\/wp\/v2\/product"}],"about":[{"href":"https:\/\/stoic-curie.212-227-153-4.plesk.page\/hr\/wp-json\/wp\/v2\/types\/product"}],"replies":[{"embeddable":true,"href":"https:\/\/stoic-curie.212-227-153-4.plesk.page\/hr\/wp-json\/wp\/v2\/comments?post=742537"}],"version-history":[{"count":0,"href":"https:\/\/stoic-curie.212-227-153-4.plesk.page\/hr\/wp-json\/wp\/v2\/product\/742537\/revisions"}],"wp:featuredmedia":[{"embeddable":true,"href":"https:\/\/stoic-curie.212-227-153-4.plesk.page\/hr\/wp-json\/wp\/v2\/media\/5943876"}],"wp:attachment":[{"href":"https:\/\/stoic-curie.212-227-153-4.plesk.page\/hr\/wp-json\/wp\/v2\/media?parent=742537"}],"wp:term":[{"taxonomy":"product_brand","embeddable":true,"href":"https:\/\/stoic-curie.212-227-153-4.plesk.page\/hr\/wp-json\/wp\/v2\/product_brand?post=742537"},{"taxonomy":"product_cat","embeddable":true,"href":"https:\/\/stoic-curie.212-227-153-4.plesk.page\/hr\/wp-json\/wp\/v2\/product_cat?post=742537"},{"taxonomy":"product_tag","embeddable":true,"href":"https:\/\/stoic-curie.212-227-153-4.plesk.page\/hr\/wp-json\/wp\/v2\/product_tag?post=742537"}],"curies":[{"name":"wp","href":"https:\/\/api.w.org\/{rel}","templated":true}]}}