{"id":742538,"date":"2025-03-03T18:22:19","date_gmt":"2025-03-03T17:22:19","guid":{"rendered":"https:\/\/stoic-curie.212-227-153-4.plesk.page\/producto\/koloturnik-master-violinski-s-nosacem-od-72-mm-za-konope-do-12-mm\/"},"modified":"2026-02-25T00:01:00","modified_gmt":"2026-02-25T00:01:00","slug":"koloturnik-master-violinski-s-nosacem-od-72-mm-za-konope-do-12-mm","status":"publish","type":"product","link":"https:\/\/stoic-curie.212-227-153-4.plesk.page\/hr\/product\/koloturnik-master-violinski-s-nosacem-od-72-mm-za-konope-do-12-mm\/","title":{"rendered":"Koloturnik Master violinski s nosa\u010dem od 72 mm za konope do 12 mm"},"content":{"rendered":"<p>Koloturnik Master violinski s nosa\u010dem od 72 mm za konope do 12 mm &#8211; <\/p>\n<p>Master blokovi le\u017eajeva osmi\u0161ljeni za laganu konstrukciju, snagu i vrhunsko rukovanje. Izra\u0111eni su od najlona oja\u010danog staklenim vlaknima kako bi pru\u017eili metalnu \u010dvrsto\u0107u.<br \/> Samolubriciraju\u0107a koloturna smanjuje trenje i pove\u0107ava u\u010dinkovitost.<br \/> Glavni le\u017eaj od nehr\u0111aju\u0107eg \u010delika 316 omogu\u0107uje glatku rotaciju, \u0161to olak\u0161ava prenos snage mornarima i smanjuje habanje u\u017eeta.<br \/> Glavni le\u017eaj: nehr\u0111aju\u0107i \u010delik 316<br \/> Promjer koloturnice 72 mm: samolubriciraju\u0107i acetalni kompozit<br \/> Stranice: oja\u010dani kompozit od najlona oja\u010danog staklenim vlaknima, UV stabiliziran<br \/> Okretni kuk: kovanog nehr\u0111aju\u0107eg \u010delika razreda 316<br \/> WL: Radno optere\u0107enje<br \/> BL: Otpornosti na lom<br \/> NAPOMENA: Radno\/optere\u0107enje prekida\u010da blokova s iskopom temelji se na snazi iskopala.<\/p>\n","protected":false},"excerpt":{"rendered":"<p>Koloturnik Master violinski s nosa\u010dem od 72 mm za konope do 12 mm &#8211; Master blokovi le\u017eajeva osmi\u0161ljeni za laganu<\/p>\n","protected":false},"featured_media":5943877,"comment_status":"open","ping_status":"closed","template":"","meta":[],"product_brand":[3131],"product_cat":[1770],"product_tag":[],"class_list":{"0":"post-742538","1":"product","2":"type-product","3":"status-publish","4":"has-post-thumbnail","6":"product_brand-master-hr","7":"product_cat-master-koloture-za-jedrilice","9":"first","10":"instock","11":"shipping-taxable","12":"purchasable","13":"product-type-simple"},"_links":{"self":[{"href":"https:\/\/stoic-curie.212-227-153-4.plesk.page\/hr\/wp-json\/wp\/v2\/product\/742538","targetHints":{"allow":["GET"]}}],"collection":[{"href":"https:\/\/stoic-curie.212-227-153-4.plesk.page\/hr\/wp-json\/wp\/v2\/product"}],"about":[{"href":"https:\/\/stoic-curie.212-227-153-4.plesk.page\/hr\/wp-json\/wp\/v2\/types\/product"}],"replies":[{"embeddable":true,"href":"https:\/\/stoic-curie.212-227-153-4.plesk.page\/hr\/wp-json\/wp\/v2\/comments?post=742538"}],"version-history":[{"count":0,"href":"https:\/\/stoic-curie.212-227-153-4.plesk.page\/hr\/wp-json\/wp\/v2\/product\/742538\/revisions"}],"wp:featuredmedia":[{"embeddable":true,"href":"https:\/\/stoic-curie.212-227-153-4.plesk.page\/hr\/wp-json\/wp\/v2\/media\/5943877"}],"wp:attachment":[{"href":"https:\/\/stoic-curie.212-227-153-4.plesk.page\/hr\/wp-json\/wp\/v2\/media?parent=742538"}],"wp:term":[{"taxonomy":"product_brand","embeddable":true,"href":"https:\/\/stoic-curie.212-227-153-4.plesk.page\/hr\/wp-json\/wp\/v2\/product_brand?post=742538"},{"taxonomy":"product_cat","embeddable":true,"href":"https:\/\/stoic-curie.212-227-153-4.plesk.page\/hr\/wp-json\/wp\/v2\/product_cat?post=742538"},{"taxonomy":"product_tag","embeddable":true,"href":"https:\/\/stoic-curie.212-227-153-4.plesk.page\/hr\/wp-json\/wp\/v2\/product_tag?post=742538"}],"curies":[{"name":"wp","href":"https:\/\/api.w.org\/{rel}","templated":true}]}}