{"id":742539,"date":"2025-03-03T18:22:19","date_gmt":"2025-03-03T17:22:19","guid":{"rendered":"https:\/\/stoic-curie.212-227-153-4.plesk.page\/producto\/koloturnik-master-jednostruki-90-mm-za-konope-do-14-mm\/"},"modified":"2026-02-25T00:01:00","modified_gmt":"2026-02-25T00:01:00","slug":"koloturnik-master-jednostruki-90-mm-za-konope-do-14-mm","status":"publish","type":"product","link":"https:\/\/stoic-curie.212-227-153-4.plesk.page\/hr\/product\/koloturnik-master-jednostruki-90-mm-za-konope-do-14-mm\/","title":{"rendered":"Koloturnik Master jednostruki 90 mm, za konope do 14 mm"},"content":{"rendered":"<p>Koloturnik Master jednostruki 90 mm, za konope do 14 mm &#8211; <\/p>\n<p>Master ravne le\u017eajeve blokove dizajnirane za laganost, \u010dvrsto\u0107u i superiorno rukovanje. Izra\u0111eni su od najlona oja\u010danog staklenim vlaknima kako bi se postigla \u010dvrsto\u0107a sli\u010dna metalu.<br \/>Samopodmazuju\u0107i remen smanjuje trenje i pove\u0107ava u\u010dinkovitost.<br \/>Ravni le\u017eaj od nehr\u0111aju\u0107eg \u010delika 316 osigurava glatku rotaciju, \u0161to olak\u0161ava jedrili\u010darima prijenos snage i smanjuje tro\u0161enje u\u017eeta.<br \/>Ravni le\u017eaj: nehr\u0111aju\u0107i \u010delik 316<br \/>Promjer remena 90 mm: samopodmazuju\u0107i acetalski kompozit<br \/>Opruge: oja\u010dani kompozit od najlona oja\u010danog staklenim vlaknima, stabiliziran na UV zra\u010denje<br \/>Rotiraju\u0107a kuku: forged razred 316 nehr\u0111aju\u0107i \u010delik<br \/>WL: Radno optere\u0107enje<br \/>BL: Raskidno optere\u0107enje<br \/>NAPOMENA: Radno\/raskidno optere\u0107enje blokova s osovinom temelji se na \u010dvrsto\u0107i osovine.<\/p>\n","protected":false},"excerpt":{"rendered":"<p>Koloturnik Master jednostruki 90 mm, za konope do 14 mm &#8211; Master ravne le\u017eajeve blokove dizajnirane za laganost, \u010dvrsto\u0107u i<\/p>\n","protected":false},"featured_media":5943878,"comment_status":"open","ping_status":"closed","template":"","meta":[],"product_brand":[3131],"product_cat":[1770],"product_tag":[],"class_list":{"0":"post-742539","1":"product","2":"type-product","3":"status-publish","4":"has-post-thumbnail","6":"product_brand-master-hr","7":"product_cat-master-koloture-za-jedrilice","9":"first","10":"instock","11":"shipping-taxable","12":"purchasable","13":"product-type-simple"},"_links":{"self":[{"href":"https:\/\/stoic-curie.212-227-153-4.plesk.page\/hr\/wp-json\/wp\/v2\/product\/742539","targetHints":{"allow":["GET"]}}],"collection":[{"href":"https:\/\/stoic-curie.212-227-153-4.plesk.page\/hr\/wp-json\/wp\/v2\/product"}],"about":[{"href":"https:\/\/stoic-curie.212-227-153-4.plesk.page\/hr\/wp-json\/wp\/v2\/types\/product"}],"replies":[{"embeddable":true,"href":"https:\/\/stoic-curie.212-227-153-4.plesk.page\/hr\/wp-json\/wp\/v2\/comments?post=742539"}],"version-history":[{"count":0,"href":"https:\/\/stoic-curie.212-227-153-4.plesk.page\/hr\/wp-json\/wp\/v2\/product\/742539\/revisions"}],"wp:featuredmedia":[{"embeddable":true,"href":"https:\/\/stoic-curie.212-227-153-4.plesk.page\/hr\/wp-json\/wp\/v2\/media\/5943878"}],"wp:attachment":[{"href":"https:\/\/stoic-curie.212-227-153-4.plesk.page\/hr\/wp-json\/wp\/v2\/media?parent=742539"}],"wp:term":[{"taxonomy":"product_brand","embeddable":true,"href":"https:\/\/stoic-curie.212-227-153-4.plesk.page\/hr\/wp-json\/wp\/v2\/product_brand?post=742539"},{"taxonomy":"product_cat","embeddable":true,"href":"https:\/\/stoic-curie.212-227-153-4.plesk.page\/hr\/wp-json\/wp\/v2\/product_cat?post=742539"},{"taxonomy":"product_tag","embeddable":true,"href":"https:\/\/stoic-curie.212-227-153-4.plesk.page\/hr\/wp-json\/wp\/v2\/product_tag?post=742539"}],"curies":[{"name":"wp","href":"https:\/\/api.w.org\/{rel}","templated":true}]}}