{"id":742540,"date":"2025-03-03T18:22:20","date_gmt":"2025-03-03T17:22:20","guid":{"rendered":"https:\/\/stoic-curie.212-227-153-4.plesk.page\/producto\/koloturnik-master-jednostruki-sa-nosacem-90mm-za-konope-do-14mm\/"},"modified":"2026-02-25T00:01:00","modified_gmt":"2026-02-25T00:01:00","slug":"koloturnik-master-jednostruki-sa-nosacem-90mm-za-konope-do-14mm","status":"publish","type":"product","link":"https:\/\/stoic-curie.212-227-153-4.plesk.page\/hr\/product\/koloturnik-master-jednostruki-sa-nosacem-90mm-za-konope-do-14mm\/","title":{"rendered":"Koloturnik Master jednostruki sa nosa\u010dem 90mm za konope do 14mm"},"content":{"rendered":"<p>Koloturnik Master jednostruki sa nosa\u010dem 90mm za konope do 14mm &#8211; <\/p>\n<p>Master blokovi ravnih le\u017eajeva dizajnirani za laganu te\u017einu, izdr\u017eljivost i superiorno rukovanje. Proizvedeni su od najlona oja\u010danog staklenim vlaknima kako bi se osigurala \u010dvrsto\u0107a sli\u010dna metalu. Samo-podmazivaju\u0107i kolotur smanjuje trenje i pove\u0107ava u\u010dinkovitost. Ravni le\u017eaj od nehr\u0111aju\u0107eg \u010delika 316 osigurava glatku rotaciju, omogu\u0107uju\u0107i jedrili\u010darima lak\u0161i prijenos snage i manju istro\u0161enost u\u017eeta. Ravni le\u017eaj: nehr\u0111aju\u0107i \u010delik 316 Promjer kolotura 90 mm: samo-podmazivaju\u0107i acetalni kompozit Objesci: oja\u010dani najlon s mre\u017eicom od staklenih vlakana stabiliziran UV zrakama Rotiraju\u0107a kuka: forgirani nehr\u0111aju\u0107i \u010delik razreda 316 WL: Radno optere\u0107enje BL: Razornu snagu NAPOMENA: Radno\/pukotinska optere\u0107enja blokova s \u010da\u0161icom temelje se na snazi \u010da\u0161ice.<\/p>\n","protected":false},"excerpt":{"rendered":"<p>Koloturnik Master jednostruki sa nosa\u010dem 90mm za konope do 14mm &#8211; Master blokovi ravnih le\u017eajeva dizajnirani za laganu te\u017einu, izdr\u017eljivost<\/p>\n","protected":false},"featured_media":5943879,"comment_status":"open","ping_status":"closed","template":"","meta":[],"product_brand":[3131],"product_cat":[1770],"product_tag":[],"class_list":{"0":"post-742540","1":"product","2":"type-product","3":"status-publish","4":"has-post-thumbnail","6":"product_brand-master-hr","7":"product_cat-master-koloture-za-jedrilice","9":"first","10":"instock","11":"shipping-taxable","12":"purchasable","13":"product-type-simple"},"_links":{"self":[{"href":"https:\/\/stoic-curie.212-227-153-4.plesk.page\/hr\/wp-json\/wp\/v2\/product\/742540","targetHints":{"allow":["GET"]}}],"collection":[{"href":"https:\/\/stoic-curie.212-227-153-4.plesk.page\/hr\/wp-json\/wp\/v2\/product"}],"about":[{"href":"https:\/\/stoic-curie.212-227-153-4.plesk.page\/hr\/wp-json\/wp\/v2\/types\/product"}],"replies":[{"embeddable":true,"href":"https:\/\/stoic-curie.212-227-153-4.plesk.page\/hr\/wp-json\/wp\/v2\/comments?post=742540"}],"version-history":[{"count":0,"href":"https:\/\/stoic-curie.212-227-153-4.plesk.page\/hr\/wp-json\/wp\/v2\/product\/742540\/revisions"}],"wp:featuredmedia":[{"embeddable":true,"href":"https:\/\/stoic-curie.212-227-153-4.plesk.page\/hr\/wp-json\/wp\/v2\/media\/5943879"}],"wp:attachment":[{"href":"https:\/\/stoic-curie.212-227-153-4.plesk.page\/hr\/wp-json\/wp\/v2\/media?parent=742540"}],"wp:term":[{"taxonomy":"product_brand","embeddable":true,"href":"https:\/\/stoic-curie.212-227-153-4.plesk.page\/hr\/wp-json\/wp\/v2\/product_brand?post=742540"},{"taxonomy":"product_cat","embeddable":true,"href":"https:\/\/stoic-curie.212-227-153-4.plesk.page\/hr\/wp-json\/wp\/v2\/product_cat?post=742540"},{"taxonomy":"product_tag","embeddable":true,"href":"https:\/\/stoic-curie.212-227-153-4.plesk.page\/hr\/wp-json\/wp\/v2\/product_tag?post=742540"}],"curies":[{"name":"wp","href":"https:\/\/api.w.org\/{rel}","templated":true}]}}