{"id":742541,"date":"2025-03-03T18:22:20","date_gmt":"2025-03-03T17:22:20","guid":{"rendered":"https:\/\/stoic-curie.212-227-153-4.plesk.page\/producto\/violinska-kolotura-master-90-mm-za-konope-do-14-mm\/"},"modified":"2026-02-25T00:01:00","modified_gmt":"2026-02-25T00:01:00","slug":"violinska-kolotura-master-90-mm-za-konope-do-14-mm","status":"publish","type":"product","link":"https:\/\/stoic-curie.212-227-153-4.plesk.page\/hr\/product\/violinska-kolotura-master-90-mm-za-konope-do-14-mm\/","title":{"rendered":"Violinska kolotura Master 90 mm za konope do 14 mm"},"content":{"rendered":"<p>Violinska kolotura Master 90 mm za konope do 14 mm &#8211; <\/p>\n<p>Majstorski le\u017eaji blokova razvijeni su za malu te\u017einu, \u010dvrsto\u0107u i superiorno rukovanje. Izra\u0111eni su od najlona oja\u010danog staklenim vlaknima kako bi pru\u017eili \u010dvrsto\u0107u sli\u010dnu metalu. Samoiljni to\u010dak smanjuje trenje i pove\u0107ava u\u010dinkovitost. Le\u017eaj od nehr\u0111aju\u0107eg \u010delika 316 omogu\u0107ava glatku rotaciju, olak\u0161avaju\u0107i jedrili\u010darima prijenos snage i smanjuju\u0107i tro\u0161enje u\u017eeta. Le\u017eaj: nehr\u0111aju\u0107i \u010delik 316 Promjer to\u010dka 90 mm: samolubriciraju\u0107a acetalna kompozicija Stijenke: oja\u010dana kompozitna plastika s UV stabilizacijom Rotacijski kuka: Forged Grade 316 nehr\u0111aju\u0107i \u010delik WL: Radno optere\u0107enje BL: Razorno optere\u0107enje NAPOMENA: Radno\/razorno optere\u0107enje blokova s kamom temelji se na \u010dvrsto\u0107i same kame.<\/p>\n","protected":false},"excerpt":{"rendered":"<p>Violinska kolotura Master 90 mm za konope do 14 mm &#8211; Majstorski le\u017eaji blokova razvijeni su za malu te\u017einu, \u010dvrsto\u0107u<\/p>\n","protected":false},"featured_media":5943880,"comment_status":"open","ping_status":"closed","template":"","meta":[],"product_brand":[3131],"product_cat":[1770],"product_tag":[],"class_list":{"0":"post-742541","1":"product","2":"type-product","3":"status-publish","4":"has-post-thumbnail","6":"product_brand-master-hr","7":"product_cat-master-koloture-za-jedrilice","9":"first","10":"instock","11":"shipping-taxable","12":"purchasable","13":"product-type-simple"},"_links":{"self":[{"href":"https:\/\/stoic-curie.212-227-153-4.plesk.page\/hr\/wp-json\/wp\/v2\/product\/742541","targetHints":{"allow":["GET"]}}],"collection":[{"href":"https:\/\/stoic-curie.212-227-153-4.plesk.page\/hr\/wp-json\/wp\/v2\/product"}],"about":[{"href":"https:\/\/stoic-curie.212-227-153-4.plesk.page\/hr\/wp-json\/wp\/v2\/types\/product"}],"replies":[{"embeddable":true,"href":"https:\/\/stoic-curie.212-227-153-4.plesk.page\/hr\/wp-json\/wp\/v2\/comments?post=742541"}],"version-history":[{"count":0,"href":"https:\/\/stoic-curie.212-227-153-4.plesk.page\/hr\/wp-json\/wp\/v2\/product\/742541\/revisions"}],"wp:featuredmedia":[{"embeddable":true,"href":"https:\/\/stoic-curie.212-227-153-4.plesk.page\/hr\/wp-json\/wp\/v2\/media\/5943880"}],"wp:attachment":[{"href":"https:\/\/stoic-curie.212-227-153-4.plesk.page\/hr\/wp-json\/wp\/v2\/media?parent=742541"}],"wp:term":[{"taxonomy":"product_brand","embeddable":true,"href":"https:\/\/stoic-curie.212-227-153-4.plesk.page\/hr\/wp-json\/wp\/v2\/product_brand?post=742541"},{"taxonomy":"product_cat","embeddable":true,"href":"https:\/\/stoic-curie.212-227-153-4.plesk.page\/hr\/wp-json\/wp\/v2\/product_cat?post=742541"},{"taxonomy":"product_tag","embeddable":true,"href":"https:\/\/stoic-curie.212-227-153-4.plesk.page\/hr\/wp-json\/wp\/v2\/product_tag?post=742541"}],"curies":[{"name":"wp","href":"https:\/\/api.w.org\/{rel}","templated":true}]}}