{"id":742542,"date":"2025-03-03T18:22:20","date_gmt":"2025-03-03T17:22:20","guid":{"rendered":"https:\/\/stoic-curie.212-227-153-4.plesk.page\/producto\/master-violinska-kolotura-s-nosacem-od-90-mm-za-linije-od-14-mm\/"},"modified":"2026-02-25T00:01:00","modified_gmt":"2026-02-25T00:01:00","slug":"master-violinska-kolotura-s-nosacem-od-90-mm-za-linije-od-14-mm","status":"publish","type":"product","link":"https:\/\/stoic-curie.212-227-153-4.plesk.page\/hr\/product\/master-violinska-kolotura-s-nosacem-od-90-mm-za-linije-od-14-mm\/","title":{"rendered":"Master violinska kolotura s nosa\u010dem od 90 mm za linije od 14 mm"},"content":{"rendered":"<p>Master violinska kolotura s nosa\u010dem od 90 mm za linije od 14 mm &#8211; <\/p>\n<p>Master le\u017eajevi s ravnim le\u017eajevima dizajnirani su za laganu te\u017einu, snagu i superiornu upravljivost. Izra\u0111eni su od nylon kompozita oja\u010danog staklenim vlaknima kako bi pru\u017eili \u010dvrsto\u0107u sli\u010dnu metalu. Samo podmazuju\u0107i kota\u010d smanjuje trenje i pove\u0107ava u\u010dinkovitost. Ravni le\u017eaj od nehr\u0111aju\u0107eg \u010delika 316 omogu\u0107uje glatku rotaciju, olak\u0161avaju\u0107i jedrila\u0161ima prijenos snage i smanjuju\u0107i habanje u\u017eeta. Ravni le\u017eaj: nehr\u0111aju\u0107i \u010delik 316 Promjer kota\u010di\u0107a 90 mm: samopodmazuju\u0107i acetalni kompozit Bo\u010dne strane: oja\u010dani kompozit od staklenih vlakana i najlona stabiliziranih UV zra\u010denjem Rotiraju\u0107i kuka: kovanog nehr\u0111aju\u0107eg \u010delika razreda 316 WL: Radno optere\u0107enje BL: Prekidno optere\u0107enje NAPOMENA: Radno\/prekidno optere\u0107enje blokova s \u0161i\u0161kom temelji se na \u010dvrsto\u0107i \u0161i\u0161ke.<\/p>\n","protected":false},"excerpt":{"rendered":"<p>Master violinska kolotura s nosa\u010dem od 90 mm za linije od 14 mm &#8211; Master le\u017eajevi s ravnim le\u017eajevima dizajnirani<\/p>\n","protected":false},"featured_media":5943870,"comment_status":"open","ping_status":"closed","template":"","meta":[],"product_brand":[3131],"product_cat":[1770],"product_tag":[],"class_list":{"0":"post-742542","1":"product","2":"type-product","3":"status-publish","4":"has-post-thumbnail","6":"product_brand-master-hr","7":"product_cat-master-koloture-za-jedrilice","9":"first","10":"instock","11":"shipping-taxable","12":"purchasable","13":"product-type-simple"},"_links":{"self":[{"href":"https:\/\/stoic-curie.212-227-153-4.plesk.page\/hr\/wp-json\/wp\/v2\/product\/742542","targetHints":{"allow":["GET"]}}],"collection":[{"href":"https:\/\/stoic-curie.212-227-153-4.plesk.page\/hr\/wp-json\/wp\/v2\/product"}],"about":[{"href":"https:\/\/stoic-curie.212-227-153-4.plesk.page\/hr\/wp-json\/wp\/v2\/types\/product"}],"replies":[{"embeddable":true,"href":"https:\/\/stoic-curie.212-227-153-4.plesk.page\/hr\/wp-json\/wp\/v2\/comments?post=742542"}],"version-history":[{"count":0,"href":"https:\/\/stoic-curie.212-227-153-4.plesk.page\/hr\/wp-json\/wp\/v2\/product\/742542\/revisions"}],"wp:featuredmedia":[{"embeddable":true,"href":"https:\/\/stoic-curie.212-227-153-4.plesk.page\/hr\/wp-json\/wp\/v2\/media\/5943870"}],"wp:attachment":[{"href":"https:\/\/stoic-curie.212-227-153-4.plesk.page\/hr\/wp-json\/wp\/v2\/media?parent=742542"}],"wp:term":[{"taxonomy":"product_brand","embeddable":true,"href":"https:\/\/stoic-curie.212-227-153-4.plesk.page\/hr\/wp-json\/wp\/v2\/product_brand?post=742542"},{"taxonomy":"product_cat","embeddable":true,"href":"https:\/\/stoic-curie.212-227-153-4.plesk.page\/hr\/wp-json\/wp\/v2\/product_cat?post=742542"},{"taxonomy":"product_tag","embeddable":true,"href":"https:\/\/stoic-curie.212-227-153-4.plesk.page\/hr\/wp-json\/wp\/v2\/product_tag?post=742542"}],"curies":[{"name":"wp","href":"https:\/\/api.w.org\/{rel}","templated":true}]}}