{"id":742543,"date":"2025-03-03T18:22:20","date_gmt":"2025-03-03T17:22:20","guid":{"rendered":"https:\/\/stoic-curie.212-227-153-4.plesk.page\/producto\/koloturnik-master-hercules-jednostruki-sa-nosacem-75mm-za-konop-19mm\/"},"modified":"2026-02-25T00:01:00","modified_gmt":"2026-02-25T00:01:00","slug":"koloturnik-master-hercules-jednostruki-sa-nosacem-75mm-za-konop-19mm","status":"publish","type":"product","link":"https:\/\/stoic-curie.212-227-153-4.plesk.page\/hr\/product\/koloturnik-master-hercules-jednostruki-sa-nosacem-75mm-za-konop-19mm\/","title":{"rendered":"Koloturnik Master Hercules jednostruki sa nosa\u010dem 75mm za konop 19mm"},"content":{"rendered":"<p>Koloturnik Master Hercules jednostruki sa nosa\u010dem 75mm za konop 19mm &#8211; <\/p>\n<p>Hercules blokovi su posebno dizajnirani za krstarice koje podnose ekstremno visoke optere\u0107enja. Jednodijelna strojno izra\u0111ena bo\u010dna plo\u010da osigurava savr\u0161enu ravnote\u017eu izme\u0111u te\u017eine i snage. Le\u017eajevi s rukavcem i bo\u010dni kugli\u010dni le\u017eajevi omogu\u0107uju glatku rotaciju i vrlo visoka optere\u0107enja. Svi materijali su otporni na UV zra\u010denje i koroziju za maksimalnu za\u0161titu i dugotrajnu izdr\u017eljivost. Hercules pojedina\u010dni i fiddle blokovi idealni su za vang i glavne sustave. Podni modeli s blokatorima mogu se koristiti na palubi za vo\u0111enje u\u017eadi i osiguranje jedara. Kugli\u010dni le\u017eaj: le\u017eaj s rukavcem od nehr\u0111aju\u0107eg \u010delika 316 i dva puta Derlin\u00ae kugli\u010dnih le\u017eajeva. Promjer kolotura 57 mm: samozavaravaju\u0107i acetalni kompozit. Bo\u010dne strane: crno anodizirani aluminij. Rotiraju\u0107a kop\u010da: kovanog nehr\u0111aju\u0107eg \u010delika razreda 316. WL: Radno optere\u0107enje. BL: Optere\u0107enje pucanja.<\/p>\n","protected":false},"excerpt":{"rendered":"<p>Koloturnik Master Hercules jednostruki sa nosa\u010dem 75mm za konop 19mm &#8211; Hercules blokovi su posebno dizajnirani za krstarice koje podnose<\/p>\n","protected":false},"featured_media":5943875,"comment_status":"open","ping_status":"closed","template":"","meta":[],"product_brand":[3131],"product_cat":[1770],"product_tag":[],"class_list":{"0":"post-742543","1":"product","2":"type-product","3":"status-publish","4":"has-post-thumbnail","6":"product_brand-master-hr","7":"product_cat-master-koloture-za-jedrilice","9":"first","10":"instock","11":"shipping-taxable","12":"purchasable","13":"product-type-simple"},"_links":{"self":[{"href":"https:\/\/stoic-curie.212-227-153-4.plesk.page\/hr\/wp-json\/wp\/v2\/product\/742543","targetHints":{"allow":["GET"]}}],"collection":[{"href":"https:\/\/stoic-curie.212-227-153-4.plesk.page\/hr\/wp-json\/wp\/v2\/product"}],"about":[{"href":"https:\/\/stoic-curie.212-227-153-4.plesk.page\/hr\/wp-json\/wp\/v2\/types\/product"}],"replies":[{"embeddable":true,"href":"https:\/\/stoic-curie.212-227-153-4.plesk.page\/hr\/wp-json\/wp\/v2\/comments?post=742543"}],"version-history":[{"count":0,"href":"https:\/\/stoic-curie.212-227-153-4.plesk.page\/hr\/wp-json\/wp\/v2\/product\/742543\/revisions"}],"wp:featuredmedia":[{"embeddable":true,"href":"https:\/\/stoic-curie.212-227-153-4.plesk.page\/hr\/wp-json\/wp\/v2\/media\/5943875"}],"wp:attachment":[{"href":"https:\/\/stoic-curie.212-227-153-4.plesk.page\/hr\/wp-json\/wp\/v2\/media?parent=742543"}],"wp:term":[{"taxonomy":"product_brand","embeddable":true,"href":"https:\/\/stoic-curie.212-227-153-4.plesk.page\/hr\/wp-json\/wp\/v2\/product_brand?post=742543"},{"taxonomy":"product_cat","embeddable":true,"href":"https:\/\/stoic-curie.212-227-153-4.plesk.page\/hr\/wp-json\/wp\/v2\/product_cat?post=742543"},{"taxonomy":"product_tag","embeddable":true,"href":"https:\/\/stoic-curie.212-227-153-4.plesk.page\/hr\/wp-json\/wp\/v2\/product_tag?post=742543"}],"curies":[{"name":"wp","href":"https:\/\/api.w.org\/{rel}","templated":true}]}}