{"id":742544,"date":"2025-03-03T18:22:21","date_gmt":"2025-03-03T17:22:21","guid":{"rendered":"https:\/\/stoic-curie.212-227-153-4.plesk.page\/producto\/koloturnik-master-hercules-s-jednostruki-s-okretnom-glavom-75-mm-do-19-mm-konop\/"},"modified":"2026-02-25T00:01:00","modified_gmt":"2026-02-25T00:01:00","slug":"koloturnik-master-hercules-s-jednostruki-s-okretnom-glavom-75-mm-do-19-mm-konop","status":"publish","type":"product","link":"https:\/\/stoic-curie.212-227-153-4.plesk.page\/hr\/product\/koloturnik-master-hercules-s-jednostruki-s-okretnom-glavom-75-mm-do-19-mm-konop\/","title":{"rendered":"Koloturnik Master Hercules s jednostruki s okretnom glavom 75 mm do 19 mm konop"},"content":{"rendered":"<p>Koloturnik Master Hercules s jednostruki s okretnom glavom 75 mm do 19 mm konop &#8211; <\/p>\n<p>Hercules blokovi su posebno napravljeni za jahte za krstarenje kako bi se nosili s izuzetno visokim optere\u0107enjima. Jednodijelna strojno izra\u0111ena bo\u010dna plo\u010da osigurava savr\u0161enu ravnote\u017eu izme\u0111u te\u017eine i snage. Man\u017eetna i bo\u010dna le\u017eajevi omogu\u0107uju glatku rotaciju pri izuzetno visokim optere\u0107enjima. Svi materijali su otporni na UV zra\u010denje i koroziju za maksimalnu za\u0161titu i dugotrajnu izdr\u017eljivost. Hercules jednostruki i fiddle blokovi idealni su za sustave vang i glavne u\u017ee. Modeli s nogama s blokadama mogu se koristiti na palubi za vo\u0111enje u\u017eadi i osiguranje \u0161otova. Kugli\u010dni le\u017eaj: 316 nehr\u0111aju\u0107i \u010deli\u010dni le\u017eaj i dvije staze Derlin\u00ae. Promjer kota\u010da 57 mm: samolubrikantni acetalni kompozit. Bo\u010dne stranice: Crni anodizirani aluminij. Rotiraju\u0107i veznik: Forgirani nehr\u0111aju\u0107i \u010delik razreda 316. WL: Radno optere\u0107enje. BL: Breaking Load.<\/p>\n","protected":false},"excerpt":{"rendered":"<p>Koloturnik Master Hercules s jednostruki s okretnom glavom 75 mm do 19 mm konop &#8211; Hercules blokovi su posebno napravljeni<\/p>\n","protected":false},"featured_media":5943881,"comment_status":"open","ping_status":"closed","template":"","meta":[],"product_brand":[3131],"product_cat":[1770],"product_tag":[],"class_list":{"0":"post-742544","1":"product","2":"type-product","3":"status-publish","4":"has-post-thumbnail","6":"product_brand-master-hr","7":"product_cat-master-koloture-za-jedrilice","9":"first","10":"instock","11":"shipping-taxable","12":"purchasable","13":"product-type-simple"},"_links":{"self":[{"href":"https:\/\/stoic-curie.212-227-153-4.plesk.page\/hr\/wp-json\/wp\/v2\/product\/742544","targetHints":{"allow":["GET"]}}],"collection":[{"href":"https:\/\/stoic-curie.212-227-153-4.plesk.page\/hr\/wp-json\/wp\/v2\/product"}],"about":[{"href":"https:\/\/stoic-curie.212-227-153-4.plesk.page\/hr\/wp-json\/wp\/v2\/types\/product"}],"replies":[{"embeddable":true,"href":"https:\/\/stoic-curie.212-227-153-4.plesk.page\/hr\/wp-json\/wp\/v2\/comments?post=742544"}],"version-history":[{"count":0,"href":"https:\/\/stoic-curie.212-227-153-4.plesk.page\/hr\/wp-json\/wp\/v2\/product\/742544\/revisions"}],"wp:featuredmedia":[{"embeddable":true,"href":"https:\/\/stoic-curie.212-227-153-4.plesk.page\/hr\/wp-json\/wp\/v2\/media\/5943881"}],"wp:attachment":[{"href":"https:\/\/stoic-curie.212-227-153-4.plesk.page\/hr\/wp-json\/wp\/v2\/media?parent=742544"}],"wp:term":[{"taxonomy":"product_brand","embeddable":true,"href":"https:\/\/stoic-curie.212-227-153-4.plesk.page\/hr\/wp-json\/wp\/v2\/product_brand?post=742544"},{"taxonomy":"product_cat","embeddable":true,"href":"https:\/\/stoic-curie.212-227-153-4.plesk.page\/hr\/wp-json\/wp\/v2\/product_cat?post=742544"},{"taxonomy":"product_tag","embeddable":true,"href":"https:\/\/stoic-curie.212-227-153-4.plesk.page\/hr\/wp-json\/wp\/v2\/product_tag?post=742544"}],"curies":[{"name":"wp","href":"https:\/\/api.w.org\/{rel}","templated":true}]}}