{"id":742545,"date":"2025-03-03T18:22:21","date_gmt":"2025-03-03T17:22:21","guid":{"rendered":"https:\/\/stoic-curie.212-227-153-4.plesk.page\/producto\/koloturnik-master-hercules-jednostruki-57-mm-konop-do-16-mm\/"},"modified":"2026-02-25T00:01:00","modified_gmt":"2026-02-25T00:01:00","slug":"koloturnik-master-hercules-jednostruki-57-mm-konop-do-16-mm","status":"publish","type":"product","link":"https:\/\/stoic-curie.212-227-153-4.plesk.page\/hr\/product\/koloturnik-master-hercules-jednostruki-57-mm-konop-do-16-mm\/","title":{"rendered":"Koloturnik Master Hercules jednostruki 57 mm, konop do 16 mm"},"content":{"rendered":"<p>Koloturnik Master Hercules jednostruki 57 mm, konop do 16 mm &#8211; <\/p>\n<p>Hercules blokovi su posebno izra\u0111eni za krsta\u0161ke brodove kako bi podnosili izuzetno visoke optere\u0107enja. Jednodijelna strojno izra\u0111ena bo\u010dna plo\u010da osigurava savr\u0161enu ravnote\u017eu izme\u0111u te\u017eine i \u010dvrsto\u0107e. Rupe i bo\u010dni le\u017eajevi omogu\u0107avaju glatku rotaciju za izuzetno visoke terete. Svi materijali su otporni na UV zrake i koroziju za maksimum za\u0161tite i dugotrajnu izdr\u017eljivost. Hercules jednostruki i fiddle blokovi su idealni za vang i glavnu u\u017ee sustave. Modeli s nogama s u\u010dvr\u0161\u0107enjima mogu se koristiti na palubi za vo\u0111enje u\u017eadi i osiguranje jedara. Kuglasti le\u017eaj: 316 Nehr\u0111aju\u0107i \u010delik le\u017eaj i dva vode\u0107a Derlin\u00c2\u00ae kuglasti le\u017eajevi. Promjer kota\u010da 57 mm: samo podmazani acetal kompozit. Pereira: Crni anodizirani aluminij. Rotiraju\u0107i okov: Forgirani nehr\u0111aju\u0107i \u010delik razreda 316. WL: Radno optere\u0107enje. BL: Prijelomno optere\u0107enje.<\/p>\n","protected":false},"excerpt":{"rendered":"<p>Koloturnik Master Hercules jednostruki 57 mm, konop do 16 mm &#8211; Hercules blokovi su posebno izra\u0111eni za krsta\u0161ke brodove kako<\/p>\n","protected":false},"featured_media":5943882,"comment_status":"open","ping_status":"closed","template":"","meta":[],"product_brand":[3131],"product_cat":[1770],"product_tag":[],"class_list":{"0":"post-742545","1":"product","2":"type-product","3":"status-publish","4":"has-post-thumbnail","6":"product_brand-master-hr","7":"product_cat-master-koloture-za-jedrilice","9":"first","10":"instock","11":"shipping-taxable","12":"purchasable","13":"product-type-simple"},"_links":{"self":[{"href":"https:\/\/stoic-curie.212-227-153-4.plesk.page\/hr\/wp-json\/wp\/v2\/product\/742545","targetHints":{"allow":["GET"]}}],"collection":[{"href":"https:\/\/stoic-curie.212-227-153-4.plesk.page\/hr\/wp-json\/wp\/v2\/product"}],"about":[{"href":"https:\/\/stoic-curie.212-227-153-4.plesk.page\/hr\/wp-json\/wp\/v2\/types\/product"}],"replies":[{"embeddable":true,"href":"https:\/\/stoic-curie.212-227-153-4.plesk.page\/hr\/wp-json\/wp\/v2\/comments?post=742545"}],"version-history":[{"count":0,"href":"https:\/\/stoic-curie.212-227-153-4.plesk.page\/hr\/wp-json\/wp\/v2\/product\/742545\/revisions"}],"wp:featuredmedia":[{"embeddable":true,"href":"https:\/\/stoic-curie.212-227-153-4.plesk.page\/hr\/wp-json\/wp\/v2\/media\/5943882"}],"wp:attachment":[{"href":"https:\/\/stoic-curie.212-227-153-4.plesk.page\/hr\/wp-json\/wp\/v2\/media?parent=742545"}],"wp:term":[{"taxonomy":"product_brand","embeddable":true,"href":"https:\/\/stoic-curie.212-227-153-4.plesk.page\/hr\/wp-json\/wp\/v2\/product_brand?post=742545"},{"taxonomy":"product_cat","embeddable":true,"href":"https:\/\/stoic-curie.212-227-153-4.plesk.page\/hr\/wp-json\/wp\/v2\/product_cat?post=742545"},{"taxonomy":"product_tag","embeddable":true,"href":"https:\/\/stoic-curie.212-227-153-4.plesk.page\/hr\/wp-json\/wp\/v2\/product_tag?post=742545"}],"curies":[{"name":"wp","href":"https:\/\/api.w.org\/{rel}","templated":true}]}}