{"id":742546,"date":"2025-03-03T18:22:21","date_gmt":"2025-03-03T17:22:21","guid":{"rendered":"https:\/\/stoic-curie.212-227-153-4.plesk.page\/producto\/koloturnik-master-hercules-jednostruki-sa-nosacem-57mm-za-16mm-konop\/"},"modified":"2026-02-25T00:01:00","modified_gmt":"2026-02-25T00:01:00","slug":"koloturnik-master-hercules-jednostruki-sa-nosacem-57mm-za-16mm-konop","status":"publish","type":"product","link":"https:\/\/stoic-curie.212-227-153-4.plesk.page\/hr\/product\/koloturnik-master-hercules-jednostruki-sa-nosacem-57mm-za-16mm-konop\/","title":{"rendered":"Koloturnik Master Hercules jednostruki sa nosa\u010dem, 57mm za 16mm konop"},"content":{"rendered":"<p>Koloturnik Master Hercules jednostruki sa nosa\u010dem, 57mm za 16mm konop &#8211; <\/p>\n<p>Hercules blokovi posebno su izra\u0111eni za jedrilice kako bi podnijeli iznimno visoke terete. Jednodijelna bo\u010dna plo\u010da strojno obra\u0111ena omogu\u0107uje savr\u0161enu ravnote\u017eu izme\u0111u te\u017eine i \u010dvrsto\u0107e. Le\u017eajevi i bo\u010dna kugli\u010dna le\u017eajeva pru\u017eaju glatku rotaciju za ekstremne visoke terete. Svi materijali su UV-otporn i otporni na koroziju za maksimalnu za\u0161titu i trajnu izdr\u017eljivost. Hercules jednostruki i fiddle blokovi idealni su za vang i glavnu \u0161potu. Modeli s nogama i blokadama mogu se koristiti na palubi za vo\u0111enje konopa i osiguravanje \u0161pota. Kugli\u010dni le\u017eaj: 316 nehr\u0111aju\u0107i \u010delik le\u017eaj i dva puta Derlin\u00c2\u00ae kugli\u010dni le\u017eaj. Promjer koluta 57 mm: samolubrikantni acetalni kompozit. \u010celjusti: Crni anoksidizirani aluminij. Okretni karabin: Forged Grade 316 nehr\u0111aju\u0107i \u010delik. WL: Radno optere\u0107enje. BL: Raskidno optere\u0107enje.<\/p>\n","protected":false},"excerpt":{"rendered":"<p>Koloturnik Master Hercules jednostruki sa nosa\u010dem, 57mm za 16mm konop &#8211; Hercules blokovi posebno su izra\u0111eni za jedrilice kako bi<\/p>\n","protected":false},"featured_media":5943883,"comment_status":"open","ping_status":"closed","template":"","meta":[],"product_brand":[3131],"product_cat":[1770],"product_tag":[],"class_list":{"0":"post-742546","1":"product","2":"type-product","3":"status-publish","4":"has-post-thumbnail","6":"product_brand-master-hr","7":"product_cat-master-koloture-za-jedrilice","9":"first","10":"instock","11":"shipping-taxable","12":"purchasable","13":"product-type-simple"},"_links":{"self":[{"href":"https:\/\/stoic-curie.212-227-153-4.plesk.page\/hr\/wp-json\/wp\/v2\/product\/742546","targetHints":{"allow":["GET"]}}],"collection":[{"href":"https:\/\/stoic-curie.212-227-153-4.plesk.page\/hr\/wp-json\/wp\/v2\/product"}],"about":[{"href":"https:\/\/stoic-curie.212-227-153-4.plesk.page\/hr\/wp-json\/wp\/v2\/types\/product"}],"replies":[{"embeddable":true,"href":"https:\/\/stoic-curie.212-227-153-4.plesk.page\/hr\/wp-json\/wp\/v2\/comments?post=742546"}],"version-history":[{"count":0,"href":"https:\/\/stoic-curie.212-227-153-4.plesk.page\/hr\/wp-json\/wp\/v2\/product\/742546\/revisions"}],"wp:featuredmedia":[{"embeddable":true,"href":"https:\/\/stoic-curie.212-227-153-4.plesk.page\/hr\/wp-json\/wp\/v2\/media\/5943883"}],"wp:attachment":[{"href":"https:\/\/stoic-curie.212-227-153-4.plesk.page\/hr\/wp-json\/wp\/v2\/media?parent=742546"}],"wp:term":[{"taxonomy":"product_brand","embeddable":true,"href":"https:\/\/stoic-curie.212-227-153-4.plesk.page\/hr\/wp-json\/wp\/v2\/product_brand?post=742546"},{"taxonomy":"product_cat","embeddable":true,"href":"https:\/\/stoic-curie.212-227-153-4.plesk.page\/hr\/wp-json\/wp\/v2\/product_cat?post=742546"},{"taxonomy":"product_tag","embeddable":true,"href":"https:\/\/stoic-curie.212-227-153-4.plesk.page\/hr\/wp-json\/wp\/v2\/product_tag?post=742546"}],"curies":[{"name":"wp","href":"https:\/\/api.w.org\/{rel}","templated":true}]}}