{"id":742547,"date":"2025-03-03T18:22:22","date_gmt":"2025-03-03T17:22:22","guid":{"rendered":"https:\/\/stoic-curie.212-227-153-4.plesk.page\/producto\/koloturnik-master-hercules-sa-zglobom-57-mm-za-konope-do-16-mm\/"},"modified":"2026-02-25T00:01:00","modified_gmt":"2026-02-25T00:01:00","slug":"koloturnik-master-hercules-sa-zglobom-57-mm-za-konope-do-16-mm","status":"publish","type":"product","link":"https:\/\/stoic-curie.212-227-153-4.plesk.page\/hr\/product\/koloturnik-master-hercules-sa-zglobom-57-mm-za-konope-do-16-mm\/","title":{"rendered":"Koloturnik Master Hercules sa zglobom 57 mm za konope do 16 mm"},"content":{"rendered":"<p>Koloturnik Master Hercules sa zglobom 57 mm za konope do 16 mm &#8211; <\/p>\n<p>Hercules blokovi su posebno dizajnirani za brodove za krstarenje za rukovanje izuzetno visokim optere\u0107enjima. Jednopolo\u017eajna strojno izra\u0111ena strana osigurava savr\u0161enu ravnote\u017eu izme\u0111u te\u017eine i \u010dvrsto\u0107e. \u010cep i bo\u010dna kugli\u010dna le\u017eaja omogu\u0107uju glatku rotaciju pod ekstremnim optere\u0107enjima. Svi materijali su UV otporni i otporni na koroziju za maksimalnu za\u0161titu i dugotrajnu izdr\u017eljivost. Hercules pojedina\u010dni i fiddle blokovi su idealni za vang i glavni sustav. Modeli s stopalom s blokadama mogu se koristiti na palubi za vo\u0111enje konopa i osiguranje jedara. Kugli\u010dni le\u017eaj: \u010deli\u010dno le\u017eajevo od 316 i dvije vodilice Derlin\u00ae. Promjer kota\u010di\u0107a 57 mm: samolubrikantan acetalni spoj. Kamen\u010di\u0107i: Crno anodizirani aluminij. Rotacijski splet: kovanog \u010delika razreda 316. WL: Radno optere\u0107enje. BL: Otpornoplo\u010da.<\/p>\n","protected":false},"excerpt":{"rendered":"<p>Koloturnik Master Hercules sa zglobom 57 mm za konope do 16 mm &#8211; Hercules blokovi su posebno dizajnirani za brodove<\/p>\n","protected":false},"featured_media":5943884,"comment_status":"open","ping_status":"closed","template":"","meta":[],"product_brand":[3131],"product_cat":[1770],"product_tag":[],"class_list":{"0":"post-742547","1":"product","2":"type-product","3":"status-publish","4":"has-post-thumbnail","6":"product_brand-master-hr","7":"product_cat-master-koloture-za-jedrilice","9":"first","10":"instock","11":"shipping-taxable","12":"purchasable","13":"product-type-simple"},"_links":{"self":[{"href":"https:\/\/stoic-curie.212-227-153-4.plesk.page\/hr\/wp-json\/wp\/v2\/product\/742547","targetHints":{"allow":["GET"]}}],"collection":[{"href":"https:\/\/stoic-curie.212-227-153-4.plesk.page\/hr\/wp-json\/wp\/v2\/product"}],"about":[{"href":"https:\/\/stoic-curie.212-227-153-4.plesk.page\/hr\/wp-json\/wp\/v2\/types\/product"}],"replies":[{"embeddable":true,"href":"https:\/\/stoic-curie.212-227-153-4.plesk.page\/hr\/wp-json\/wp\/v2\/comments?post=742547"}],"version-history":[{"count":0,"href":"https:\/\/stoic-curie.212-227-153-4.plesk.page\/hr\/wp-json\/wp\/v2\/product\/742547\/revisions"}],"wp:featuredmedia":[{"embeddable":true,"href":"https:\/\/stoic-curie.212-227-153-4.plesk.page\/hr\/wp-json\/wp\/v2\/media\/5943884"}],"wp:attachment":[{"href":"https:\/\/stoic-curie.212-227-153-4.plesk.page\/hr\/wp-json\/wp\/v2\/media?parent=742547"}],"wp:term":[{"taxonomy":"product_brand","embeddable":true,"href":"https:\/\/stoic-curie.212-227-153-4.plesk.page\/hr\/wp-json\/wp\/v2\/product_brand?post=742547"},{"taxonomy":"product_cat","embeddable":true,"href":"https:\/\/stoic-curie.212-227-153-4.plesk.page\/hr\/wp-json\/wp\/v2\/product_cat?post=742547"},{"taxonomy":"product_tag","embeddable":true,"href":"https:\/\/stoic-curie.212-227-153-4.plesk.page\/hr\/wp-json\/wp\/v2\/product_tag?post=742547"}],"curies":[{"name":"wp","href":"https:\/\/api.w.org\/{rel}","templated":true}]}}