{"id":742556,"date":"2025-03-03T18:22:24","date_gmt":"2025-03-03T17:22:24","guid":{"rendered":"https:\/\/stoic-curie.212-227-153-4.plesk.page\/producto\/stopper-master-xtc-jednostruki-8-14-mm\/"},"modified":"2026-02-25T00:01:01","modified_gmt":"2026-02-25T00:01:01","slug":"stopper-master-xtc-jednostruki-8-14-mm","status":"publish","type":"product","link":"https:\/\/stoic-curie.212-227-153-4.plesk.page\/hr\/product\/stopper-master-xtc-jednostruki-8-14-mm\/","title":{"rendered":"Stopper Master XTC jednostruki 8-14 mm"},"content":{"rendered":"<p>Stopper Master XTC jednostruki 8-14 mm &#8211; <\/p>\n<p>Master XTC zaustavlja\u010d dizajniran je za lako kori\u0161tenje i brzo isklju\u010divanje u\u017eeta \u010dak i pod stati\u010dkim visokim optere\u0107enjima. Tijelo je od plastike oja\u010dane vlaknima s UV stabilizatorom za maksimalnu za\u0161titu. Visokokvalitetni materijali za dugotrajnost.<br \/>Dr\u0161ka: Anodizirani aluminij<br \/>Unutarnji mehanizam: Nehr\u0111aju\u0107i \u010delik 316<br \/>Baza: Anodizirani aluminij<\/p>\n","protected":false},"excerpt":{"rendered":"<p>Stopper Master XTC jednostruki 8-14 mm &#8211; Master XTC zaustavlja\u010d dizajniran je za lako kori\u0161tenje i brzo isklju\u010divanje u\u017eeta \u010dak<\/p>\n","protected":false},"featured_media":5943888,"comment_status":"open","ping_status":"closed","template":"","meta":[],"product_brand":[3131],"product_cat":[1772],"product_tag":[],"class_list":{"0":"post-742556","1":"product","2":"type-product","3":"status-publish","4":"has-post-thumbnail","6":"product_brand-master-hr","7":"product_cat-stoperi-i-kljune-za-jedrilice","9":"first","10":"instock","11":"shipping-taxable","12":"purchasable","13":"product-type-simple"},"_links":{"self":[{"href":"https:\/\/stoic-curie.212-227-153-4.plesk.page\/hr\/wp-json\/wp\/v2\/product\/742556","targetHints":{"allow":["GET"]}}],"collection":[{"href":"https:\/\/stoic-curie.212-227-153-4.plesk.page\/hr\/wp-json\/wp\/v2\/product"}],"about":[{"href":"https:\/\/stoic-curie.212-227-153-4.plesk.page\/hr\/wp-json\/wp\/v2\/types\/product"}],"replies":[{"embeddable":true,"href":"https:\/\/stoic-curie.212-227-153-4.plesk.page\/hr\/wp-json\/wp\/v2\/comments?post=742556"}],"version-history":[{"count":0,"href":"https:\/\/stoic-curie.212-227-153-4.plesk.page\/hr\/wp-json\/wp\/v2\/product\/742556\/revisions"}],"wp:featuredmedia":[{"embeddable":true,"href":"https:\/\/stoic-curie.212-227-153-4.plesk.page\/hr\/wp-json\/wp\/v2\/media\/5943888"}],"wp:attachment":[{"href":"https:\/\/stoic-curie.212-227-153-4.plesk.page\/hr\/wp-json\/wp\/v2\/media?parent=742556"}],"wp:term":[{"taxonomy":"product_brand","embeddable":true,"href":"https:\/\/stoic-curie.212-227-153-4.plesk.page\/hr\/wp-json\/wp\/v2\/product_brand?post=742556"},{"taxonomy":"product_cat","embeddable":true,"href":"https:\/\/stoic-curie.212-227-153-4.plesk.page\/hr\/wp-json\/wp\/v2\/product_cat?post=742556"},{"taxonomy":"product_tag","embeddable":true,"href":"https:\/\/stoic-curie.212-227-153-4.plesk.page\/hr\/wp-json\/wp\/v2\/product_tag?post=742556"}],"curies":[{"name":"wp","href":"https:\/\/api.w.org\/{rel}","templated":true}]}}