{"id":742559,"date":"2025-03-03T18:22:25","date_gmt":"2025-03-03T17:22:25","guid":{"rendered":"https:\/\/stoic-curie.212-227-153-4.plesk.page\/producto\/master-stoper-32mm-za-konop-6-16mm\/"},"modified":"2026-02-25T00:01:01","modified_gmt":"2026-02-25T00:01:01","slug":"master-stoper-32mm-za-konop-6-16mm","status":"publish","type":"product","link":"https:\/\/stoic-curie.212-227-153-4.plesk.page\/hr\/product\/master-stoper-32mm-za-konop-6-16mm\/","title":{"rendered":"Master \u0161toper 32mm za konop 6-16mm"},"content":{"rendered":"<p>Master \u0161toper 32mm za konop 6-16mm &#8211; <\/p>\n<p>Crni anodizirani aluminijski glavne kuke otporne na UV zrake i koroziju. Cams s konstantnom napetom opruge i Delrin visoko kliznim le\u017eajevima. Napomena: maksimalno optere\u0107enje je dvostruko ve\u0107e od radnog optere\u0107enja.<\/p>\n","protected":false},"excerpt":{"rendered":"<p>Master \u0161toper 32mm za konop 6-16mm &#8211; Crni anodizirani aluminijski glavne kuke otporne na UV zrake i koroziju. Cams s<\/p>\n","protected":false},"featured_media":5943889,"comment_status":"open","ping_status":"closed","template":"","meta":[],"product_brand":[3131],"product_cat":[1772],"product_tag":[],"class_list":{"0":"post-742559","1":"product","2":"type-product","3":"status-publish","4":"has-post-thumbnail","6":"product_brand-master-hr","7":"product_cat-stoperi-i-kljune-za-jedrilice","9":"first","10":"instock","11":"shipping-taxable","12":"purchasable","13":"product-type-simple"},"_links":{"self":[{"href":"https:\/\/stoic-curie.212-227-153-4.plesk.page\/hr\/wp-json\/wp\/v2\/product\/742559","targetHints":{"allow":["GET"]}}],"collection":[{"href":"https:\/\/stoic-curie.212-227-153-4.plesk.page\/hr\/wp-json\/wp\/v2\/product"}],"about":[{"href":"https:\/\/stoic-curie.212-227-153-4.plesk.page\/hr\/wp-json\/wp\/v2\/types\/product"}],"replies":[{"embeddable":true,"href":"https:\/\/stoic-curie.212-227-153-4.plesk.page\/hr\/wp-json\/wp\/v2\/comments?post=742559"}],"version-history":[{"count":0,"href":"https:\/\/stoic-curie.212-227-153-4.plesk.page\/hr\/wp-json\/wp\/v2\/product\/742559\/revisions"}],"wp:featuredmedia":[{"embeddable":true,"href":"https:\/\/stoic-curie.212-227-153-4.plesk.page\/hr\/wp-json\/wp\/v2\/media\/5943889"}],"wp:attachment":[{"href":"https:\/\/stoic-curie.212-227-153-4.plesk.page\/hr\/wp-json\/wp\/v2\/media?parent=742559"}],"wp:term":[{"taxonomy":"product_brand","embeddable":true,"href":"https:\/\/stoic-curie.212-227-153-4.plesk.page\/hr\/wp-json\/wp\/v2\/product_brand?post=742559"},{"taxonomy":"product_cat","embeddable":true,"href":"https:\/\/stoic-curie.212-227-153-4.plesk.page\/hr\/wp-json\/wp\/v2\/product_cat?post=742559"},{"taxonomy":"product_tag","embeddable":true,"href":"https:\/\/stoic-curie.212-227-153-4.plesk.page\/hr\/wp-json\/wp\/v2\/product_tag?post=742559"}],"curies":[{"name":"wp","href":"https:\/\/api.w.org\/{rel}","templated":true}]}}