{"id":742560,"date":"2025-03-03T18:22:25","date_gmt":"2025-03-03T17:22:25","guid":{"rendered":"https:\/\/stoic-curie.212-227-153-4.plesk.page\/producto\/vitifrigo-hladnjak-dw35rfx-35lt-12-24v\/"},"modified":"2026-02-25T00:01:01","modified_gmt":"2026-02-25T00:01:01","slug":"vitifrigo-hladnjak-dw35rfx-35lt-12-24v","status":"publish","type":"product","link":"https:\/\/stoic-curie.212-227-153-4.plesk.page\/hr\/product\/vitifrigo-hladnjak-dw35rfx-35lt-12-24v\/","title":{"rendered":"Vitifrigo hladnjak DW35"},"content":{"rendered":"<p>Vitifrigo hladnjak DW35 &#8211; <\/p>\n<p>Vitrifrigo Drawer hladnjak, DW35 OCX2 RFX, nudi izvanredne performanse hla\u0111enja. Vanjska ku\u0107i\u0161te od nehr\u0111aju\u0107eg \u010delika ima 12\/24V Danfoss rashladnu jedinicu koja se mo\u017ee postaviti do 2 metra (0,5 metara za DW35). Hladnjak ima ladicu s ventilacijskom pozicijom za razdoblja neuporabe. Opremljen LED svjetlom, mehani\u010dkim termostatom (osim DW35 koji ima digitalni termostat) i kliznim profilom, mo\u017ee se standardno instalirati ili ugraditi s ravnim vratima.<\/p>\n<p>DW35 OCX2 RFX ima ukupni kapacitet od 35 litara, \u0161to pru\u017ea dovoljno prostora za vo\u0107e, povr\u0107e, mlije\u010dne proizvode, pi\u0107a i jo\u0161 mnogo toga, dok ih odr\u017eava svje\u017eim du\u017ee vrijeme.<\/p>\n<p>Izra\u0111en od nehr\u0111aju\u0107eg \u010delika, DW35 OCX2 RFX osigurava visoku izdr\u017eljivost i dugotrajne performanse.<\/p>\n<p>Svojim \u010distim i minimalisti\u010dkim dizajnom diskretno se uklapa u kuhinje i smo\u010dnice bilo kojeg stila. Osim toga, materijal od nehr\u0111aju\u0107eg \u010delika olak\u0161ava \u010di\u0161\u0107enje i dezinfekciju.<\/p>\n","protected":false},"excerpt":{"rendered":"<p>Vitifrigo hladnjak DW35 &#8211; Vitrifrigo Drawer hladnjak, DW35 OCX2 RFX, nudi izvanredne performanse hla\u0111enja. Vanjska ku\u0107i\u0161te od nehr\u0111aju\u0107eg \u010delika ima<\/p>\n","protected":false},"featured_media":5943892,"comment_status":"open","ping_status":"closed","template":"","meta":[],"product_brand":[3526],"product_cat":[1751],"product_tag":[],"class_list":{"0":"post-742560","1":"product","2":"type-product","3":"status-publish","4":"has-post-thumbnail","6":"product_brand-vitrifrigo-hr","7":"product_cat-hladnjaci-i-zamrzivaci","9":"first","10":"instock","11":"shipping-taxable","12":"purchasable","13":"product-type-simple"},"_links":{"self":[{"href":"https:\/\/stoic-curie.212-227-153-4.plesk.page\/hr\/wp-json\/wp\/v2\/product\/742560","targetHints":{"allow":["GET"]}}],"collection":[{"href":"https:\/\/stoic-curie.212-227-153-4.plesk.page\/hr\/wp-json\/wp\/v2\/product"}],"about":[{"href":"https:\/\/stoic-curie.212-227-153-4.plesk.page\/hr\/wp-json\/wp\/v2\/types\/product"}],"replies":[{"embeddable":true,"href":"https:\/\/stoic-curie.212-227-153-4.plesk.page\/hr\/wp-json\/wp\/v2\/comments?post=742560"}],"version-history":[{"count":0,"href":"https:\/\/stoic-curie.212-227-153-4.plesk.page\/hr\/wp-json\/wp\/v2\/product\/742560\/revisions"}],"wp:featuredmedia":[{"embeddable":true,"href":"https:\/\/stoic-curie.212-227-153-4.plesk.page\/hr\/wp-json\/wp\/v2\/media\/5943892"}],"wp:attachment":[{"href":"https:\/\/stoic-curie.212-227-153-4.plesk.page\/hr\/wp-json\/wp\/v2\/media?parent=742560"}],"wp:term":[{"taxonomy":"product_brand","embeddable":true,"href":"https:\/\/stoic-curie.212-227-153-4.plesk.page\/hr\/wp-json\/wp\/v2\/product_brand?post=742560"},{"taxonomy":"product_cat","embeddable":true,"href":"https:\/\/stoic-curie.212-227-153-4.plesk.page\/hr\/wp-json\/wp\/v2\/product_cat?post=742560"},{"taxonomy":"product_tag","embeddable":true,"href":"https:\/\/stoic-curie.212-227-153-4.plesk.page\/hr\/wp-json\/wp\/v2\/product_tag?post=742560"}],"curies":[{"name":"wp","href":"https:\/\/api.w.org\/{rel}","templated":true}]}}